{"id":4021,"date":"2025-10-09T00:00:00","date_gmt":"2025-10-08T22:00:00","guid":{"rendered":"https:\/\/yotavis.ch\/product\/wavemaster-8160hd\/"},"modified":"2026-04-24T13:32:37","modified_gmt":"2026-04-24T11:32:37","slug":"wavemaster-8160hd","status":"publish","type":"product","link":"https:\/\/yotavis.ch\/de\/produkt\/wavemaster-8160hd\/","title":{"rendered":"WAVEMASTER 8160HD"},"content":{"rendered":"<p>Das WAVEMASTER 8160HD von Teledyne Lecroy ist ein hochaufl\u00f6sendes Oszilloskop mit einer Bandbreite von 16 GHz und einer vertikalen Aufl\u00f6sung von 12 Bit. Es unterst\u00fctzt eine Abtastrate von 80 GS\/s pro Kanal und bietet eine Speichertiefe von 200 Mpts pro Kanal, was eine detaillierte Signalanalyse erm\u00f6glicht. Dieses Modell umfasst vier Kan\u00e4le und digitale Kan\u00e4le und bietet vielseitige Messm\u00f6glichkeiten. Das Ger\u00e4t ist mit einer Touchscreen-Schnittstelle f\u00fcr die Benutzerinteraktion ausgestattet. Die Abtastrate pro Kanal betr\u00e4gt 80.000 MS\/s, und die Speichertiefe betr\u00e4gt 8.000 Mpts. Durch die Kombination aus hoher Bandbreite, hoher Abtastrate und gro\u00dfer Speichertiefe eignet sich das Ger\u00e4t f\u00fcr die Erfassung und Analyse komplexer Signale in verschiedenen Anwendungen.<\/p>","protected":false},"excerpt":{"rendered":"<p>16 GHz, 12 Bit, 80 GS\/s, 200 Mpts\/Ch HD Oszilloskop<\/p>","protected":false},"featured_media":7280,"comment_status":"closed","ping_status":"closed","template":"","meta":{"_acf_changed":false,"slim_seo":{"title":"WAVEMASTER 8160HD - YOTAVIS AG","description":"16 GHz, 12 Bit, 80 GS\/s, 200 Mpts\/Ch HD Oszilloskop"}},"product_brand":[542],"product_cat":[508,507],"product_tag":[],"class_list":{"0":"post-4021","1":"product","2":"type-product","3":"status-publish","4":"has-post-thumbnail","6":"product_brand-lecroy","7":"product_cat-desktop-en","8":"product_cat-oscilloscope","9":"pa_bandwidth-mhz-330","10":"pa_channels-338","11":"pa_digital-channels-yes","12":"pa_imax-ac-a-1019","13":"pa_memory-depht-mpts-328","14":"pa_sampling-rate-channels-ms-s-504","15":"pa_touch-screen-yes","16":"pa_vertical-resolution-bits-348","18":"first","19":"instock","20":"taxable","21":"shipping-taxable","22":"product-type-simple"},"acf":[],"_links":{"self":[{"href":"https:\/\/yotavis.ch\/de\/wp-json\/wp\/v2\/product\/4021","targetHints":{"allow":["GET"]}}],"collection":[{"href":"https:\/\/yotavis.ch\/de\/wp-json\/wp\/v2\/product"}],"about":[{"href":"https:\/\/yotavis.ch\/de\/wp-json\/wp\/v2\/types\/product"}],"replies":[{"embeddable":true,"href":"https:\/\/yotavis.ch\/de\/wp-json\/wp\/v2\/comments?post=4021"}],"wp:featuredmedia":[{"embeddable":true,"href":"https:\/\/yotavis.ch\/de\/wp-json\/wp\/v2\/media\/7280"}],"wp:attachment":[{"href":"https:\/\/yotavis.ch\/de\/wp-json\/wp\/v2\/media?parent=4021"}],"wp:term":[{"taxonomy":"product_brand","embeddable":true,"href":"https:\/\/yotavis.ch\/de\/wp-json\/wp\/v2\/product_brand?post=4021"},{"taxonomy":"product_cat","embeddable":true,"href":"https:\/\/yotavis.ch\/de\/wp-json\/wp\/v2\/product_cat?post=4021"},{"taxonomy":"product_tag","embeddable":true,"href":"https:\/\/yotavis.ch\/de\/wp-json\/wp\/v2\/product_tag?post=4021"}],"curies":[{"name":"wp","href":"https:\/\/api.w.org\/{rel}","templated":true}]}}