{"id":4025,"date":"2025-10-09T00:00:00","date_gmt":"2025-10-08T22:00:00","guid":{"rendered":"https:\/\/yotavis.ch\/product\/wavemaster-8500hd\/"},"modified":"2026-04-24T13:32:38","modified_gmt":"2026-04-24T11:32:38","slug":"wavemaster-8500hd","status":"publish","type":"product","link":"https:\/\/yotavis.ch\/de\/produkt\/wavemaster-8500hd\/","title":{"rendered":"WAVEMASTER 8500HD"},"content":{"rendered":"<p>Das WAVEMASTER 8500HD von Teledyne Lecroy ist ein hochaufl\u00f6sendes Oszilloskop mit einer Bandbreite von 50 GHz und einer vertikalen Aufl\u00f6sung von 12 Bit. Es unterst\u00fctzt vier Kan\u00e4le und bietet eine Abtastrate von 320 GS\/s mit 400 Millionen Punkten pro Kanal. Das Ger\u00e4t verf\u00fcgt \u00fcber digitale Kan\u00e4le und eine Touchscreen-Oberfl\u00e4che f\u00fcr verbesserte Benutzerfreundlichkeit. Die Speichertiefe betr\u00e4gt 16.000 Mpts und erm\u00f6glicht eine umfangreiche Datenerfassung und -analyse. Die Abtastrate pro Kanal betr\u00e4gt 160.000 MS\/s und erm\u00f6glicht eine detaillierte Signalerfassung. Dieses Oszilloskop wurde entwickelt, um komplexe Signalmessungen mit Pr\u00e4zision und Hochgeschwindigkeitsleistung durchzuf\u00fchren.<\/p>","protected":false},"excerpt":{"rendered":"<p>50 GHz, 12 Bit, 320 GS\/s, 400 Mpts\/Ch HD Oszilloskop<\/p>","protected":false},"featured_media":7280,"comment_status":"closed","ping_status":"closed","template":"","meta":{"_acf_changed":false,"slim_seo":{"title":"WAVEMASTER 8500HD - YOTAVIS AG","description":"50 GHz, 12 Bit, 320 GS\/s, 400 Mpts\/Ch HD Oszilloskop"}},"product_brand":[542],"product_cat":[508,507],"product_tag":[],"class_list":{"0":"post-4025","1":"product","2":"type-product","3":"status-publish","4":"has-post-thumbnail","6":"product_brand-lecroy","7":"product_cat-desktop-en","8":"product_cat-oscilloscope","9":"pa_bandwidth-mhz-334","10":"pa_channels-338","11":"pa_digital-channels-yes","12":"pa_imax-ac-a-1019","13":"pa_memory-depht-mpts-335","14":"pa_sampling-rate-channels-ms-s-505","15":"pa_touch-screen-yes","16":"pa_vertical-resolution-bits-348","18":"first","19":"instock","20":"taxable","21":"shipping-taxable","22":"product-type-simple"},"acf":[],"_links":{"self":[{"href":"https:\/\/yotavis.ch\/de\/wp-json\/wp\/v2\/product\/4025","targetHints":{"allow":["GET"]}}],"collection":[{"href":"https:\/\/yotavis.ch\/de\/wp-json\/wp\/v2\/product"}],"about":[{"href":"https:\/\/yotavis.ch\/de\/wp-json\/wp\/v2\/types\/product"}],"replies":[{"embeddable":true,"href":"https:\/\/yotavis.ch\/de\/wp-json\/wp\/v2\/comments?post=4025"}],"wp:featuredmedia":[{"embeddable":true,"href":"https:\/\/yotavis.ch\/de\/wp-json\/wp\/v2\/media\/7280"}],"wp:attachment":[{"href":"https:\/\/yotavis.ch\/de\/wp-json\/wp\/v2\/media?parent=4025"}],"wp:term":[{"taxonomy":"product_brand","embeddable":true,"href":"https:\/\/yotavis.ch\/de\/wp-json\/wp\/v2\/product_brand?post=4025"},{"taxonomy":"product_cat","embeddable":true,"href":"https:\/\/yotavis.ch\/de\/wp-json\/wp\/v2\/product_cat?post=4025"},{"taxonomy":"product_tag","embeddable":true,"href":"https:\/\/yotavis.ch\/de\/wp-json\/wp\/v2\/product_tag?post=4025"}],"curies":[{"name":"wp","href":"https:\/\/api.w.org\/{rel}","templated":true}]}}