{"id":4026,"date":"2025-10-09T00:00:00","date_gmt":"2025-10-08T22:00:00","guid":{"rendered":"https:\/\/yotavis.ch\/product\/wavemaster-8590hd\/"},"modified":"2026-04-24T13:32:39","modified_gmt":"2026-04-24T11:32:39","slug":"wavemaster-8590hd","status":"publish","type":"product","link":"https:\/\/yotavis.ch\/de\/produkt\/wavemaster-8590hd\/","title":{"rendered":"WAVEMASTER 8590HD"},"content":{"rendered":"<p>Das Teledyne Lecroy WAVEMASTER 8590HD ist ein hochaufl\u00f6sendes Oszilloskop mit einer Bandbreite von 59 GHz und einer vertikalen Aufl\u00f6sung von 12 Bit. Es unterst\u00fctzt eine Abtastrate von 320 GS\/s und bietet eine Speichertiefe von 400 Mpts pro Kanal, was eine detaillierte Signalanalyse erm\u00f6glicht. Dieses Modell umfasst vier Kan\u00e4le und bietet eine Abtastrate pro Kanal von 160.000 MS\/s mit einer Speichertiefe von 16.000 Mpts. Das Oszilloskop ist mit digitalen Kan\u00e4len und einer Touchscreen-Oberfl\u00e4che ausgestattet, die die Interaktion mit dem Benutzer und die Visualisierung der Daten verbessert. Dank seiner fortschrittlichen Spezifikationen eignet es sich f\u00fcr die Erfassung und Analyse von Hochfrequenzsignalen mit Pr\u00e4zision und Klarheit.<\/p>","protected":false},"excerpt":{"rendered":"<p>59 GHz, 12 Bit, 320 GS\/s, 400 Mpts\/Ch HD Oszilloskop<\/p>","protected":false},"featured_media":7280,"comment_status":"closed","ping_status":"closed","template":"","meta":{"_acf_changed":false,"slim_seo":{"title":"WAVEMASTER 8590HD - YOTAVIS AG","description":"59 GHz, 12 Bit, 320 GS\/s, 400 Mpts\/Ch HD Oszilloskop"}},"product_brand":[542],"product_cat":[508,507],"product_tag":[],"class_list":{"0":"post-4026","1":"product","2":"type-product","3":"status-publish","4":"has-post-thumbnail","6":"product_brand-lecroy","7":"product_cat-desktop-en","8":"product_cat-oscilloscope","9":"pa_bandwidth-mhz-336","10":"pa_channels-338","11":"pa_digital-channels-yes","12":"pa_imax-ac-a-1019","13":"pa_memory-depht-mpts-335","14":"pa_sampling-rate-channels-ms-s-505","15":"pa_touch-screen-yes","16":"pa_vertical-resolution-bits-348","18":"first","19":"instock","20":"taxable","21":"shipping-taxable","22":"product-type-simple"},"acf":[],"_links":{"self":[{"href":"https:\/\/yotavis.ch\/de\/wp-json\/wp\/v2\/product\/4026","targetHints":{"allow":["GET"]}}],"collection":[{"href":"https:\/\/yotavis.ch\/de\/wp-json\/wp\/v2\/product"}],"about":[{"href":"https:\/\/yotavis.ch\/de\/wp-json\/wp\/v2\/types\/product"}],"replies":[{"embeddable":true,"href":"https:\/\/yotavis.ch\/de\/wp-json\/wp\/v2\/comments?post=4026"}],"wp:featuredmedia":[{"embeddable":true,"href":"https:\/\/yotavis.ch\/de\/wp-json\/wp\/v2\/media\/7280"}],"wp:attachment":[{"href":"https:\/\/yotavis.ch\/de\/wp-json\/wp\/v2\/media?parent=4026"}],"wp:term":[{"taxonomy":"product_brand","embeddable":true,"href":"https:\/\/yotavis.ch\/de\/wp-json\/wp\/v2\/product_brand?post=4026"},{"taxonomy":"product_cat","embeddable":true,"href":"https:\/\/yotavis.ch\/de\/wp-json\/wp\/v2\/product_cat?post=4026"},{"taxonomy":"product_tag","embeddable":true,"href":"https:\/\/yotavis.ch\/de\/wp-json\/wp\/v2\/product_tag?post=4026"}],"curies":[{"name":"wp","href":"https:\/\/api.w.org\/{rel}","templated":true}]}}