{"id":4028,"date":"2025-10-09T00:00:00","date_gmt":"2025-10-08T22:00:00","guid":{"rendered":"https:\/\/yotavis.ch\/product\/sda-8060hd\/"},"modified":"2026-04-24T13:32:39","modified_gmt":"2026-04-24T11:32:39","slug":"sda-8060hd","status":"publish","type":"product","link":"https:\/\/yotavis.ch\/de\/produkt\/sda-8060hd\/","title":{"rendered":"SDA 8060HD"},"content":{"rendered":"<p>Der Teledyne Lecroy SDA 8060HD ist ein hochaufl\u00f6sender serieller Datenanalysator, der f\u00fcr Frequenzen bis zu 6 GHz mit einer vertikalen Aufl\u00f6sung von 12 Bit ausgelegt ist. Er verf\u00fcgt \u00fcber eine Abtastrate von 80 GS\/s pro Kanal und eine Speichertiefe von 500 Mpts pro Kanal, was eine detaillierte Signalanalyse erm\u00f6glicht. Das Ger\u00e4t unterst\u00fctzt vier Kan\u00e4le und umfasst digitale Kan\u00e4le f\u00fcr eine umfassende Datenerfassung. Er bietet eine serielle Triggerfunktion mit 8 Gbit\/s, was seine F\u00e4higkeit zur Erkennung und Analyse von seriellen Hochgeschwindigkeitsdatensignalen verbessert. Der Analysator ist mit einer Bandbreite von 6000 MHz und einer Abtastrate von 80000 MS\/s ausgestattet, was eine pr\u00e4zise Messung und Analyse von Hochfrequenzsignalen gew\u00e4hrleistet. Dar\u00fcber hinaus verf\u00fcgt das Ger\u00e4t \u00fcber eine Touchscreen-Schnittstelle f\u00fcr die Benutzerinteraktion und -steuerung. Die Speichertiefe ist mit 8000 Mpts angegeben, was eine umfangreiche Datenspeicherung w\u00e4hrend der Analysesitzungen erm\u00f6glicht.<\/p>","protected":false},"excerpt":{"rendered":"<p>6 GHz, 12 Bit, 80 GS\/s, 500 Mpts\/Ch Hochaufl\u00f6sender serieller Datenanalysator, 8 Gbps serieller Trigger<\/p>","protected":false},"featured_media":7284,"comment_status":"closed","ping_status":"closed","template":"","meta":{"_acf_changed":false,"slim_seo":{"title":"SDA 8060HD - YOTAVIS AG","description":"6 GHz, 12 Bit, 80 GS\/s, 500 Mpts\/Ch Hochaufl\u00f6sender serieller Datenanalysator, 8 Gbps serieller Trigger"}},"product_brand":[542],"product_cat":[508,507],"product_tag":[],"class_list":{"0":"post-4028","1":"product","2":"type-product","3":"status-publish","4":"has-post-thumbnail","6":"product_brand-lecroy","7":"product_cat-desktop-en","8":"product_cat-oscilloscope","9":"pa_bandwidth-mhz-233","10":"pa_channels-338","11":"pa_digital-channels-yes","12":"pa_imax-ac-a-1019","13":"pa_memory-depht-mpts-328","14":"pa_sampling-rate-channels-ms-s-504","15":"pa_touch-screen-yes","16":"pa_vertical-resolution-bits-348","18":"first","19":"instock","20":"taxable","21":"shipping-taxable","22":"product-type-simple"},"acf":[],"_links":{"self":[{"href":"https:\/\/yotavis.ch\/de\/wp-json\/wp\/v2\/product\/4028","targetHints":{"allow":["GET"]}}],"collection":[{"href":"https:\/\/yotavis.ch\/de\/wp-json\/wp\/v2\/product"}],"about":[{"href":"https:\/\/yotavis.ch\/de\/wp-json\/wp\/v2\/types\/product"}],"replies":[{"embeddable":true,"href":"https:\/\/yotavis.ch\/de\/wp-json\/wp\/v2\/comments?post=4028"}],"wp:featuredmedia":[{"embeddable":true,"href":"https:\/\/yotavis.ch\/de\/wp-json\/wp\/v2\/media\/7284"}],"wp:attachment":[{"href":"https:\/\/yotavis.ch\/de\/wp-json\/wp\/v2\/media?parent=4028"}],"wp:term":[{"taxonomy":"product_brand","embeddable":true,"href":"https:\/\/yotavis.ch\/de\/wp-json\/wp\/v2\/product_brand?post=4028"},{"taxonomy":"product_cat","embeddable":true,"href":"https:\/\/yotavis.ch\/de\/wp-json\/wp\/v2\/product_cat?post=4028"},{"taxonomy":"product_tag","embeddable":true,"href":"https:\/\/yotavis.ch\/de\/wp-json\/wp\/v2\/product_tag?post=4028"}],"curies":[{"name":"wp","href":"https:\/\/api.w.org\/{rel}","templated":true}]}}