{"id":4030,"date":"2025-10-09T00:00:00","date_gmt":"2025-10-08T22:00:00","guid":{"rendered":"https:\/\/yotavis.ch\/product\/sda-8130hd\/"},"modified":"2026-04-24T13:32:42","modified_gmt":"2026-04-24T11:32:42","slug":"sda-8130hd","status":"publish","type":"product","link":"https:\/\/yotavis.ch\/de\/produkt\/sda-8130hd\/","title":{"rendered":"SDA 8130HD"},"content":{"rendered":"<p>Der Teledyne Lecroy SDA 8130HD ist ein hochaufl\u00f6sender serieller Datenanalysator, der f\u00fcr Frequenzen bis zu 13 GHz mit einer vertikalen Aufl\u00f6sung von 12 Bit ausgelegt ist. Er bietet eine Abtastrate von 80 GS\/s \u00fcber seine 4 Kan\u00e4le, was eine detaillierte Signalanalyse erm\u00f6glicht. Jeder Kanal ist mit einer Speichertiefe von 500 Mpts ausgestattet, was eine umfangreiche Datenerfassung und -\u00fcberpr\u00fcfung erm\u00f6glicht. Das Ger\u00e4t verf\u00fcgt \u00fcber digitale Kan\u00e4le und eine Touchscreen-Schnittstelle f\u00fcr die Benutzerinteraktion. Es unterst\u00fctzt einen seriellen 8-Gbit\/s-Trigger, wodurch die F\u00e4higkeit zur Erfassung von Hochgeschwindigkeitsdatenereignissen verbessert wird. Die Bandbreite des Analysators betr\u00e4gt 13.000 MHz und bietet damit einen gro\u00dfen Frequenzbereich f\u00fcr verschiedene Anwendungen. Mit einer Speichertiefe von 8000 Mpts und einer Abtastrate von 80.000 MS\/s pro Kanal eignet sich der SDA 8130HD f\u00fcr komplexe Signalanalyseaufgaben, die hohe Pr\u00e4zision und gro\u00dfe Datenspeicherkapazit\u00e4t erfordern.<\/p>","protected":false},"excerpt":{"rendered":"<p>13 GHz, 12 Bits, 80 GS\/s, 500 Mpts\/Ch High Definition Serial Data Analyzer, 8 Gbps serieller Trigger<\/p>","protected":false},"featured_media":7284,"comment_status":"closed","ping_status":"closed","template":"","meta":{"_acf_changed":false,"slim_seo":{"title":"SDA 8130HD - YOTAVIS AG","description":"13 GHz, 12 Bits, 80 GS\/s, 500 Mpts\/Ch High Definition Serial Data Analyzer, 8 Gbps serieller Trigger"}},"product_brand":[542],"product_cat":[508,507],"product_tag":[],"class_list":{"0":"post-4030","1":"product","2":"type-product","3":"status-publish","4":"has-post-thumbnail","6":"product_brand-lecroy","7":"product_cat-desktop-en","8":"product_cat-oscilloscope","9":"pa_bandwidth-mhz-329","10":"pa_channels-338","11":"pa_digital-channels-yes","12":"pa_imax-ac-a-1019","13":"pa_memory-depht-mpts-328","14":"pa_sampling-rate-channels-ms-s-504","15":"pa_touch-screen-yes","16":"pa_vertical-resolution-bits-348","18":"first","19":"instock","20":"taxable","21":"shipping-taxable","22":"product-type-simple"},"acf":[],"_links":{"self":[{"href":"https:\/\/yotavis.ch\/de\/wp-json\/wp\/v2\/product\/4030","targetHints":{"allow":["GET"]}}],"collection":[{"href":"https:\/\/yotavis.ch\/de\/wp-json\/wp\/v2\/product"}],"about":[{"href":"https:\/\/yotavis.ch\/de\/wp-json\/wp\/v2\/types\/product"}],"replies":[{"embeddable":true,"href":"https:\/\/yotavis.ch\/de\/wp-json\/wp\/v2\/comments?post=4030"}],"wp:featuredmedia":[{"embeddable":true,"href":"https:\/\/yotavis.ch\/de\/wp-json\/wp\/v2\/media\/7284"}],"wp:attachment":[{"href":"https:\/\/yotavis.ch\/de\/wp-json\/wp\/v2\/media?parent=4030"}],"wp:term":[{"taxonomy":"product_brand","embeddable":true,"href":"https:\/\/yotavis.ch\/de\/wp-json\/wp\/v2\/product_brand?post=4030"},{"taxonomy":"product_cat","embeddable":true,"href":"https:\/\/yotavis.ch\/de\/wp-json\/wp\/v2\/product_cat?post=4030"},{"taxonomy":"product_tag","embeddable":true,"href":"https:\/\/yotavis.ch\/de\/wp-json\/wp\/v2\/product_tag?post=4030"}],"curies":[{"name":"wp","href":"https:\/\/api.w.org\/{rel}","templated":true}]}}