{"id":4031,"date":"2025-10-09T00:00:00","date_gmt":"2025-10-08T22:00:00","guid":{"rendered":"https:\/\/yotavis.ch\/product\/sda-8160hd\/"},"modified":"2026-04-24T13:32:42","modified_gmt":"2026-04-24T11:32:42","slug":"sda-8160hd","status":"publish","type":"product","link":"https:\/\/yotavis.ch\/de\/produkt\/sda-8160hd\/","title":{"rendered":"SDA 8160HD"},"content":{"rendered":"<p>Der Teledyne Lecroy SDA 8160HD ist ein hochaufl\u00f6sender serieller Datenanalysator mit einer Bandbreite von 16 GHz und einer vertikalen Aufl\u00f6sung von 12 Bit. Er unterst\u00fctzt eine Abtastrate von 80 GS\/s pro Kanal und bietet eine Speichertiefe von 500 Mpts pro Kanal. Dieses Modell umfasst vier Kan\u00e4le und ist mit digitalen Kan\u00e4len sowie einer Touchscreen-Schnittstelle ausgestattet. Das Ger\u00e4t verf\u00fcgt \u00fcber einen seriellen Trigger mit 8 Gbit\/s, der eine pr\u00e4zise Datenerfassung und -analyse erm\u00f6glicht. Mit einer Speichertiefe von 8000 Mpts bietet es eine umfangreiche Datenspeicherung f\u00fcr eine detaillierte Signaluntersuchung. Durch die Kombination aus hoher Bandbreite, schneller Abtastrate und gro\u00dfer Speichertiefe eignet sich dieser Analysator f\u00fcr komplexe Aufgaben der seriellen Datenanalyse.<\/p>","protected":false},"excerpt":{"rendered":"<p>16 GHz, 12 Bits, 80 GS\/s, 500 Mpts\/Ch High Definition Serial Data Analyzer, 8 Gbps serieller Trigger<\/p>","protected":false},"featured_media":7284,"comment_status":"closed","ping_status":"closed","template":"","meta":{"_acf_changed":false,"slim_seo":{"title":"SDA 8160HD - YOTAVIS AG","description":"16 GHz, 12 Bits, 80 GS\/s, 500 Mpts\/Ch High Definition Serial Data Analyzer, 8 Gbps serieller Trigger"}},"product_brand":[542],"product_cat":[508,507],"product_tag":[],"class_list":{"0":"post-4031","1":"product","2":"type-product","3":"status-publish","4":"has-post-thumbnail","6":"product_brand-lecroy","7":"product_cat-desktop-en","8":"product_cat-oscilloscope","9":"pa_bandwidth-mhz-330","10":"pa_channels-338","11":"pa_digital-channels-yes","12":"pa_imax-ac-a-1019","13":"pa_memory-depht-mpts-328","14":"pa_sampling-rate-channels-ms-s-504","15":"pa_touch-screen-yes","16":"pa_vertical-resolution-bits-348","18":"first","19":"instock","20":"taxable","21":"shipping-taxable","22":"product-type-simple"},"acf":[],"_links":{"self":[{"href":"https:\/\/yotavis.ch\/de\/wp-json\/wp\/v2\/product\/4031","targetHints":{"allow":["GET"]}}],"collection":[{"href":"https:\/\/yotavis.ch\/de\/wp-json\/wp\/v2\/product"}],"about":[{"href":"https:\/\/yotavis.ch\/de\/wp-json\/wp\/v2\/types\/product"}],"replies":[{"embeddable":true,"href":"https:\/\/yotavis.ch\/de\/wp-json\/wp\/v2\/comments?post=4031"}],"wp:featuredmedia":[{"embeddable":true,"href":"https:\/\/yotavis.ch\/de\/wp-json\/wp\/v2\/media\/7284"}],"wp:attachment":[{"href":"https:\/\/yotavis.ch\/de\/wp-json\/wp\/v2\/media?parent=4031"}],"wp:term":[{"taxonomy":"product_brand","embeddable":true,"href":"https:\/\/yotavis.ch\/de\/wp-json\/wp\/v2\/product_brand?post=4031"},{"taxonomy":"product_cat","embeddable":true,"href":"https:\/\/yotavis.ch\/de\/wp-json\/wp\/v2\/product_cat?post=4031"},{"taxonomy":"product_tag","embeddable":true,"href":"https:\/\/yotavis.ch\/de\/wp-json\/wp\/v2\/product_tag?post=4031"}],"curies":[{"name":"wp","href":"https:\/\/api.w.org\/{rel}","templated":true}]}}