{"id":4032,"date":"2025-10-09T00:00:00","date_gmt":"2025-10-08T22:00:00","guid":{"rendered":"https:\/\/yotavis.ch\/product\/sda-8200hd\/"},"modified":"2026-04-24T13:32:43","modified_gmt":"2026-04-24T11:32:43","slug":"sda-8200hd","status":"publish","type":"product","link":"https:\/\/yotavis.ch\/de\/produkt\/sda-8200hd\/","title":{"rendered":"SDA 8200HD"},"content":{"rendered":"<p>Der SDA 8200HD von Teledyne Lecroy ist ein hochaufl\u00f6sender serieller Datenanalysator mit einer Bandbreite von 20 GHz und einer vertikalen Aufl\u00f6sung von 12 Bit. Er unterst\u00fctzt eine Abtastrate von 160 GS\/s \u00fcber seine 4 Kan\u00e4le und erm\u00f6glicht so eine detaillierte Signalanalyse. Jeder Kanal ist mit einer Speichertiefe von 500 Mpts ausgestattet, was umfangreiche Datenerfassungsm\u00f6glichkeiten bietet. Das Ger\u00e4t verf\u00fcgt \u00fcber digitale Kan\u00e4le und eine Touchscreen-Oberfl\u00e4che f\u00fcr eine verbesserte Benutzerfreundlichkeit. Au\u00dferdem bietet es einen seriellen 8-Gbit\/s-Trigger, der eine pr\u00e4zise Triggerung von Hochgeschwindigkeitsdatenstr\u00f6men erm\u00f6glicht. Die Speichertiefe pro Kanal betr\u00e4gt 8000 Mpts und unterst\u00fctzt die Erfassung von Signalen \u00fcber lange Zeitr\u00e4ume. Dieser Analysator ist f\u00fcr die Verarbeitung komplexer serieller Datensignale mit hoher Genauigkeit und Aufl\u00f6sung ausgelegt.<\/p>","protected":false},"excerpt":{"rendered":"<p>20 GHz, 12 Bit, 160 GS\/s, 500 Mpts\/Ch Hochaufl\u00f6sender serieller Datenanalysator, 8 Gbps serieller Trigger<\/p>","protected":false},"featured_media":7284,"comment_status":"closed","ping_status":"closed","template":"","meta":{"_acf_changed":false,"slim_seo":{"title":"SDA 8200HD - YOTAVIS AG","description":"20 GHz, 12 Bit, 160 GS\/s, 500 Mpts\/Ch Hochaufl\u00f6sender serieller Datenanalysator, 8 Gbps serieller Trigger"}},"product_brand":[542],"product_cat":[508,507],"product_tag":[],"class_list":{"0":"post-4032","1":"product","2":"type-product","3":"status-publish","4":"has-post-thumbnail","6":"product_brand-lecroy","7":"product_cat-desktop-en","8":"product_cat-oscilloscope","9":"pa_bandwidth-mhz-331","10":"pa_channels-338","11":"pa_digital-channels-yes","12":"pa_imax-ac-a-1019","13":"pa_memory-depht-mpts-328","14":"pa_sampling-rate-channels-ms-s-505","15":"pa_touch-screen-yes","16":"pa_vertical-resolution-bits-348","18":"first","19":"instock","20":"taxable","21":"shipping-taxable","22":"product-type-simple"},"acf":[],"_links":{"self":[{"href":"https:\/\/yotavis.ch\/de\/wp-json\/wp\/v2\/product\/4032","targetHints":{"allow":["GET"]}}],"collection":[{"href":"https:\/\/yotavis.ch\/de\/wp-json\/wp\/v2\/product"}],"about":[{"href":"https:\/\/yotavis.ch\/de\/wp-json\/wp\/v2\/types\/product"}],"replies":[{"embeddable":true,"href":"https:\/\/yotavis.ch\/de\/wp-json\/wp\/v2\/comments?post=4032"}],"wp:featuredmedia":[{"embeddable":true,"href":"https:\/\/yotavis.ch\/de\/wp-json\/wp\/v2\/media\/7284"}],"wp:attachment":[{"href":"https:\/\/yotavis.ch\/de\/wp-json\/wp\/v2\/media?parent=4032"}],"wp:term":[{"taxonomy":"product_brand","embeddable":true,"href":"https:\/\/yotavis.ch\/de\/wp-json\/wp\/v2\/product_brand?post=4032"},{"taxonomy":"product_cat","embeddable":true,"href":"https:\/\/yotavis.ch\/de\/wp-json\/wp\/v2\/product_cat?post=4032"},{"taxonomy":"product_tag","embeddable":true,"href":"https:\/\/yotavis.ch\/de\/wp-json\/wp\/v2\/product_tag?post=4032"}],"curies":[{"name":"wp","href":"https:\/\/api.w.org\/{rel}","templated":true}]}}