{"id":4033,"date":"2025-10-09T00:00:00","date_gmt":"2025-10-08T22:00:00","guid":{"rendered":"https:\/\/yotavis.ch\/product\/sda-8250hd\/"},"modified":"2026-04-24T13:32:43","modified_gmt":"2026-04-24T11:32:43","slug":"sda-8250hd","status":"publish","type":"product","link":"https:\/\/yotavis.ch\/de\/produkt\/sda-8250hd\/","title":{"rendered":"SDA 8250HD"},"content":{"rendered":"<p>Der Teledyne Lecroy SDA 8250HD ist ein hochaufl\u00f6sender serieller Datenanalysator, der f\u00fcr Frequenzen bis zu 25 GHz mit einer vertikalen Aufl\u00f6sung von 12 Bit ausgelegt ist. Er verf\u00fcgt \u00fcber eine Abtastrate von 160 GS\/s pro Kanal und bietet eine Speichertiefe von 500 Mpts pro Kanal, was eine detaillierte Analyse von Hochgeschwindigkeitssignalen erm\u00f6glicht. Das Ger\u00e4t unterst\u00fctzt vier Kan\u00e4le und umfasst digitale Kan\u00e4le f\u00fcr eine umfassende Datenerfassung. Es ist mit einem seriellen 8-Gbit\/s-Trigger ausgestattet, der eine pr\u00e4zise Triggerung von seriellen Hochgeschwindigkeitsdatenstr\u00f6men erm\u00f6glicht. Der Analysator verf\u00fcgt au\u00dferdem \u00fcber eine Touchscreen-Schnittstelle f\u00fcr eine benutzerfreundliche Bedienung. Mit einer Bandbreite von 25.000 MHz und einer Speichertiefe von 8.000 Mpts ist er in der Lage, komplexe Signalanalyseaufgaben zu bew\u00e4ltigen. Durch diese Kombination aus hoher Bandbreite, Abtastrate und Speichertiefe eignet sich der SDA 8250HD f\u00fcr anspruchsvolle serielle Datenanwendungen.<\/p>","protected":false},"excerpt":{"rendered":"<p>25 GHz, 12 Bit, 160 GS\/s, 500 Mpts\/Ch Hochaufl\u00f6sender serieller Datenanalysator, 8 Gbps serieller Trigger<\/p>","protected":false},"featured_media":7284,"comment_status":"closed","ping_status":"closed","template":"","meta":{"_acf_changed":false,"slim_seo":{"title":"SDA 8250HD - YOTAVIS AG","description":"25 GHz, 12 Bit, 160 GS\/s, 500 Mpts\/Ch Hochaufl\u00f6sender serieller Datenanalysator, 8 Gbps serieller Trigger"}},"product_brand":[542],"product_cat":[508,507],"product_tag":[],"class_list":{"0":"post-4033","1":"product","2":"type-product","3":"status-publish","4":"has-post-thumbnail","6":"product_brand-lecroy","7":"product_cat-desktop-en","8":"product_cat-oscilloscope","9":"pa_bandwidth-mhz-332","10":"pa_channels-338","11":"pa_digital-channels-yes","12":"pa_imax-ac-a-1019","13":"pa_memory-depht-mpts-328","14":"pa_sampling-rate-channels-ms-s-505","15":"pa_touch-screen-yes","16":"pa_vertical-resolution-bits-348","18":"first","19":"instock","20":"taxable","21":"shipping-taxable","22":"product-type-simple"},"acf":[],"_links":{"self":[{"href":"https:\/\/yotavis.ch\/de\/wp-json\/wp\/v2\/product\/4033","targetHints":{"allow":["GET"]}}],"collection":[{"href":"https:\/\/yotavis.ch\/de\/wp-json\/wp\/v2\/product"}],"about":[{"href":"https:\/\/yotavis.ch\/de\/wp-json\/wp\/v2\/types\/product"}],"replies":[{"embeddable":true,"href":"https:\/\/yotavis.ch\/de\/wp-json\/wp\/v2\/comments?post=4033"}],"wp:featuredmedia":[{"embeddable":true,"href":"https:\/\/yotavis.ch\/de\/wp-json\/wp\/v2\/media\/7284"}],"wp:attachment":[{"href":"https:\/\/yotavis.ch\/de\/wp-json\/wp\/v2\/media?parent=4033"}],"wp:term":[{"taxonomy":"product_brand","embeddable":true,"href":"https:\/\/yotavis.ch\/de\/wp-json\/wp\/v2\/product_brand?post=4033"},{"taxonomy":"product_cat","embeddable":true,"href":"https:\/\/yotavis.ch\/de\/wp-json\/wp\/v2\/product_cat?post=4033"},{"taxonomy":"product_tag","embeddable":true,"href":"https:\/\/yotavis.ch\/de\/wp-json\/wp\/v2\/product_tag?post=4033"}],"curies":[{"name":"wp","href":"https:\/\/api.w.org\/{rel}","templated":true}]}}