{"id":4037,"date":"2025-10-09T00:00:00","date_gmt":"2025-10-08T22:00:00","guid":{"rendered":"https:\/\/yotavis.ch\/product\/sda-8650hd\/"},"modified":"2026-04-24T13:32:44","modified_gmt":"2026-04-24T11:32:44","slug":"sda-8650hd","status":"publish","type":"product","link":"https:\/\/yotavis.ch\/de\/produkt\/sda-8650hd\/","title":{"rendered":"SDA 8650HD"},"content":{"rendered":"<p>Der Teledyne Lecroy SDA 8650HD ist ein hochaufl\u00f6sender serieller Datenanalysator mit einer Bandbreite von 65 GHz und einer vertikalen Aufl\u00f6sung von 12 Bit. Er unterst\u00fctzt eine Abtastrate von 320 GS\/s mit 1 Gpt pro Kanal und umfasst vier Kan\u00e4le f\u00fcr eine umfassende Datenanalyse. Das Ger\u00e4t bietet eine Speichertiefe von 16.000 Mpts und eine Abtastrate pro Kanal von 160.000 MS\/s, was eine detaillierte Signalerfassung und -verarbeitung erm\u00f6glicht. Es ist mit digitalen Kan\u00e4len und einer Touchscreen-Oberfl\u00e4che f\u00fcr verbesserte Benutzerfreundlichkeit ausgestattet. Der Analysator unterst\u00fctzt au\u00dferdem einen seriellen 8-Gbit\/s-Trigger, der eine pr\u00e4zise Zeitsteuerung und Synchronisierung w\u00e4hrend der Messungen erm\u00f6glicht. Dank dieser Kombination aus hoher Bandbreite, Aufl\u00f6sung und Abtastung eignet sich der SDA 8650HD f\u00fcr fortschrittliche Aufgaben der seriellen Datenanalyse.<\/p>","protected":false},"excerpt":{"rendered":"<p>65 GHz, 12 Bit, 320 GS\/s, 1 Gpt\/Ch Hochaufl\u00f6sender serieller Datenanalysator, 8 Gbit\/s serieller Trigger<\/p>","protected":false},"featured_media":7284,"comment_status":"closed","ping_status":"closed","template":"","meta":{"_acf_changed":false,"slim_seo":{"title":"SDA 8650HD - YOTAVIS AG","description":"65 GHz, 12 Bit, 320 GS\/s, 1 Gpt\/Ch Hochaufl\u00f6sender serieller Datenanalysator, 8 Gbit\/s serieller Trigger"}},"product_brand":[542],"product_cat":[508,507],"product_tag":[],"class_list":{"0":"post-4037","1":"product","2":"type-product","3":"status-publish","4":"has-post-thumbnail","6":"product_brand-lecroy","7":"product_cat-desktop-en","8":"product_cat-oscilloscope","9":"pa_bandwidth-mhz-337","10":"pa_channels-338","11":"pa_digital-channels-yes","12":"pa_imax-ac-a-1019","13":"pa_memory-depht-mpts-335","14":"pa_sampling-rate-channels-ms-s-505","15":"pa_touch-screen-yes","16":"pa_vertical-resolution-bits-348","18":"first","19":"instock","20":"taxable","21":"shipping-taxable","22":"product-type-simple"},"acf":[],"_links":{"self":[{"href":"https:\/\/yotavis.ch\/de\/wp-json\/wp\/v2\/product\/4037","targetHints":{"allow":["GET"]}}],"collection":[{"href":"https:\/\/yotavis.ch\/de\/wp-json\/wp\/v2\/product"}],"about":[{"href":"https:\/\/yotavis.ch\/de\/wp-json\/wp\/v2\/types\/product"}],"replies":[{"embeddable":true,"href":"https:\/\/yotavis.ch\/de\/wp-json\/wp\/v2\/comments?post=4037"}],"wp:featuredmedia":[{"embeddable":true,"href":"https:\/\/yotavis.ch\/de\/wp-json\/wp\/v2\/media\/7284"}],"wp:attachment":[{"href":"https:\/\/yotavis.ch\/de\/wp-json\/wp\/v2\/media?parent=4037"}],"wp:term":[{"taxonomy":"product_brand","embeddable":true,"href":"https:\/\/yotavis.ch\/de\/wp-json\/wp\/v2\/product_brand?post=4037"},{"taxonomy":"product_cat","embeddable":true,"href":"https:\/\/yotavis.ch\/de\/wp-json\/wp\/v2\/product_cat?post=4037"},{"taxonomy":"product_tag","embeddable":true,"href":"https:\/\/yotavis.ch\/de\/wp-json\/wp\/v2\/product_tag?post=4037"}],"curies":[{"name":"wp","href":"https:\/\/api.w.org\/{rel}","templated":true}]}}