{"id":6429,"date":"2025-10-09T00:00:00","date_gmt":"2025-10-08T22:00:00","guid":{"rendered":"https:\/\/yotavis.ch\/product\/pwr401ml\/"},"modified":"2026-04-24T13:32:45","modified_gmt":"2026-04-24T11:32:45","slug":"pwr401ml","status":"publish","type":"product","link":"https:\/\/yotavis.ch\/de\/produkt\/pwr401ml\/","title":{"rendered":"PWR401ML"},"content":{"rendered":"<p>Das Kikusui PWR401ML ist ein kompaktes Weitbereichs-Gleichstromnetzteil mit einer Ausgangsleistung von 400 Watt. Es bietet einen Spannungsbereich von 0 bis 80 Volt und einen Strombereich von 0 bis 20 Ampere und eignet sich damit f\u00fcr verschiedene Anwendungen, die eine pr\u00e4zise Leistungssteuerung erfordern. Dieses Modell verf\u00fcgt \u00fcber einen einzigen Ausgangskanal, was einen einfachen Betrieb und die Integration in verschiedene Konfigurationen erm\u00f6glicht. Es verf\u00fcgt \u00fcber eine Fernsteuerungsfunktion, die es dem Benutzer erm\u00f6glicht, die Stromversorgung bequem und flexibel aus der Ferne zu steuern. Das Ger\u00e4t ist so konzipiert, dass es eine stabile und zuverl\u00e4ssige Leistung innerhalb der angegebenen Spannungs- und Stromgrenzen liefert. Sein kompaktes Design erleichtert die Platzierung in Arbeitsbereichen, in denen der Platz begrenzt ist. Der PWR401ML wurde entwickelt, um die Anforderungen von Anwendern zu erf\u00fcllen, die eine vielseitige und effiziente Gleichstromquelle ben\u00f6tigen.<\/p>","protected":false},"excerpt":{"rendered":"<p>Kompaktes Weitbereichs-Gleichstromnetzteil 400W, 0 bis 80V \/ 0 bis 20A<\/p>","protected":false},"featured_media":7645,"comment_status":"closed","ping_status":"closed","template":"","meta":{"_acf_changed":false,"slim_seo":{"title":"PWR401ML - YOTAVIS AG","description":"Kompaktes Weitbereichs-Gleichstromnetzteil 400W, 0 bis 80V \/ 0 bis 20A"}},"product_brand":[551],"product_cat":[516,515],"product_tag":[],"class_list":{"0":"post-6429","1":"product","2":"type-product","3":"status-publish","4":"has-post-thumbnail","6":"product_brand-kikusui","7":"product_cat-dc-source-en","8":"product_cat-power-en","9":"pa_current-a-552","10":"pa_output-number-146","11":"pa_power-w-398","12":"pa_remote-control-yes","13":"pa_voltage-v-155","15":"first","16":"instock","17":"taxable","18":"shipping-taxable","19":"purchasable","20":"product-type-simple"},"acf":[],"_links":{"self":[{"href":"https:\/\/yotavis.ch\/de\/wp-json\/wp\/v2\/product\/6429","targetHints":{"allow":["GET"]}}],"collection":[{"href":"https:\/\/yotavis.ch\/de\/wp-json\/wp\/v2\/product"}],"about":[{"href":"https:\/\/yotavis.ch\/de\/wp-json\/wp\/v2\/types\/product"}],"replies":[{"embeddable":true,"href":"https:\/\/yotavis.ch\/de\/wp-json\/wp\/v2\/comments?post=6429"}],"wp:featuredmedia":[{"embeddable":true,"href":"https:\/\/yotavis.ch\/de\/wp-json\/wp\/v2\/media\/7645"}],"wp:attachment":[{"href":"https:\/\/yotavis.ch\/de\/wp-json\/wp\/v2\/media?parent=6429"}],"wp:term":[{"taxonomy":"product_brand","embeddable":true,"href":"https:\/\/yotavis.ch\/de\/wp-json\/wp\/v2\/product_brand?post=6429"},{"taxonomy":"product_cat","embeddable":true,"href":"https:\/\/yotavis.ch\/de\/wp-json\/wp\/v2\/product_cat?post=6429"},{"taxonomy":"product_tag","embeddable":true,"href":"https:\/\/yotavis.ch\/de\/wp-json\/wp\/v2\/product_tag?post=6429"}],"curies":[{"name":"wp","href":"https:\/\/api.w.org\/{rel}","templated":true}]}}