{"id":6436,"date":"2025-10-09T00:00:00","date_gmt":"2025-10-08T22:00:00","guid":{"rendered":"https:\/\/yotavis.ch\/product\/pwr1201l\/"},"modified":"2026-04-24T13:32:47","modified_gmt":"2026-04-24T11:32:47","slug":"pwr1201l","status":"publish","type":"product","link":"https:\/\/yotavis.ch\/de\/produkt\/pwr1201l\/","title":{"rendered":"PWR1201L"},"content":{"rendered":"<p>Das PWR1201L von Kikusui ist ein kompaktes Weitbereichs-Gleichstromnetzteil mit einer Ausgangsleistung von 1200 Watt. Es bietet einen Spannungsbereich von 0 bis 40 Volt und einen Strombereich von 0 bis 120 Ampere und verf\u00fcgt \u00fcber einen einzigen Ausgangskanal. Dieses Netzteil unterst\u00fctzt die Fernbedienungsfunktionalit\u00e4t und erm\u00f6glicht so einen bequemen Betrieb aus der Ferne. Es ist f\u00fcr eine pr\u00e4zise und stabile Stromversorgung ausgelegt und eignet sich f\u00fcr Anwendungen, die variable Spannungs- und Stromeinstellungen innerhalb der angegebenen Bereiche erfordern. Dank seiner kompakten Bauweise eignet sich das Ger\u00e4t auch f\u00fcr Umgebungen, in denen nur wenig Platz vorhanden ist. Mit seiner hohen Stromkapazit\u00e4t und dem gro\u00dfen Spannungsbereich kann der PWR1201L eine Vielzahl von Pr\u00fcf- und Entwicklungsanforderungen erf\u00fcllen. Sein einziger Ausgangskanal vereinfacht die Einrichtung und den Betrieb f\u00fcr Benutzer, die unkomplizierte Stromversorgungsl\u00f6sungen ben\u00f6tigen.<\/p>","protected":false},"excerpt":{"rendered":"<p>Kompaktes Weitbereichs-Gleichstromnetzteil 1200W, 0 bis 40V \/ 0 bis 120A<\/p>","protected":false},"featured_media":7649,"comment_status":"closed","ping_status":"closed","template":"","meta":{"_acf_changed":false,"slim_seo":{"title":"PWR1201L - YOTAVIS AG","description":"Kompaktes Weitbereichs-Gleichstromnetzteil 1200W, 0 bis 40V \/ 0 bis 120A"}},"product_brand":[551],"product_cat":[516,515],"product_tag":[],"class_list":{"0":"post-6436","1":"product","2":"type-product","3":"status-publish","4":"has-post-thumbnail","6":"product_brand-kikusui","7":"product_cat-dc-source-en","8":"product_cat-power-en","9":"pa_current-a-559","10":"pa_output-number-146","11":"pa_power-w-479","12":"pa_remote-control-yes","13":"pa_voltage-v-152","15":"first","16":"instock","17":"taxable","18":"shipping-taxable","19":"purchasable","20":"product-type-simple"},"acf":[],"_links":{"self":[{"href":"https:\/\/yotavis.ch\/de\/wp-json\/wp\/v2\/product\/6436","targetHints":{"allow":["GET"]}}],"collection":[{"href":"https:\/\/yotavis.ch\/de\/wp-json\/wp\/v2\/product"}],"about":[{"href":"https:\/\/yotavis.ch\/de\/wp-json\/wp\/v2\/types\/product"}],"replies":[{"embeddable":true,"href":"https:\/\/yotavis.ch\/de\/wp-json\/wp\/v2\/comments?post=6436"}],"wp:featuredmedia":[{"embeddable":true,"href":"https:\/\/yotavis.ch\/de\/wp-json\/wp\/v2\/media\/7649"}],"wp:attachment":[{"href":"https:\/\/yotavis.ch\/de\/wp-json\/wp\/v2\/media?parent=6436"}],"wp:term":[{"taxonomy":"product_brand","embeddable":true,"href":"https:\/\/yotavis.ch\/de\/wp-json\/wp\/v2\/product_brand?post=6436"},{"taxonomy":"product_cat","embeddable":true,"href":"https:\/\/yotavis.ch\/de\/wp-json\/wp\/v2\/product_cat?post=6436"},{"taxonomy":"product_tag","embeddable":true,"href":"https:\/\/yotavis.ch\/de\/wp-json\/wp\/v2\/product_tag?post=6436"}],"curies":[{"name":"wp","href":"https:\/\/api.w.org\/{rel}","templated":true}]}}