{"id":6444,"date":"2025-10-09T00:00:00","date_gmt":"2025-10-08T22:00:00","guid":{"rendered":"https:\/\/yotavis.ch\/product\/pwx750ml\/"},"modified":"2026-04-24T13:32:52","modified_gmt":"2026-04-24T11:32:52","slug":"pwx750ml","status":"publish","type":"product","link":"https:\/\/yotavis.ch\/de\/produkt\/pwx750ml\/","title":{"rendered":"PWX750ML"},"content":{"rendered":"<p>Das PWX750ML von Kikusui ist ein programmierbares 1U-Mehrbereichs-Gleichstromnetzteil mit einer Ausgangsleistung von 750 Watt. Es bietet einen Spannungsbereich von 0 bis 80 Volt und einen Strombereich von 0 bis 28 Ampere und ist damit flexibel f\u00fcr verschiedene Anwendungen. Dieses Modell verf\u00fcgt \u00fcber einen einzigen Ausgangskanal, der eine gezielte Leistungsabgabe erm\u00f6glicht. Das Ger\u00e4t ist mit einer Fernbedienung ausgestattet, die es dem Benutzer erm\u00f6glicht, das Ger\u00e4t bequem und effizient aus der Ferne zu bedienen. Das Netzteil wurde f\u00fcr die Bed\u00fcrfnisse von Anwendern entwickelt, die eine pr\u00e4zise und einstellbare Gleichstromversorgung innerhalb der angegebenen Spannungs- und Stromgrenzen ben\u00f6tigen. Mit seinem kompakten 1U-Formfaktor eignet es sich f\u00fcr die Integration in Standardger\u00e4te-Racks. Die Kombination aus hoher Ausgangsleistung und programmierbaren Einstellungen unterst\u00fctzt eine breite Palette von Test- und Betriebsszenarien.<\/p>","protected":false},"excerpt":{"rendered":"<p>Programmierbares 1U-Mehrbereichs-Gleichstromnetzteil, 750 W, 0 bis 80 V\/0 bis 28 A<\/p>","protected":false},"featured_media":7656,"comment_status":"closed","ping_status":"closed","template":"","meta":{"_acf_changed":false,"slim_seo":{"title":"PWX750ML - YOTAVIS AG","description":"Programmierbares 1U-Mehrbereichs-Gleichstromnetzteil, 750 W, 0 bis 80 V\/0 bis 28 A"}},"product_brand":[551],"product_cat":[516,515],"product_tag":[],"class_list":{"0":"post-6444","1":"product","2":"type-product","3":"status-publish","4":"has-post-thumbnail","6":"product_brand-kikusui","7":"product_cat-dc-source-en","8":"product_cat-power-en","9":"pa_current-a-565","10":"pa_output-number-146","11":"pa_power-w-564","12":"pa_remote-control-yes","13":"pa_voltage-v-155","15":"first","16":"instock","17":"taxable","18":"shipping-taxable","19":"purchasable","20":"product-type-simple"},"acf":[],"_links":{"self":[{"href":"https:\/\/yotavis.ch\/de\/wp-json\/wp\/v2\/product\/6444","targetHints":{"allow":["GET"]}}],"collection":[{"href":"https:\/\/yotavis.ch\/de\/wp-json\/wp\/v2\/product"}],"about":[{"href":"https:\/\/yotavis.ch\/de\/wp-json\/wp\/v2\/types\/product"}],"replies":[{"embeddable":true,"href":"https:\/\/yotavis.ch\/de\/wp-json\/wp\/v2\/comments?post=6444"}],"wp:featuredmedia":[{"embeddable":true,"href":"https:\/\/yotavis.ch\/de\/wp-json\/wp\/v2\/media\/7656"}],"wp:attachment":[{"href":"https:\/\/yotavis.ch\/de\/wp-json\/wp\/v2\/media?parent=6444"}],"wp:term":[{"taxonomy":"product_brand","embeddable":true,"href":"https:\/\/yotavis.ch\/de\/wp-json\/wp\/v2\/product_brand?post=6444"},{"taxonomy":"product_cat","embeddable":true,"href":"https:\/\/yotavis.ch\/de\/wp-json\/wp\/v2\/product_cat?post=6444"},{"taxonomy":"product_tag","embeddable":true,"href":"https:\/\/yotavis.ch\/de\/wp-json\/wp\/v2\/product_tag?post=6444"}],"curies":[{"name":"wp","href":"https:\/\/api.w.org\/{rel}","templated":true}]}}