{"id":6449,"date":"2025-10-09T00:00:00","date_gmt":"2025-10-08T22:00:00","guid":{"rendered":"https:\/\/yotavis.ch\/product\/pwx750lf-with-iso-prog-curr-cont\/"},"modified":"2026-04-24T13:32:54","modified_gmt":"2026-04-24T11:32:54","slug":"pwx750lf-with-iso-prog-curr-cont","status":"publish","type":"product","link":"https:\/\/yotavis.ch\/de\/produkt\/pwx750lf-with-iso-prog-curr-cont\/","title":{"rendered":"PWX750LF WITH ISO PROG CURR CONT"},"content":{"rendered":"<p>Das PWX750LF WITH ISO PROG CURR CONT ist ein programmierbares 1U-Mehrbereichs-Gleichstromnetzteil von Kikusui mit einer Ausgangsleistung von 750 Watt. Es arbeitet in einem Spannungsbereich von 0 bis 30 Volt und einem Strombereich von 0 bis 75 Ampere und eignet sich damit f\u00fcr verschiedene Anwendungen, die eine pr\u00e4zise Leistungssteuerung erfordern. Dieses Modell verf\u00fcgt \u00fcber einen einzigen Ausgangskanal, der eine gezielte und effiziente Leistungsabgabe erm\u00f6glicht. Es ist mit einer Fernbedienung ausgestattet, die es dem Benutzer erm\u00f6glicht, das Netzger\u00e4t bequem und flexibel aus der Ferne zu bedienen. Bei der Konstruktion wurde besonderer Wert auf die Programmierbarkeit gelegt, so dass die Benutzer die Einstellungen an ihre spezifischen Anforderungen anpassen k\u00f6nnen. Der kompakte 1U-Formfaktor ist so konzipiert, dass er in Standardger\u00e4te-Racks passt und so den Platzbedarf in professionellen Umgebungen optimiert. Die Kombination aus hoher Ausgangsleistung und programmierbarer Steuerung macht dieses Ger\u00e4t zu einem vielseitigen Werkzeug f\u00fcr Test- und Entwicklungsaufgaben.<\/p>","protected":false},"excerpt":{"rendered":"<p>Programmierbares 1U-Mehrbereichs-Gleichstromnetzteil, 750 W, 0 bis 30 V\/0 bis 75 A<\/p>","protected":false},"featured_media":7664,"comment_status":"closed","ping_status":"closed","template":"","meta":{"_acf_changed":false,"slim_seo":{"title":"PWX750LF WITH ISO PROG CURR CONT - YOTAVIS AG","description":"Programmierbares 1U-Mehrbereichs-Gleichstromnetzteil, 750 W, 0 bis 30 V\/0 bis 75 A"}},"product_brand":[551],"product_cat":[516,515],"product_tag":[],"class_list":{"0":"post-6449","1":"product","2":"type-product","3":"status-publish","4":"has-post-thumbnail","6":"product_brand-kikusui","7":"product_cat-dc-source-en","8":"product_cat-power-en","9":"pa_current-a-566","10":"pa_output-number-146","11":"pa_power-w-564","12":"pa_remote-control-yes","13":"pa_voltage-v-145","15":"first","16":"instock","17":"taxable","18":"shipping-taxable","19":"purchasable","20":"product-type-simple"},"acf":[],"_links":{"self":[{"href":"https:\/\/yotavis.ch\/de\/wp-json\/wp\/v2\/product\/6449","targetHints":{"allow":["GET"]}}],"collection":[{"href":"https:\/\/yotavis.ch\/de\/wp-json\/wp\/v2\/product"}],"about":[{"href":"https:\/\/yotavis.ch\/de\/wp-json\/wp\/v2\/types\/product"}],"replies":[{"embeddable":true,"href":"https:\/\/yotavis.ch\/de\/wp-json\/wp\/v2\/comments?post=6449"}],"wp:featuredmedia":[{"embeddable":true,"href":"https:\/\/yotavis.ch\/de\/wp-json\/wp\/v2\/media\/7664"}],"wp:attachment":[{"href":"https:\/\/yotavis.ch\/de\/wp-json\/wp\/v2\/media?parent=6449"}],"wp:term":[{"taxonomy":"product_brand","embeddable":true,"href":"https:\/\/yotavis.ch\/de\/wp-json\/wp\/v2\/product_brand?post=6449"},{"taxonomy":"product_cat","embeddable":true,"href":"https:\/\/yotavis.ch\/de\/wp-json\/wp\/v2\/product_cat?post=6449"},{"taxonomy":"product_tag","embeddable":true,"href":"https:\/\/yotavis.ch\/de\/wp-json\/wp\/v2\/product_tag?post=6449"}],"curies":[{"name":"wp","href":"https:\/\/api.w.org\/{rel}","templated":true}]}}