{"id":6453,"date":"2025-10-09T00:00:00","date_gmt":"2025-10-08T22:00:00","guid":{"rendered":"https:\/\/yotavis.ch\/product\/pwx750mlf-with-iso-prog-curr-cont\/"},"modified":"2026-04-24T13:32:55","modified_gmt":"2026-04-24T11:32:55","slug":"pwx750mlf-with-iso-prog-curr-cont","status":"publish","type":"product","link":"https:\/\/yotavis.ch\/de\/produkt\/pwx750mlf-with-iso-prog-curr-cont\/","title":{"rendered":"PWX750MLF MIT ISO PROG CURR CONT"},"content":{"rendered":"<p>Das PWX750MLF WITH ISO PROG CURR CONT ist ein programmierbares 1U-Mehrbereichs-Gleichstromnetzteil von Kikusui mit einer Ausgangsleistung von 750 Watt. Es bietet einen Spannungsbereich von 0 bis 80 Volt und einen Strombereich von 0 bis 28 Ampere und eignet sich damit f\u00fcr verschiedene Test- und Entwicklungsanwendungen. Dieses Modell verf\u00fcgt \u00fcber einen einzigen Ausgangskanal, der eine gezielte Leistungsabgabe erm\u00f6glicht. Die mitgelieferte Fernbedienung erm\u00f6glicht es dem Benutzer, das Ger\u00e4t bequem und flexibel aus der Ferne zu bedienen. Das Netzteil ist so konzipiert, dass es eine pr\u00e4zise und einstellbare Ausgangsleistung innerhalb seiner spezifizierten Bereiche liefert. Sein kompakter 1U-Formfaktor erm\u00f6glicht eine effiziente Nutzung des Platzes im Rack in Labor- oder Industrieumgebungen. Die Kombination dieser Spezifikationen macht das PWX750MLF zu einem vielseitigen Ger\u00e4t f\u00fcr den Bedarf an geregelten Gleichstromversorgungen.<\/p>","protected":false},"excerpt":{"rendered":"<p>Programmierbares 1U-Mehrbereichs-Gleichstromnetzteil, 750 W, 0 bis 80 V\/0 bis 28 A<\/p>","protected":false},"featured_media":7664,"comment_status":"closed","ping_status":"closed","template":"","meta":{"_acf_changed":false,"slim_seo":{"title":"PWX750MLF WITH ISO PROG CURR CONT - YOTAVIS AG","description":"Programmierbares 1U-Mehrbereichs-Gleichstromnetzteil, 750 W, 0 bis 80 V\/0 bis 28 A"}},"product_brand":[551],"product_cat":[516,515],"product_tag":[],"class_list":{"0":"post-6453","1":"product","2":"type-product","3":"status-publish","4":"has-post-thumbnail","6":"product_brand-kikusui","7":"product_cat-dc-source-en","8":"product_cat-power-en","9":"pa_current-a-565","10":"pa_output-number-146","11":"pa_power-w-564","12":"pa_remote-control-yes","13":"pa_voltage-v-155","15":"first","16":"instock","17":"taxable","18":"shipping-taxable","19":"purchasable","20":"product-type-simple"},"acf":[],"_links":{"self":[{"href":"https:\/\/yotavis.ch\/de\/wp-json\/wp\/v2\/product\/6453","targetHints":{"allow":["GET"]}}],"collection":[{"href":"https:\/\/yotavis.ch\/de\/wp-json\/wp\/v2\/product"}],"about":[{"href":"https:\/\/yotavis.ch\/de\/wp-json\/wp\/v2\/types\/product"}],"replies":[{"embeddable":true,"href":"https:\/\/yotavis.ch\/de\/wp-json\/wp\/v2\/comments?post=6453"}],"wp:featuredmedia":[{"embeddable":true,"href":"https:\/\/yotavis.ch\/de\/wp-json\/wp\/v2\/media\/7664"}],"wp:attachment":[{"href":"https:\/\/yotavis.ch\/de\/wp-json\/wp\/v2\/media?parent=6453"}],"wp:term":[{"taxonomy":"product_brand","embeddable":true,"href":"https:\/\/yotavis.ch\/de\/wp-json\/wp\/v2\/product_brand?post=6453"},{"taxonomy":"product_cat","embeddable":true,"href":"https:\/\/yotavis.ch\/de\/wp-json\/wp\/v2\/product_cat?post=6453"},{"taxonomy":"product_tag","embeddable":true,"href":"https:\/\/yotavis.ch\/de\/wp-json\/wp\/v2\/product_tag?post=6453"}],"curies":[{"name":"wp","href":"https:\/\/api.w.org\/{rel}","templated":true}]}}