{"id":6455,"date":"2025-10-09T00:00:00","date_gmt":"2025-10-08T22:00:00","guid":{"rendered":"https:\/\/yotavis.ch\/product\/pwx750mhf\/"},"modified":"2026-04-24T13:32:56","modified_gmt":"2026-04-24T11:32:56","slug":"pwx750mhf","status":"publish","type":"product","link":"https:\/\/yotavis.ch\/de\/produkt\/pwx750mhf\/","title":{"rendered":"PWX750MHF"},"content":{"rendered":"<p>Das PWX750MHF von Kikusui ist ein programmierbares 1U-Mehrbereichs-Gleichstromnetzteil mit einer Ausgangsleistung von 750 Watt. Es bietet einen Spannungsbereich von 0 bis 230 Volt und einen Strombereich von 0 bis 10 Ampere und verf\u00fcgt \u00fcber einen einzigen Ausgangskanal. Dieses Netzteil unterst\u00fctzt die Fernsteuerungsfunktionalit\u00e4t und erm\u00f6glicht so einen bequemen Betrieb und die Integration in automatisierte Systeme. Es liefert eine pr\u00e4zise und einstellbare Leistung und ist f\u00fcr verschiedene Anwendungen geeignet, die eine stabile Gleichstromversorgung erfordern. Dank des kompakten 1U-Formfaktors l\u00e4sst es sich leicht in Standardger\u00e4te-Racks einbauen. Mit seinen programmierbaren Funktionen kann der Benutzer die Leistung an spezifische Pr\u00fcf- oder Betriebsanforderungen anpassen. Das Ger\u00e4t kombiniert eine hohe Leistungskapazit\u00e4t mit flexiblen Steuerungsoptionen, um den unterschiedlichsten Anforderungen an die Stromversorgung gerecht zu werden.<\/p>","protected":false},"excerpt":{"rendered":"<p>Programmierbares 1U-Mehrbereichs-Gleichstromnetzteil, 750 W, 0 bis 230 V\/0 bis 10 A<\/p>","protected":false},"featured_media":7664,"comment_status":"closed","ping_status":"closed","template":"","meta":{"_acf_changed":false,"slim_seo":{"title":"PWX750MHF - YOTAVIS AG","description":"Programmierbares 1U-Mehrbereichs-Gleichstromnetzteil, 750 W, 0 bis 230 V\/0 bis 10 A"}},"product_brand":[551],"product_cat":[516,515],"product_tag":[],"class_list":{"0":"post-6455","1":"product","2":"type-product","3":"status-publish","4":"has-post-thumbnail","6":"product_brand-kikusui","7":"product_cat-dc-source-en","8":"product_cat-power-en","9":"pa_current-a-397","10":"pa_output-number-146","11":"pa_power-w-564","12":"pa_remote-control-yes","13":"pa_voltage-v-567","15":"first","16":"instock","17":"taxable","18":"shipping-taxable","19":"purchasable","20":"product-type-simple"},"acf":[],"_links":{"self":[{"href":"https:\/\/yotavis.ch\/de\/wp-json\/wp\/v2\/product\/6455","targetHints":{"allow":["GET"]}}],"collection":[{"href":"https:\/\/yotavis.ch\/de\/wp-json\/wp\/v2\/product"}],"about":[{"href":"https:\/\/yotavis.ch\/de\/wp-json\/wp\/v2\/types\/product"}],"replies":[{"embeddable":true,"href":"https:\/\/yotavis.ch\/de\/wp-json\/wp\/v2\/comments?post=6455"}],"wp:featuredmedia":[{"embeddable":true,"href":"https:\/\/yotavis.ch\/de\/wp-json\/wp\/v2\/media\/7664"}],"wp:attachment":[{"href":"https:\/\/yotavis.ch\/de\/wp-json\/wp\/v2\/media?parent=6455"}],"wp:term":[{"taxonomy":"product_brand","embeddable":true,"href":"https:\/\/yotavis.ch\/de\/wp-json\/wp\/v2\/product_brand?post=6455"},{"taxonomy":"product_cat","embeddable":true,"href":"https:\/\/yotavis.ch\/de\/wp-json\/wp\/v2\/product_cat?post=6455"},{"taxonomy":"product_tag","embeddable":true,"href":"https:\/\/yotavis.ch\/de\/wp-json\/wp\/v2\/product_tag?post=6455"}],"curies":[{"name":"wp","href":"https:\/\/api.w.org\/{rel}","templated":true}]}}