{"id":6456,"date":"2025-10-09T00:00:00","date_gmt":"2025-10-08T22:00:00","guid":{"rendered":"https:\/\/yotavis.ch\/product\/pwx750mhf-with-iso-prog-volt-cont\/"},"modified":"2026-04-24T13:32:56","modified_gmt":"2026-04-24T11:32:56","slug":"pwx750mhf-with-iso-prog-volt-cont","status":"publish","type":"product","link":"https:\/\/yotavis.ch\/de\/produkt\/pwx750mhf-with-iso-prog-volt-cont\/","title":{"rendered":"PWX750MHF MIT ISO PROG VOLT CONT"},"content":{"rendered":"<p>Das PWX750MHF WITH ISO PROG VOLT CONT ist ein programmierbares 1U-Mehrbereichs-Gleichstromnetzteil der Firma Kikusui. Es liefert eine Ausgangsleistung von 750 Watt mit einem Spannungsbereich von 0 bis 230 Volt und einem Strombereich von 0 bis 10 Ampere. Dieses Modell verf\u00fcgt \u00fcber einen einzigen Ausgangskanal, der eine gezielte Leistungsabgabe erm\u00f6glicht. Es unterst\u00fctzt die Fernbedienungsfunktion, so dass der Benutzer das Ger\u00e4t bequem und flexibel aus der Ferne bedienen kann. Das Netzger\u00e4t ist f\u00fcr verschiedene Anwendungen ausgelegt, die eine pr\u00e4zise Spannungs- und Stromregelung innerhalb der angegebenen Bereiche erfordern. Mit seinem kompakten 1U-Formfaktor eignet es sich f\u00fcr die Integration in Standardger\u00e4te-Racks. Die Programmierbarkeit des Ger\u00e4ts erm\u00f6glicht die Anpassung der Ausgangsparameter an spezifische Pr\u00fcf- oder Betriebsanforderungen.<\/p>","protected":false},"excerpt":{"rendered":"<p>Programmierbares 1U-Mehrbereichs-Gleichstromnetzteil, 750 W, 0 bis 230 V\/0 bis 10 A<\/p>","protected":false},"featured_media":7664,"comment_status":"closed","ping_status":"closed","template":"","meta":{"_acf_changed":false,"slim_seo":{"title":"PWX750MHF WITH ISO PROG VOLT CONT - YOTAVIS AG","description":"Programmierbares 1U-Mehrbereichs-Gleichstromnetzteil, 750 W, 0 bis 230 V\/0 bis 10 A"}},"product_brand":[551],"product_cat":[516,515],"product_tag":[],"class_list":{"0":"post-6456","1":"product","2":"type-product","3":"status-publish","4":"has-post-thumbnail","6":"product_brand-kikusui","7":"product_cat-dc-source-en","8":"product_cat-power-en","9":"pa_current-a-397","10":"pa_output-number-146","11":"pa_power-w-564","12":"pa_remote-control-yes","13":"pa_voltage-v-567","15":"first","16":"instock","17":"taxable","18":"shipping-taxable","19":"purchasable","20":"product-type-simple"},"acf":[],"_links":{"self":[{"href":"https:\/\/yotavis.ch\/de\/wp-json\/wp\/v2\/product\/6456","targetHints":{"allow":["GET"]}}],"collection":[{"href":"https:\/\/yotavis.ch\/de\/wp-json\/wp\/v2\/product"}],"about":[{"href":"https:\/\/yotavis.ch\/de\/wp-json\/wp\/v2\/types\/product"}],"replies":[{"embeddable":true,"href":"https:\/\/yotavis.ch\/de\/wp-json\/wp\/v2\/comments?post=6456"}],"wp:featuredmedia":[{"embeddable":true,"href":"https:\/\/yotavis.ch\/de\/wp-json\/wp\/v2\/media\/7664"}],"wp:attachment":[{"href":"https:\/\/yotavis.ch\/de\/wp-json\/wp\/v2\/media?parent=6456"}],"wp:term":[{"taxonomy":"product_brand","embeddable":true,"href":"https:\/\/yotavis.ch\/de\/wp-json\/wp\/v2\/product_brand?post=6456"},{"taxonomy":"product_cat","embeddable":true,"href":"https:\/\/yotavis.ch\/de\/wp-json\/wp\/v2\/product_cat?post=6456"},{"taxonomy":"product_tag","embeddable":true,"href":"https:\/\/yotavis.ch\/de\/wp-json\/wp\/v2\/product_tag?post=6456"}],"curies":[{"name":"wp","href":"https:\/\/api.w.org\/{rel}","templated":true}]}}