{"id":6460,"date":"2025-10-09T00:00:00","date_gmt":"2025-10-08T22:00:00","guid":{"rendered":"https:\/\/yotavis.ch\/product\/pwx750hf-with-iso-prog-volt-cont\/"},"modified":"2026-04-24T13:33:01","modified_gmt":"2026-04-24T11:33:01","slug":"pwx750hf-with-iso-prog-volt-cont","status":"publish","type":"product","link":"https:\/\/yotavis.ch\/de\/produkt\/pwx750hf-with-iso-prog-volt-cont\/","title":{"rendered":"PWX750HF WITH ISO PROG VOLT CONT"},"content":{"rendered":"<p>Das PWX750HF WITH ISO PROG VOLT CONT ist ein programmierbares 1U-Mehrbereichs-Gleichstromnetzteil von Kikusui mit einer Ausgangsleistung von 750 Watt. Es bietet einen Spannungsbereich von 0 bis 650 Volt und einen Strombereich von 0 bis 3,5 Ampere und eignet sich damit f\u00fcr verschiedene Anwendungen, die eine pr\u00e4zise Leistungssteuerung erfordern. Dieses Modell verf\u00fcgt \u00fcber einen einzigen Ausgangskanal, der eine gezielte und effiziente Leistungsabgabe erm\u00f6glicht. Das Ger\u00e4t ist mit einer Fernbedienung ausgestattet, die es dem Benutzer erm\u00f6glicht, das Netzteil bequem und flexibel aus der Ferne zu bedienen. Das Ger\u00e4t ist so konzipiert, dass es stabile und programmierbare Spannungs- und Stromausg\u00e4nge bereitstellt und so komplexe Test- und Entwicklungsaufgaben unterst\u00fctzt. Sein kompakter 1U-Formfaktor erm\u00f6glicht eine einfache Integration in bestehende Ger\u00e4tegestelle oder Laboreinrichtungen. Die Kombination aus hoher Spannung, Stromkapazit\u00e4t und Programmierbarkeit macht dieses Netzteil zu einem vielseitigen Werkzeug f\u00fcr professionelle Umgebungen.<\/p>","protected":false},"excerpt":{"rendered":"<p>Programmierbares 1U-Mehrbereichs-Gleichstromnetzteil, 750 W, 0 bis 650 V\/0 bis 3,5 A<\/p>","protected":false},"featured_media":7664,"comment_status":"closed","ping_status":"closed","template":"","meta":{"_acf_changed":false,"slim_seo":{"title":"PWX750HF WITH ISO PROG VOLT CONT - YOTAVIS AG","description":"Programmierbares 1U-Mehrbereichs-Gleichstromnetzteil, 750 W, 0 bis 650 V\/0 bis 3,5 A"}},"product_brand":[551],"product_cat":[516,515],"product_tag":[],"class_list":{"0":"post-6460","1":"product","2":"type-product","3":"status-publish","4":"has-post-thumbnail","6":"product_brand-kikusui","7":"product_cat-dc-source-en","8":"product_cat-power-en","9":"pa_current-a-3-5","10":"pa_output-number-146","11":"pa_power-w-564","12":"pa_remote-control-yes","13":"pa_voltage-v-554","15":"first","16":"instock","17":"taxable","18":"shipping-taxable","19":"purchasable","20":"product-type-simple"},"acf":[],"_links":{"self":[{"href":"https:\/\/yotavis.ch\/de\/wp-json\/wp\/v2\/product\/6460","targetHints":{"allow":["GET"]}}],"collection":[{"href":"https:\/\/yotavis.ch\/de\/wp-json\/wp\/v2\/product"}],"about":[{"href":"https:\/\/yotavis.ch\/de\/wp-json\/wp\/v2\/types\/product"}],"replies":[{"embeddable":true,"href":"https:\/\/yotavis.ch\/de\/wp-json\/wp\/v2\/comments?post=6460"}],"wp:featuredmedia":[{"embeddable":true,"href":"https:\/\/yotavis.ch\/de\/wp-json\/wp\/v2\/media\/7664"}],"wp:attachment":[{"href":"https:\/\/yotavis.ch\/de\/wp-json\/wp\/v2\/media?parent=6460"}],"wp:term":[{"taxonomy":"product_brand","embeddable":true,"href":"https:\/\/yotavis.ch\/de\/wp-json\/wp\/v2\/product_brand?post=6460"},{"taxonomy":"product_cat","embeddable":true,"href":"https:\/\/yotavis.ch\/de\/wp-json\/wp\/v2\/product_cat?post=6460"},{"taxonomy":"product_tag","embeddable":true,"href":"https:\/\/yotavis.ch\/de\/wp-json\/wp\/v2\/product_tag?post=6460"}],"curies":[{"name":"wp","href":"https:\/\/api.w.org\/{rel}","templated":true}]}}