{"id":6461,"date":"2025-10-09T00:00:00","date_gmt":"2025-10-08T22:00:00","guid":{"rendered":"https:\/\/yotavis.ch\/product\/pwx750hf-with-iso-prog-curr-cont\/"},"modified":"2026-04-24T13:33:01","modified_gmt":"2026-04-24T11:33:01","slug":"pwx750hf-with-iso-prog-curr-cont","status":"publish","type":"product","link":"https:\/\/yotavis.ch\/de\/produkt\/pwx750hf-with-iso-prog-curr-cont\/","title":{"rendered":"PWX750HF WITH ISO PROG CURR CONT"},"content":{"rendered":"<p>Das PWX750HF WITH ISO PROG CURR CONT ist ein programmierbares 1U-Mehrbereichs-Gleichstromnetzteil von Kikusui mit einer Ausgangsleistung von 750 Watt. Mit einem Spannungsbereich von 0 bis 650 Volt und einem Strombereich von 0 bis 3,5 Ampere ist es f\u00fcr verschiedene Anwendungen geeignet, die eine pr\u00e4zise Leistungssteuerung erfordern. Dieses Modell verf\u00fcgt \u00fcber einen einzigen Ausgangskanal, der eine gezielte Leistungsabgabe erm\u00f6glicht. Das Ger\u00e4t ist mit einer Fernbedienung ausgestattet, so dass der Benutzer es bequem und flexibel aus der Ferne bedienen kann. Das Netzteil liefert eine stabile und programmierbare Gleichstromversorgung, die unterschiedliche Pr\u00fcf- und Betriebsanforderungen erf\u00fcllt. Der kompakte 1U-Formfaktor erm\u00f6glicht eine einfache Integration in bestehende Anlagen oder Racks. Die Kombination von hohen Spannungs- und Strombereichen mit programmierbaren Funktionen macht dieses Ger\u00e4t anpassungsf\u00e4hig an eine Vielzahl von Stromversorgungsanforderungen.<\/p>","protected":false},"excerpt":{"rendered":"<p>Programmierbares 1U-Mehrbereichs-Gleichstromnetzteil, 750 W, 0 bis 650 V\/0 bis 3,5 A<\/p>","protected":false},"featured_media":7664,"comment_status":"closed","ping_status":"closed","template":"","meta":{"_acf_changed":false,"slim_seo":{"title":"PWX750HF WITH ISO PROG CURR CONT - YOTAVIS AG","description":"Programmierbares 1U-Mehrbereichs-Gleichstromnetzteil, 750 W, 0 bis 650 V\/0 bis 3,5 A"}},"product_brand":[551],"product_cat":[516,515],"product_tag":[],"class_list":{"0":"post-6461","1":"product","2":"type-product","3":"status-publish","4":"has-post-thumbnail","6":"product_brand-kikusui","7":"product_cat-dc-source-en","8":"product_cat-power-en","9":"pa_current-a-3-5","10":"pa_output-number-146","11":"pa_power-w-564","12":"pa_remote-control-yes","13":"pa_voltage-v-554","15":"first","16":"instock","17":"taxable","18":"shipping-taxable","19":"purchasable","20":"product-type-simple"},"acf":[],"_links":{"self":[{"href":"https:\/\/yotavis.ch\/de\/wp-json\/wp\/v2\/product\/6461","targetHints":{"allow":["GET"]}}],"collection":[{"href":"https:\/\/yotavis.ch\/de\/wp-json\/wp\/v2\/product"}],"about":[{"href":"https:\/\/yotavis.ch\/de\/wp-json\/wp\/v2\/types\/product"}],"replies":[{"embeddable":true,"href":"https:\/\/yotavis.ch\/de\/wp-json\/wp\/v2\/comments?post=6461"}],"wp:featuredmedia":[{"embeddable":true,"href":"https:\/\/yotavis.ch\/de\/wp-json\/wp\/v2\/media\/7664"}],"wp:attachment":[{"href":"https:\/\/yotavis.ch\/de\/wp-json\/wp\/v2\/media?parent=6461"}],"wp:term":[{"taxonomy":"product_brand","embeddable":true,"href":"https:\/\/yotavis.ch\/de\/wp-json\/wp\/v2\/product_brand?post=6461"},{"taxonomy":"product_cat","embeddable":true,"href":"https:\/\/yotavis.ch\/de\/wp-json\/wp\/v2\/product_cat?post=6461"},{"taxonomy":"product_tag","embeddable":true,"href":"https:\/\/yotavis.ch\/de\/wp-json\/wp\/v2\/product_tag?post=6461"}],"curies":[{"name":"wp","href":"https:\/\/api.w.org\/{rel}","templated":true}]}}