{"id":6464,"date":"2025-10-09T00:00:00","date_gmt":"2025-10-08T22:00:00","guid":{"rendered":"https:\/\/yotavis.ch\/product\/pwx1500l-with-iso-prog-volt-cont\/"},"modified":"2026-04-24T13:33:03","modified_gmt":"2026-04-24T11:33:03","slug":"pwx1500l-with-iso-prog-volt-cont","status":"publish","type":"product","link":"https:\/\/yotavis.ch\/de\/produkt\/pwx1500l-with-iso-prog-volt-cont\/","title":{"rendered":"PWX1500L WITH ISO PROG VOLT CONT"},"content":{"rendered":"<p>Das PWX1500L WITH ISO PROG VOLT CONT ist ein programmierbares 1U-Mehrbereichs-Gleichstromnetzteil von Kikusui mit einer Ausgangsleistung von 1500 Watt. Es bietet einen Spannungsbereich von 0 bis 30 Volt und einen Strombereich von 0 bis 150 Ampere und eignet sich damit f\u00fcr verschiedene Anwendungen, die eine pr\u00e4zise Leistungssteuerung erfordern. Dieses Modell verf\u00fcgt \u00fcber einen einzigen Ausgangskanal und unterst\u00fctzt die Fernsteuerungsfunktionalit\u00e4t, was einen bequemen Betrieb und die Integration in automatisierte Systeme erm\u00f6glicht. Bei der Konstruktion wurde besonderer Wert auf Flexibilit\u00e4t und Programmierbarkeit gelegt, so dass der Benutzer die Spannungs- und Stromeinstellungen entsprechend den spezifischen Anforderungen anpassen kann. Der kompakte 1U-Formfaktor erm\u00f6glicht eine einfache Installation in Standard-Racks. Die Stromversorgung ist so konzipiert, dass sie eine zuverl\u00e4ssige und stabile Gleichstromleistung liefert und eine Vielzahl von Pr\u00fcf- und Entwicklungsaufgaben unterst\u00fctzt.<\/p>","protected":false},"excerpt":{"rendered":"<p>Programmierbares 1U-Mehrbereichs-Gleichstromnetzteil, 1500W, 0 bis 30V\/0 bis 150A<\/p>","protected":false},"featured_media":7664,"comment_status":"closed","ping_status":"closed","template":"","meta":{"_acf_changed":false,"slim_seo":{"title":"PWX1500L WITH ISO PROG VOLT CONT - YOTAVIS AG","description":"Programmierbares 1U-Mehrbereichs-Gleichstromnetzteil, 1500W, 0 bis 30V\/0 bis 150A"}},"product_brand":[551],"product_cat":[516,515],"product_tag":[],"class_list":{"0":"post-6464","1":"product","2":"type-product","3":"status-publish","4":"has-post-thumbnail","6":"product_brand-kikusui","7":"product_cat-dc-source-en","8":"product_cat-power-en","9":"pa_current-a-569","10":"pa_output-number-146","11":"pa_power-w-400","12":"pa_remote-control-yes","13":"pa_voltage-v-145","15":"first","16":"instock","17":"taxable","18":"shipping-taxable","19":"purchasable","20":"product-type-simple"},"acf":[],"_links":{"self":[{"href":"https:\/\/yotavis.ch\/de\/wp-json\/wp\/v2\/product\/6464","targetHints":{"allow":["GET"]}}],"collection":[{"href":"https:\/\/yotavis.ch\/de\/wp-json\/wp\/v2\/product"}],"about":[{"href":"https:\/\/yotavis.ch\/de\/wp-json\/wp\/v2\/types\/product"}],"replies":[{"embeddable":true,"href":"https:\/\/yotavis.ch\/de\/wp-json\/wp\/v2\/comments?post=6464"}],"wp:featuredmedia":[{"embeddable":true,"href":"https:\/\/yotavis.ch\/de\/wp-json\/wp\/v2\/media\/7664"}],"wp:attachment":[{"href":"https:\/\/yotavis.ch\/de\/wp-json\/wp\/v2\/media?parent=6464"}],"wp:term":[{"taxonomy":"product_brand","embeddable":true,"href":"https:\/\/yotavis.ch\/de\/wp-json\/wp\/v2\/product_brand?post=6464"},{"taxonomy":"product_cat","embeddable":true,"href":"https:\/\/yotavis.ch\/de\/wp-json\/wp\/v2\/product_cat?post=6464"},{"taxonomy":"product_tag","embeddable":true,"href":"https:\/\/yotavis.ch\/de\/wp-json\/wp\/v2\/product_tag?post=6464"}],"curies":[{"name":"wp","href":"https:\/\/api.w.org\/{rel}","templated":true}]}}