{"id":6467,"date":"2025-10-09T00:00:00","date_gmt":"2025-10-08T22:00:00","guid":{"rendered":"https:\/\/yotavis.ch\/product\/pwx1500ml\/"},"modified":"2026-04-24T13:33:04","modified_gmt":"2026-04-24T11:33:04","slug":"pwx1500ml","status":"publish","type":"product","link":"https:\/\/yotavis.ch\/de\/produkt\/pwx1500ml\/","title":{"rendered":"PWX1500ML"},"content":{"rendered":"<p>Das PWX1500ML von Kikusui ist ein programmierbares 1U-Mehrbereichs-Gleichstromnetzteil mit einer Ausgangsleistung von 1500 Watt. Es bietet einen Spannungsbereich von 0 bis 80 Volt und einen Strombereich von 0 bis 56 Ampere und damit eine vielseitige Leistungsabgabe f\u00fcr verschiedene Anwendungen. Dieses Modell verf\u00fcgt \u00fcber einen einzigen Ausgangskanal, der eine gezielte und kontrollierte Stromversorgung erm\u00f6glicht. Das Ger\u00e4t ist fernbedienbar, so dass der Benutzer es bequem und flexibel aus der Ferne bedienen kann. Das Netzteil ist so konzipiert, dass es hohe Leistungsanforderungen innerhalb der spezifizierten Spannungs- und Stromgrenzen effizient bew\u00e4ltigt. Mit seinem kompakten 1U-Formfaktor eignet es sich f\u00fcr die Integration in Standard-Racks. Das Ger\u00e4t ist so konstruiert, dass es pr\u00e4zise und programmierbare Leistungseinstellungen unterst\u00fctzt, wodurch es an unterschiedliche Pr\u00fcf- und Betriebsanforderungen angepasst werden kann.<\/p>","protected":false},"excerpt":{"rendered":"<p>Programmierbares 1U-Mehrbereichs-Gleichstromnetzteil, 1500W, 0 bis 80V\/0 bis 56A<\/p>","protected":false},"featured_media":7664,"comment_status":"closed","ping_status":"closed","template":"","meta":{"_acf_changed":false,"slim_seo":{"title":"PWX1500ML - YOTAVIS AG","description":"Programmierbares 1U-Mehrbereichs-Gleichstromnetzteil, 1500W, 0 bis 80V\/0 bis 56A"}},"product_brand":[551],"product_cat":[516,515],"product_tag":[],"class_list":{"0":"post-6467","1":"product","2":"type-product","3":"status-publish","4":"has-post-thumbnail","6":"product_brand-kikusui","7":"product_cat-dc-source-en","8":"product_cat-power-en","9":"pa_current-a-570","10":"pa_output-number-146","11":"pa_power-w-400","12":"pa_remote-control-yes","13":"pa_voltage-v-155","15":"first","16":"instock","17":"taxable","18":"shipping-taxable","19":"purchasable","20":"product-type-simple"},"acf":[],"_links":{"self":[{"href":"https:\/\/yotavis.ch\/de\/wp-json\/wp\/v2\/product\/6467","targetHints":{"allow":["GET"]}}],"collection":[{"href":"https:\/\/yotavis.ch\/de\/wp-json\/wp\/v2\/product"}],"about":[{"href":"https:\/\/yotavis.ch\/de\/wp-json\/wp\/v2\/types\/product"}],"replies":[{"embeddable":true,"href":"https:\/\/yotavis.ch\/de\/wp-json\/wp\/v2\/comments?post=6467"}],"wp:featuredmedia":[{"embeddable":true,"href":"https:\/\/yotavis.ch\/de\/wp-json\/wp\/v2\/media\/7664"}],"wp:attachment":[{"href":"https:\/\/yotavis.ch\/de\/wp-json\/wp\/v2\/media?parent=6467"}],"wp:term":[{"taxonomy":"product_brand","embeddable":true,"href":"https:\/\/yotavis.ch\/de\/wp-json\/wp\/v2\/product_brand?post=6467"},{"taxonomy":"product_cat","embeddable":true,"href":"https:\/\/yotavis.ch\/de\/wp-json\/wp\/v2\/product_cat?post=6467"},{"taxonomy":"product_tag","embeddable":true,"href":"https:\/\/yotavis.ch\/de\/wp-json\/wp\/v2\/product_tag?post=6467"}],"curies":[{"name":"wp","href":"https:\/\/api.w.org\/{rel}","templated":true}]}}