{"id":6469,"date":"2025-10-09T00:00:00","date_gmt":"2025-10-08T22:00:00","guid":{"rendered":"https:\/\/yotavis.ch\/product\/pwx1500ml-with-iso-prog-curr-cont\/"},"modified":"2026-04-24T13:33:04","modified_gmt":"2026-04-24T11:33:04","slug":"pwx1500ml-with-iso-prog-curr-cont","status":"publish","type":"product","link":"https:\/\/yotavis.ch\/de\/produkt\/pwx1500ml-with-iso-prog-curr-cont\/","title":{"rendered":"PWX1500ML WITH ISO PROG CURR CONT"},"content":{"rendered":"<p>Das PWX1500ML WITH ISO PROG CURR CONT ist ein programmierbares 1U-Mehrbereichs-Gleichstromnetzteil von Kikusui. Es liefert eine maximale Ausgangsleistung von 1500 Watt mit einem Spannungsbereich von 0 bis 80 Volt und einem Strombereich von 0 bis 56 Ampere. Dieses Modell verf\u00fcgt \u00fcber einen einzigen Ausgangskanal, der eine gezielte Leistungsabgabe erm\u00f6glicht. Die mitgelieferte Fernbedienung erm\u00f6glicht es dem Benutzer, das Ger\u00e4t bequem und flexibel aus der Ferne zu bedienen. Das Netzger\u00e4t ist f\u00fcr eine Vielzahl von Anwendungen ausgelegt, die eine pr\u00e4zise Spannungs- und Stromregelung innerhalb der angegebenen Bereiche erfordern. Mit seinem kompakten 1U-Formfaktor eignet es sich f\u00fcr die Integration in Standard-Racks. Die Spezifikationen des Ger\u00e4ts betonen seine F\u00e4higkeit, eine stabile und programmierbare Gleichstromleistung ohne zus\u00e4tzliche Funktionen wie Touchscreens oder mehrere Kan\u00e4le zu liefern.<\/p>","protected":false},"excerpt":{"rendered":"<p>Programmierbares 1U-Mehrbereichs-Gleichstromnetzteil, 1500W, 0 bis 80V\/0 bis 56A<\/p>","protected":false},"featured_media":7664,"comment_status":"closed","ping_status":"closed","template":"","meta":{"_acf_changed":false,"slim_seo":{"title":"PWX1500ML WITH ISO PROG CURR CONT - YOTAVIS AG","description":"Programmierbares 1U-Mehrbereichs-Gleichstromnetzteil, 1500W, 0 bis 80V\/0 bis 56A"}},"product_brand":[551],"product_cat":[516,515],"product_tag":[],"class_list":{"0":"post-6469","1":"product","2":"type-product","3":"status-publish","4":"has-post-thumbnail","6":"product_brand-kikusui","7":"product_cat-dc-source-en","8":"product_cat-power-en","9":"pa_current-a-570","10":"pa_output-number-146","11":"pa_power-w-400","12":"pa_remote-control-yes","13":"pa_voltage-v-155","15":"first","16":"instock","17":"taxable","18":"shipping-taxable","19":"purchasable","20":"product-type-simple"},"acf":[],"_links":{"self":[{"href":"https:\/\/yotavis.ch\/de\/wp-json\/wp\/v2\/product\/6469","targetHints":{"allow":["GET"]}}],"collection":[{"href":"https:\/\/yotavis.ch\/de\/wp-json\/wp\/v2\/product"}],"about":[{"href":"https:\/\/yotavis.ch\/de\/wp-json\/wp\/v2\/types\/product"}],"replies":[{"embeddable":true,"href":"https:\/\/yotavis.ch\/de\/wp-json\/wp\/v2\/comments?post=6469"}],"wp:featuredmedia":[{"embeddable":true,"href":"https:\/\/yotavis.ch\/de\/wp-json\/wp\/v2\/media\/7664"}],"wp:attachment":[{"href":"https:\/\/yotavis.ch\/de\/wp-json\/wp\/v2\/media?parent=6469"}],"wp:term":[{"taxonomy":"product_brand","embeddable":true,"href":"https:\/\/yotavis.ch\/de\/wp-json\/wp\/v2\/product_brand?post=6469"},{"taxonomy":"product_cat","embeddable":true,"href":"https:\/\/yotavis.ch\/de\/wp-json\/wp\/v2\/product_cat?post=6469"},{"taxonomy":"product_tag","embeddable":true,"href":"https:\/\/yotavis.ch\/de\/wp-json\/wp\/v2\/product_tag?post=6469"}],"curies":[{"name":"wp","href":"https:\/\/api.w.org\/{rel}","templated":true}]}}