{"id":6473,"date":"2025-10-09T00:00:00","date_gmt":"2025-10-08T22:00:00","guid":{"rendered":"https:\/\/yotavis.ch\/product\/pwx1500mh-with-iso-prog-curr-cont\/"},"modified":"2026-04-24T13:33:06","modified_gmt":"2026-04-24T11:33:06","slug":"pwx1500mh-with-iso-prog-curr-cont","status":"publish","type":"product","link":"https:\/\/yotavis.ch\/de\/produkt\/pwx1500mh-with-iso-prog-curr-cont\/","title":{"rendered":"PWX1500MH WITH ISO PROG CURR CONT"},"content":{"rendered":"<p>Das PWX1500MH WITH ISO PROG CURR CONT ist ein programmierbares 1U-Mehrbereichs-Gleichstromnetzteil von Kikusui mit einer Ausgangsleistung von 1500 Watt. Mit einem Spannungsbereich von 0 bis 230 Volt und einem Strombereich von 0 bis 20 Ampere eignet es sich f\u00fcr verschiedene Anwendungen, die eine pr\u00e4zise Leistungssteuerung erfordern. Dieses Modell verf\u00fcgt \u00fcber einen einzigen Ausgangskanal, der eine gezielte und effiziente Leistungsabgabe erm\u00f6glicht. Das Ger\u00e4t ist mit einer Fernbedienung ausgestattet, die es dem Benutzer erm\u00f6glicht, das Netzteil bequem und flexibel aus der Ferne zu bedienen. Das Ger\u00e4t ist f\u00fcr eine maximale Spannung von 230 Volt und einen maximalen Strom von 20 Ampere ausgelegt und erf\u00fcllt damit die Anforderungen von Hochleistungsanwendungen. Sein kompakter 1U-Formfaktor erm\u00f6glicht eine einfache Integration in bestehende Installationen, ohne \u00fcberm\u00e4\u00dfig viel Platz zu beanspruchen. Die Kombination dieser Spezifikationen macht das PWX1500MH zu einem vielseitigen Werkzeug f\u00fcr Umgebungen, in denen eine programmierbare und zuverl\u00e4ssige Gleichstromversorgung unerl\u00e4sslich ist.<\/p>","protected":false},"excerpt":{"rendered":"<p>Programmierbares 1U-Mehrbereichs-Gleichstromnetzteil, 1500W, 0 bis 230V\/0 bis 20A<\/p>","protected":false},"featured_media":7664,"comment_status":"closed","ping_status":"closed","template":"","meta":{"_acf_changed":false,"slim_seo":{"title":"PWX1500MH WITH ISO PROG CURR CONT - YOTAVIS AG","description":"Programmierbares 1U-Mehrbereichs-Gleichstromnetzteil, 1500W, 0 bis 230V\/0 bis 20A"}},"product_brand":[551],"product_cat":[516,515],"product_tag":[],"class_list":{"0":"post-6473","1":"product","2":"type-product","3":"status-publish","4":"has-post-thumbnail","6":"product_brand-kikusui","7":"product_cat-dc-source-en","8":"product_cat-power-en","9":"pa_current-a-552","10":"pa_output-number-146","11":"pa_power-w-400","12":"pa_remote-control-yes","13":"pa_voltage-v-567","15":"first","16":"instock","17":"taxable","18":"shipping-taxable","19":"purchasable","20":"product-type-simple"},"acf":[],"_links":{"self":[{"href":"https:\/\/yotavis.ch\/de\/wp-json\/wp\/v2\/product\/6473","targetHints":{"allow":["GET"]}}],"collection":[{"href":"https:\/\/yotavis.ch\/de\/wp-json\/wp\/v2\/product"}],"about":[{"href":"https:\/\/yotavis.ch\/de\/wp-json\/wp\/v2\/types\/product"}],"replies":[{"embeddable":true,"href":"https:\/\/yotavis.ch\/de\/wp-json\/wp\/v2\/comments?post=6473"}],"wp:featuredmedia":[{"embeddable":true,"href":"https:\/\/yotavis.ch\/de\/wp-json\/wp\/v2\/media\/7664"}],"wp:attachment":[{"href":"https:\/\/yotavis.ch\/de\/wp-json\/wp\/v2\/media?parent=6473"}],"wp:term":[{"taxonomy":"product_brand","embeddable":true,"href":"https:\/\/yotavis.ch\/de\/wp-json\/wp\/v2\/product_brand?post=6473"},{"taxonomy":"product_cat","embeddable":true,"href":"https:\/\/yotavis.ch\/de\/wp-json\/wp\/v2\/product_cat?post=6473"},{"taxonomy":"product_tag","embeddable":true,"href":"https:\/\/yotavis.ch\/de\/wp-json\/wp\/v2\/product_tag?post=6473"}],"curies":[{"name":"wp","href":"https:\/\/api.w.org\/{rel}","templated":true}]}}