{"id":6474,"date":"2025-10-09T00:00:00","date_gmt":"2025-10-08T22:00:00","guid":{"rendered":"https:\/\/yotavis.ch\/product\/pwx1500mh-with-vir\/"},"modified":"2026-04-24T13:33:06","modified_gmt":"2026-04-24T11:33:06","slug":"pwx1500mh-with-vir","status":"publish","type":"product","link":"https:\/\/yotavis.ch\/de\/produkt\/pwx1500mh-with-vir\/","title":{"rendered":"PWX1500MH MIT VIR"},"content":{"rendered":"<p>Das PWX1500MH WITH VIR ist ein programmierbares 1U-Mehrbereichs-Gleichstromnetzteil von Kikusui mit einer Ausgangsleistung von 1500 Watt. Es arbeitet in einem Spannungsbereich von 0 bis 230 Volt und einem Strombereich von 0 bis 20 Ampere und bietet einen einzigen Ausgangskanal. Dieses Netzteil unterst\u00fctzt die Fernsteuerungsfunktionalit\u00e4t und erm\u00f6glicht so eine komfortable Bedienung und Integration in automatisierte Systeme. Es ist f\u00fcr eine maximale Spannung von 230 Volt und einen maximalen Strom von 20 Ampere ausgelegt und eignet sich f\u00fcr verschiedene Test- und Entwicklungsanwendungen, die eine pr\u00e4zise Gleichstromversorgung erfordern. Dank seines kompakten 1U-Formfaktors eignet sich das Ger\u00e4t f\u00fcr die Rack-Montage in Labor- oder Industrieumgebungen. Dank seiner Programmierbarkeit kann der Benutzer spezifische Spannungs- und Stromparameter einstellen, um verschiedene Pr\u00fcfanforderungen zu erf\u00fcllen. Die einzige Ausgangsnummer des Ger\u00e4ts vereinfacht den Anschluss und die Verwendung in Konfigurationen, in denen eine einzige kontrollierte Stromquelle ben\u00f6tigt wird.<\/p>","protected":false},"excerpt":{"rendered":"<p>Programmierbares 1U-Mehrbereichs-Gleichstromnetzteil, 1500W, 0 bis 230V\/0 bis 20A<\/p>","protected":false},"featured_media":7664,"comment_status":"closed","ping_status":"closed","template":"","meta":{"_acf_changed":false,"slim_seo":{"title":"PWX1500MH WITH VIR - YOTAVIS AG","description":"Programmierbares 1U-Mehrbereichs-Gleichstromnetzteil, 1500W, 0 bis 230V\/0 bis 20A"}},"product_brand":[551],"product_cat":[516,515],"product_tag":[],"class_list":{"0":"post-6474","1":"product","2":"type-product","3":"status-publish","4":"has-post-thumbnail","6":"product_brand-kikusui","7":"product_cat-dc-source-en","8":"product_cat-power-en","9":"pa_current-a-552","10":"pa_output-number-146","11":"pa_power-w-400","12":"pa_remote-control-yes","13":"pa_voltage-v-567","15":"first","16":"instock","17":"taxable","18":"shipping-taxable","19":"purchasable","20":"product-type-simple"},"acf":[],"_links":{"self":[{"href":"https:\/\/yotavis.ch\/de\/wp-json\/wp\/v2\/product\/6474","targetHints":{"allow":["GET"]}}],"collection":[{"href":"https:\/\/yotavis.ch\/de\/wp-json\/wp\/v2\/product"}],"about":[{"href":"https:\/\/yotavis.ch\/de\/wp-json\/wp\/v2\/types\/product"}],"replies":[{"embeddable":true,"href":"https:\/\/yotavis.ch\/de\/wp-json\/wp\/v2\/comments?post=6474"}],"wp:featuredmedia":[{"embeddable":true,"href":"https:\/\/yotavis.ch\/de\/wp-json\/wp\/v2\/media\/7664"}],"wp:attachment":[{"href":"https:\/\/yotavis.ch\/de\/wp-json\/wp\/v2\/media?parent=6474"}],"wp:term":[{"taxonomy":"product_brand","embeddable":true,"href":"https:\/\/yotavis.ch\/de\/wp-json\/wp\/v2\/product_brand?post=6474"},{"taxonomy":"product_cat","embeddable":true,"href":"https:\/\/yotavis.ch\/de\/wp-json\/wp\/v2\/product_cat?post=6474"},{"taxonomy":"product_tag","embeddable":true,"href":"https:\/\/yotavis.ch\/de\/wp-json\/wp\/v2\/product_tag?post=6474"}],"curies":[{"name":"wp","href":"https:\/\/api.w.org\/{rel}","templated":true}]}}