{"id":6479,"date":"2025-10-09T00:00:00","date_gmt":"2025-10-08T22:00:00","guid":{"rendered":"https:\/\/yotavis.ch\/product\/pav10-20\/"},"modified":"2026-04-24T13:33:08","modified_gmt":"2026-04-24T11:33:08","slug":"pav10-20","status":"publish","type":"product","link":"https:\/\/yotavis.ch\/de\/produkt\/pav10-20\/","title":{"rendered":"PAV10-20"},"content":{"rendered":"<p>Das Kikusui PAV10-20 ist ein intelligentes, variabel schaltbares Gleichstromnetzteil, das eine Ausgangsspannung von 0 bis 10 Volt und einen Strom von bis zu 20 Ampere liefern kann. Es verf\u00fcgt \u00fcber einen einzigen Ausgangskanal, der eine maximale Leistung von 200 Watt liefern kann. Dieses Netzteil unterst\u00fctzt eine Fernsteuerungsfunktion, die eine bequeme Bedienung und Integration in automatisierte Systeme erm\u00f6glicht. Das Ger\u00e4t ist so konstruiert, dass es eine pr\u00e4zise Spannungs- und Stromregelung innerhalb der angegebenen Bereiche bietet. Sein Design konzentriert sich auf die Bereitstellung einer zuverl\u00e4ssigen und stabilen Ausgangsleistung, die sich f\u00fcr verschiedene Anwendungen eignet, die eine kontrollierte Gleichstromversorgung erfordern. Die M\u00f6glichkeit der Fernsteuerung erh\u00f6ht die Vielseitigkeit des Ger\u00e4ts in Labor- oder Industrieumgebungen, in denen eine Fern\u00fcberwachung und -einstellung erforderlich ist. Das PAV10-20 vereint diese Eigenschaften in einem kompakten und effizienten Ger\u00e4t, das auf die Bed\u00fcrfnisse von Anwendern zugeschnitten ist, die eine regelbare Gleichstromleistung mit Fernbedienungsm\u00f6glichkeiten ben\u00f6tigen.<\/p>","protected":false},"excerpt":{"rendered":"<p>Intelligentes, variabel schaltbares DC-Netzteil, 0 bis 10V \/ 0 bis 20A<\/p>","protected":false},"featured_media":7674,"comment_status":"closed","ping_status":"closed","template":"","meta":{"_acf_changed":false,"slim_seo":{"title":"PAV10-20 - YOTAVIS AG","description":"Intelligentes, variabel schaltbares DC-Netzteil, 0 bis 10V \/ 0 bis 20A"}},"product_brand":[551],"product_cat":[516,515],"product_tag":[],"class_list":{"0":"post-6479","1":"product","2":"type-product","3":"status-publish","4":"has-post-thumbnail","6":"product_brand-kikusui","7":"product_cat-dc-source-en","8":"product_cat-power-en","9":"pa_current-a-552","10":"pa_output-number-146","11":"pa_power-w-414","12":"pa_remote-control-yes","13":"pa_voltage-v-572","15":"first","16":"instock","17":"taxable","18":"shipping-taxable","19":"purchasable","20":"product-type-simple"},"acf":[],"_links":{"self":[{"href":"https:\/\/yotavis.ch\/de\/wp-json\/wp\/v2\/product\/6479","targetHints":{"allow":["GET"]}}],"collection":[{"href":"https:\/\/yotavis.ch\/de\/wp-json\/wp\/v2\/product"}],"about":[{"href":"https:\/\/yotavis.ch\/de\/wp-json\/wp\/v2\/types\/product"}],"replies":[{"embeddable":true,"href":"https:\/\/yotavis.ch\/de\/wp-json\/wp\/v2\/comments?post=6479"}],"wp:featuredmedia":[{"embeddable":true,"href":"https:\/\/yotavis.ch\/de\/wp-json\/wp\/v2\/media\/7674"}],"wp:attachment":[{"href":"https:\/\/yotavis.ch\/de\/wp-json\/wp\/v2\/media?parent=6479"}],"wp:term":[{"taxonomy":"product_brand","embeddable":true,"href":"https:\/\/yotavis.ch\/de\/wp-json\/wp\/v2\/product_brand?post=6479"},{"taxonomy":"product_cat","embeddable":true,"href":"https:\/\/yotavis.ch\/de\/wp-json\/wp\/v2\/product_cat?post=6479"},{"taxonomy":"product_tag","embeddable":true,"href":"https:\/\/yotavis.ch\/de\/wp-json\/wp\/v2\/product_tag?post=6479"}],"curies":[{"name":"wp","href":"https:\/\/api.w.org\/{rel}","templated":true}]}}