{"id":6483,"date":"2025-10-09T00:00:00","date_gmt":"2025-10-08T22:00:00","guid":{"rendered":"https:\/\/yotavis.ch\/product\/pav100-2\/"},"modified":"2026-04-24T13:33:12","modified_gmt":"2026-04-24T11:33:12","slug":"pav100-2","status":"publish","type":"product","link":"https:\/\/yotavis.ch\/de\/produkt\/pav100-2\/","title":{"rendered":"PAV100-2"},"content":{"rendered":"<p>Das Kikusui PAV100-2 ist ein intelligentes, variabel schaltbares Gleichstromnetzteil, das eine Ausgangsspannung von 0 bis 100 Volt und einen Strom von 0 bis 2 Ampere liefern kann. Es hat eine Nennleistung von 200 Watt und verf\u00fcgt \u00fcber einen einzigen Ausgangskanal. Dieses Netzteil unterst\u00fctzt die Fernbedienungsfunktion, die eine Bedienung und Einstellung aus der Ferne erm\u00f6glicht. Das Ger\u00e4t bietet eine pr\u00e4zise und einstellbare Ausgangsleistung f\u00fcr verschiedene Anwendungen, die eine kontrollierte Spannung und Stromst\u00e4rke erfordern. Die maximale Ausgangsspannung betr\u00e4gt 100 Volt, die maximale Ausgangsstromst\u00e4rke 2 Ampere. Die integrierte Fernbedienung verbessert die Nutzbarkeit des Ger\u00e4ts in automatisierten oder schwer zug\u00e4nglichen Umgebungen. Insgesamt vereint das PAV100-2 Flexibilit\u00e4t bei der Spannungs- und Stromeinstellung mit Fernbedienbarkeit in einer einzigen Ausgangskonfiguration.<\/p>","protected":false},"excerpt":{"rendered":"<p>Intelligentes, variabel schaltbares DC-Netzteil, 0 bis 100 V \/ 0 bis 2 A<\/p>","protected":false},"featured_media":7673,"comment_status":"closed","ping_status":"closed","template":"","meta":{"_acf_changed":false,"slim_seo":{"title":"PAV100-2 - YOTAVIS AG","description":"Intelligentes, variabel schaltbares DC-Netzteil, 0 bis 100 V \/ 0 bis 2 A"}},"product_brand":[551],"product_cat":[516,515],"product_tag":[],"class_list":{"0":"post-6483","1":"product","2":"type-product","3":"status-publish","4":"has-post-thumbnail","6":"product_brand-kikusui","7":"product_cat-dc-source-en","8":"product_cat-power-en","9":"pa_current-a-573","10":"pa_output-number-146","11":"pa_power-w-414","12":"pa_remote-control-yes","13":"pa_voltage-v-151","15":"first","16":"instock","17":"taxable","18":"shipping-taxable","19":"purchasable","20":"product-type-simple"},"acf":[],"_links":{"self":[{"href":"https:\/\/yotavis.ch\/de\/wp-json\/wp\/v2\/product\/6483","targetHints":{"allow":["GET"]}}],"collection":[{"href":"https:\/\/yotavis.ch\/de\/wp-json\/wp\/v2\/product"}],"about":[{"href":"https:\/\/yotavis.ch\/de\/wp-json\/wp\/v2\/types\/product"}],"replies":[{"embeddable":true,"href":"https:\/\/yotavis.ch\/de\/wp-json\/wp\/v2\/comments?post=6483"}],"wp:featuredmedia":[{"embeddable":true,"href":"https:\/\/yotavis.ch\/de\/wp-json\/wp\/v2\/media\/7673"}],"wp:attachment":[{"href":"https:\/\/yotavis.ch\/de\/wp-json\/wp\/v2\/media?parent=6483"}],"wp:term":[{"taxonomy":"product_brand","embeddable":true,"href":"https:\/\/yotavis.ch\/de\/wp-json\/wp\/v2\/product_brand?post=6483"},{"taxonomy":"product_cat","embeddable":true,"href":"https:\/\/yotavis.ch\/de\/wp-json\/wp\/v2\/product_cat?post=6483"},{"taxonomy":"product_tag","embeddable":true,"href":"https:\/\/yotavis.ch\/de\/wp-json\/wp\/v2\/product_tag?post=6483"}],"curies":[{"name":"wp","href":"https:\/\/api.w.org\/{rel}","templated":true}]}}