{"id":6485,"date":"2025-10-09T00:00:00","date_gmt":"2025-10-08T22:00:00","guid":{"rendered":"https:\/\/yotavis.ch\/product\/pav320-0-65\/"},"modified":"2026-04-24T13:33:13","modified_gmt":"2026-04-24T11:33:13","slug":"pav320-0-65","status":"publish","type":"product","link":"https:\/\/yotavis.ch\/de\/produkt\/pav320-0-65\/","title":{"rendered":"PAV320-0.65"},"content":{"rendered":"<p>Das Kikusui PAV320-0.65 ist ein intelligentes, variabel schaltbares DC-Netzteil mit einem Ausgangsspannungsbereich von 0 bis 320 Volt und einem Strombereich von 0 bis 0,65 Ampere. Es liefert eine maximale Ausgangsleistung von 200 Watt und eignet sich damit f\u00fcr verschiedene Anwendungen, die eine pr\u00e4zise Spannungs- und Stromregelung erfordern. Dieses Modell verf\u00fcgt \u00fcber einen einzigen Ausgangskanal, was eine einfache Bedienung und einen einfachen Anschluss erm\u00f6glicht. Die mitgelieferte Fernbedienung erm\u00f6glicht es dem Benutzer, das Netzger\u00e4t aus der Ferne zu bedienen, was eine bequeme und flexible Handhabung in Testumgebungen erm\u00f6glicht. Das Ger\u00e4t ist so konzipiert, dass es eine stabile und einstellbare Ausgangsleistung liefert und damit Aufgaben unterst\u00fctzt, die eine genaue Leistungsregelung erfordern. Sein kompaktes Design und seine funktionellen Merkmale machen es zu einer praktischen Wahl f\u00fcr den Einsatz in Labor und Industrie, wo eine kontrollierte Gleichstromversorgung unerl\u00e4sslich ist.<\/p>","protected":false},"excerpt":{"rendered":"<p>Intelligentes, variabel schaltbares DC-Netzteil, 0 bis 320V \/ 0 bis 0,65A<\/p>","protected":false},"featured_media":7672,"comment_status":"closed","ping_status":"closed","template":"","meta":{"_acf_changed":false,"slim_seo":{"title":"PAV320-0.65 - YOTAVIS AG","description":"Intelligentes, variabel schaltbares DC-Netzteil, 0 bis 320V \/ 0 bis 0,65A"}},"product_brand":[551],"product_cat":[516,515],"product_tag":[],"class_list":{"0":"post-6485","1":"product","2":"type-product","3":"status-publish","4":"has-post-thumbnail","6":"product_brand-kikusui","7":"product_cat-dc-source-en","8":"product_cat-power-en","9":"pa_current-a-0-65","10":"pa_output-number-146","11":"pa_power-w-414","12":"pa_remote-control-yes","13":"pa_voltage-v-575","15":"first","16":"instock","17":"taxable","18":"shipping-taxable","19":"purchasable","20":"product-type-simple"},"acf":[],"_links":{"self":[{"href":"https:\/\/yotavis.ch\/de\/wp-json\/wp\/v2\/product\/6485","targetHints":{"allow":["GET"]}}],"collection":[{"href":"https:\/\/yotavis.ch\/de\/wp-json\/wp\/v2\/product"}],"about":[{"href":"https:\/\/yotavis.ch\/de\/wp-json\/wp\/v2\/types\/product"}],"replies":[{"embeddable":true,"href":"https:\/\/yotavis.ch\/de\/wp-json\/wp\/v2\/comments?post=6485"}],"wp:featuredmedia":[{"embeddable":true,"href":"https:\/\/yotavis.ch\/de\/wp-json\/wp\/v2\/media\/7672"}],"wp:attachment":[{"href":"https:\/\/yotavis.ch\/de\/wp-json\/wp\/v2\/media?parent=6485"}],"wp:term":[{"taxonomy":"product_brand","embeddable":true,"href":"https:\/\/yotavis.ch\/de\/wp-json\/wp\/v2\/product_brand?post=6485"},{"taxonomy":"product_cat","embeddable":true,"href":"https:\/\/yotavis.ch\/de\/wp-json\/wp\/v2\/product_cat?post=6485"},{"taxonomy":"product_tag","embeddable":true,"href":"https:\/\/yotavis.ch\/de\/wp-json\/wp\/v2\/product_tag?post=6485"}],"curies":[{"name":"wp","href":"https:\/\/api.w.org\/{rel}","templated":true}]}}