{"id":6486,"date":"2025-10-09T00:00:00","date_gmt":"2025-10-08T22:00:00","guid":{"rendered":"https:\/\/yotavis.ch\/product\/pav650-0-32\/"},"modified":"2026-04-24T13:33:13","modified_gmt":"2026-04-24T11:33:13","slug":"pav650-0-32","status":"publish","type":"product","link":"https:\/\/yotavis.ch\/de\/produkt\/pav650-0-32\/","title":{"rendered":"PAV650-0.32"},"content":{"rendered":"<p>Das Kikusui PAV650-0.32 ist ein intelligentes, variabel schaltbares DC-Netzteil, das eine Ausgangsspannung von 0 bis 650 Volt und einen Strom von 0 bis 0,32 Ampere liefern kann. Es verf\u00fcgt \u00fcber einen einzigen Ausgangskanal und eignet sich daher f\u00fcr Anwendungen, die eine pr\u00e4zise Steuerung von Spannung und Strom innerhalb dieser Bereiche erfordern. Das Netzteil hat eine maximale Ausgangsleistung von 200 Watt und kann somit auch moderate Leistungsanforderungen effizient erf\u00fcllen. Es verf\u00fcgt \u00fcber eine Fernsteuerungsfunktion, die es dem Benutzer erm\u00f6glicht, das Ger\u00e4t aus der Ferne zu bedienen und in automatisierte Systeme zu integrieren. Dieses Modell bietet eine stabile und einstellbare Ausgangsleistung, die verschiedene Pr\u00fcf- und Entwicklungsanforderungen erf\u00fcllt. Sein Design konzentriert sich auf Flexibilit\u00e4t und Kontrolle und erm\u00f6glicht verschiedene Spannungs- und Stromeinstellungen je nach Bedarf des Benutzers. Das PAV650-0.32 ist ein zuverl\u00e4ssiges Werkzeug f\u00fcr Anwendungen, die ein pr\u00e4zises DC-Stromversorgungsmanagement erfordern.<\/p>","protected":false},"excerpt":{"rendered":"<p>Intelligentes, variabel schaltbares DC-Netzteil, 0 bis 650V \/ 0 bis 0,32A<\/p>","protected":false},"featured_media":7672,"comment_status":"closed","ping_status":"closed","template":"","meta":{"_acf_changed":false,"slim_seo":{"title":"PAV650-0.32 - YOTAVIS AG","description":"Intelligentes, variabel schaltbares DC-Netzteil, 0 bis 650V \/ 0 bis 0,32A"}},"product_brand":[551],"product_cat":[516,515],"product_tag":[],"class_list":{"0":"post-6486","1":"product","2":"type-product","3":"status-publish","4":"has-post-thumbnail","6":"product_brand-kikusui","7":"product_cat-dc-source-en","8":"product_cat-power-en","9":"pa_current-a-0-32","10":"pa_output-number-146","11":"pa_power-w-414","12":"pa_remote-control-yes","13":"pa_voltage-v-554","15":"first","16":"instock","17":"taxable","18":"shipping-taxable","19":"purchasable","20":"product-type-simple"},"acf":[],"_links":{"self":[{"href":"https:\/\/yotavis.ch\/de\/wp-json\/wp\/v2\/product\/6486","targetHints":{"allow":["GET"]}}],"collection":[{"href":"https:\/\/yotavis.ch\/de\/wp-json\/wp\/v2\/product"}],"about":[{"href":"https:\/\/yotavis.ch\/de\/wp-json\/wp\/v2\/types\/product"}],"replies":[{"embeddable":true,"href":"https:\/\/yotavis.ch\/de\/wp-json\/wp\/v2\/comments?post=6486"}],"wp:featuredmedia":[{"embeddable":true,"href":"https:\/\/yotavis.ch\/de\/wp-json\/wp\/v2\/media\/7672"}],"wp:attachment":[{"href":"https:\/\/yotavis.ch\/de\/wp-json\/wp\/v2\/media?parent=6486"}],"wp:term":[{"taxonomy":"product_brand","embeddable":true,"href":"https:\/\/yotavis.ch\/de\/wp-json\/wp\/v2\/product_brand?post=6486"},{"taxonomy":"product_cat","embeddable":true,"href":"https:\/\/yotavis.ch\/de\/wp-json\/wp\/v2\/product_cat?post=6486"},{"taxonomy":"product_tag","embeddable":true,"href":"https:\/\/yotavis.ch\/de\/wp-json\/wp\/v2\/product_tag?post=6486"}],"curies":[{"name":"wp","href":"https:\/\/api.w.org\/{rel}","templated":true}]}}