{"id":6487,"date":"2025-10-09T00:00:00","date_gmt":"2025-10-08T22:00:00","guid":{"rendered":"https:\/\/yotavis.ch\/product\/pav10-20-with-lan\/"},"modified":"2026-04-24T13:33:14","modified_gmt":"2026-04-24T11:33:14","slug":"pav10-20-with-lan","status":"publish","type":"product","link":"https:\/\/yotavis.ch\/de\/produkt\/pav10-20-with-lan\/","title":{"rendered":"PAV10-20 MIT LAN"},"content":{"rendered":"<p>Das Kikusui PAV10-20 WITH LAN ist ein intelligentes, variabel schaltbares Gleichstromnetzteil, das eine Ausgangsspannung von 0 bis 10 Volt und einen Strom von bis zu 20 Ampere liefern kann. Es hat eine Nennleistung von 200 Watt und verf\u00fcgt \u00fcber einen einzigen Ausgangskanal. Dieses Netzger\u00e4t unterst\u00fctzt die Fernsteuerungsfunktionalit\u00e4t und erm\u00f6glicht so eine bequeme Bedienung und Integration in automatisierte Systeme. Das Ger\u00e4t wurde entwickelt, um eine pr\u00e4zise und stabile Ausgangsleistung zu liefern, die f\u00fcr verschiedene Anwendungen geeignet ist, die eine kontrollierte Gleichstromversorgung erfordern. Das Ger\u00e4t verf\u00fcgt \u00fcber eine LAN-Schnittstelle, die den Anschluss an ein Netzwerk zur Fern\u00fcberwachung und -steuerung erm\u00f6glicht. Durch die Kombination von Spannungs- und Stromf\u00e4higkeiten eignet sich das Ger\u00e4t zum Testen und Versorgen elektronischer Ger\u00e4te innerhalb seines spezifizierten Bereichs. Der einzelne Ausgangskanal des Ger\u00e4ts vereinfacht die Einrichtung und den Betrieb, w\u00e4hrend die Flexibilit\u00e4t durch die Fernsteuerungsfunktion erhalten bleibt.<\/p>","protected":false},"excerpt":{"rendered":"<p>Intelligentes, variabel schaltbares DC-Netzteil, 0 bis 10V \/ 0 bis 20A<\/p>","protected":false},"featured_media":7674,"comment_status":"closed","ping_status":"closed","template":"","meta":{"_acf_changed":false,"slim_seo":{"title":"PAV10-20 WITH LAN - YOTAVIS AG","description":"Intelligentes, variabel schaltbares DC-Netzteil, 0 bis 10V \/ 0 bis 20A"}},"product_brand":[551],"product_cat":[516,515],"product_tag":[],"class_list":{"0":"post-6487","1":"product","2":"type-product","3":"status-publish","4":"has-post-thumbnail","6":"product_brand-kikusui","7":"product_cat-dc-source-en","8":"product_cat-power-en","9":"pa_current-a-552","10":"pa_output-number-146","11":"pa_power-w-414","12":"pa_remote-control-yes","13":"pa_voltage-v-572","15":"first","16":"instock","17":"taxable","18":"shipping-taxable","19":"purchasable","20":"product-type-simple"},"acf":[],"_links":{"self":[{"href":"https:\/\/yotavis.ch\/de\/wp-json\/wp\/v2\/product\/6487","targetHints":{"allow":["GET"]}}],"collection":[{"href":"https:\/\/yotavis.ch\/de\/wp-json\/wp\/v2\/product"}],"about":[{"href":"https:\/\/yotavis.ch\/de\/wp-json\/wp\/v2\/types\/product"}],"replies":[{"embeddable":true,"href":"https:\/\/yotavis.ch\/de\/wp-json\/wp\/v2\/comments?post=6487"}],"wp:featuredmedia":[{"embeddable":true,"href":"https:\/\/yotavis.ch\/de\/wp-json\/wp\/v2\/media\/7674"}],"wp:attachment":[{"href":"https:\/\/yotavis.ch\/de\/wp-json\/wp\/v2\/media?parent=6487"}],"wp:term":[{"taxonomy":"product_brand","embeddable":true,"href":"https:\/\/yotavis.ch\/de\/wp-json\/wp\/v2\/product_brand?post=6487"},{"taxonomy":"product_cat","embeddable":true,"href":"https:\/\/yotavis.ch\/de\/wp-json\/wp\/v2\/product_cat?post=6487"},{"taxonomy":"product_tag","embeddable":true,"href":"https:\/\/yotavis.ch\/de\/wp-json\/wp\/v2\/product_tag?post=6487"}],"curies":[{"name":"wp","href":"https:\/\/api.w.org\/{rel}","templated":true}]}}