{"id":6497,"date":"2025-10-09T00:00:00","date_gmt":"2025-10-08T22:00:00","guid":{"rendered":"https:\/\/yotavis.ch\/product\/pav36-12\/"},"modified":"2026-04-24T13:33:19","modified_gmt":"2026-04-24T11:33:19","slug":"pav36-12","status":"publish","type":"product","link":"https:\/\/yotavis.ch\/de\/produkt\/pav36-12\/","title":{"rendered":"PAV36-12"},"content":{"rendered":"<p>Das Kikusui PAV36-12 ist ein intelligentes, variabel schaltbares DC-Netzteil mit einem Ausgangsspannungsbereich von 0 bis 36 Volt und einem Strombereich von 0 bis 12 Ampere. Es liefert eine maximale Ausgangsleistung von 400 Watt \u00fcber einen einzigen Ausgangskanal. Dieses Netzteil unterst\u00fctzt die Fernsteuerungsfunktionalit\u00e4t und erm\u00f6glicht so eine komfortable Bedienung und Integration in automatisierte Systeme. Das Ger\u00e4t ist so konzipiert, dass es eine pr\u00e4zise und einstellbare Ausgangsleistung liefert, die f\u00fcr verschiedene Anwendungen geeignet ist, die eine kontrollierte Spannung und einen kontrollierten Strom erfordern. Sein kompaktes Design und die fortschrittliche Schalttechnologie tragen zu einer effizienten Leistungsabgabe bei. Das PAV36-12 wurde entwickelt, um die Anforderungen von Anwendern zu erf\u00fcllen, die zuverl\u00e4ssige und flexible Gleichstromquellen mit Fernbedienungsm\u00f6glichkeiten ben\u00f6tigen.<\/p>","protected":false},"excerpt":{"rendered":"<p>Intelligentes, variabel schaltbares DC-Netzteil, 0 bis 36V \/ 0 bis 12A<\/p>","protected":false},"featured_media":7673,"comment_status":"closed","ping_status":"closed","template":"","meta":{"_acf_changed":false,"slim_seo":{"title":"PAV36-12 - YOTAVIS AG","description":"Intelligentes, variabel schaltbares DC-Netzteil, 0 bis 36V \/ 0 bis 12A"}},"product_brand":[551],"product_cat":[516,515],"product_tag":[],"class_list":{"0":"post-6497","1":"product","2":"type-product","3":"status-publish","4":"has-post-thumbnail","6":"product_brand-kikusui","7":"product_cat-dc-source-en","8":"product_cat-power-en","9":"pa_current-a-578","10":"pa_output-number-146","11":"pa_power-w-398","12":"pa_remote-control-yes","13":"pa_voltage-v-318","15":"first","16":"instock","17":"taxable","18":"shipping-taxable","19":"purchasable","20":"product-type-simple"},"acf":[],"_links":{"self":[{"href":"https:\/\/yotavis.ch\/de\/wp-json\/wp\/v2\/product\/6497","targetHints":{"allow":["GET"]}}],"collection":[{"href":"https:\/\/yotavis.ch\/de\/wp-json\/wp\/v2\/product"}],"about":[{"href":"https:\/\/yotavis.ch\/de\/wp-json\/wp\/v2\/types\/product"}],"replies":[{"embeddable":true,"href":"https:\/\/yotavis.ch\/de\/wp-json\/wp\/v2\/comments?post=6497"}],"wp:featuredmedia":[{"embeddable":true,"href":"https:\/\/yotavis.ch\/de\/wp-json\/wp\/v2\/media\/7673"}],"wp:attachment":[{"href":"https:\/\/yotavis.ch\/de\/wp-json\/wp\/v2\/media?parent=6497"}],"wp:term":[{"taxonomy":"product_brand","embeddable":true,"href":"https:\/\/yotavis.ch\/de\/wp-json\/wp\/v2\/product_brand?post=6497"},{"taxonomy":"product_cat","embeddable":true,"href":"https:\/\/yotavis.ch\/de\/wp-json\/wp\/v2\/product_cat?post=6497"},{"taxonomy":"product_tag","embeddable":true,"href":"https:\/\/yotavis.ch\/de\/wp-json\/wp\/v2\/product_tag?post=6497"}],"curies":[{"name":"wp","href":"https:\/\/api.w.org\/{rel}","templated":true}]}}