{"id":6499,"date":"2025-10-09T00:00:00","date_gmt":"2025-10-08T22:00:00","guid":{"rendered":"https:\/\/yotavis.ch\/product\/pav100-4\/"},"modified":"2026-04-24T13:33:21","modified_gmt":"2026-04-24T11:33:21","slug":"pav100-4","status":"publish","type":"product","link":"https:\/\/yotavis.ch\/de\/produkt\/pav100-4\/","title":{"rendered":"PAV100-4"},"content":{"rendered":"<p>Das Kikusui PAV100-4 ist ein intelligentes, variabel schaltbares Gleichstromnetzteil, das eine Ausgangsspannung von 0 bis 100 Volt und einen Strom von 0 bis 4 Ampere liefern kann. Es bietet einen einzigen Ausgangskanal mit einer maximalen Leistung von 400 Watt. Dieses Netzteil unterst\u00fctzt die Fernsteuerungsfunktionalit\u00e4t und erm\u00f6glicht so eine bequeme Bedienung und Integration in automatisierte Systeme. Das Ger\u00e4t ist so konstruiert, dass es pr\u00e4zise Spannungs- und Stromanforderungen innerhalb seines spezifizierten Bereichs erf\u00fcllt. Sein Design konzentriert sich auf die Bereitstellung einer stabilen und einstellbaren Ausgangsleistung, die f\u00fcr verschiedene Anwendungen geeignet ist. Die M\u00f6glichkeit der Fernsteuerung erh\u00f6ht die Nutzbarkeit in Umgebungen, in denen der direkte Zugang eingeschr\u00e4nkt sein kann oder in denen eine Fern\u00fcberwachung und -einstellung erforderlich ist. Das PAV100-4 vereint diese Eigenschaften in einem kompakten und effizienten Ger\u00e4t, das sich f\u00fcr kontrollierte Stromversorgungsanforderungen eignet.<\/p>","protected":false},"excerpt":{"rendered":"<p>Intelligentes, variabel schaltbares DC-Netzteil, 0 bis 100V \/ 0 bis 4A<\/p>","protected":false},"featured_media":7673,"comment_status":"closed","ping_status":"closed","template":"","meta":{"_acf_changed":false,"slim_seo":{"title":"PAV100-4 - YOTAVIS AG","description":"Intelligentes, variabel schaltbares DC-Netzteil, 0 bis 100V \/ 0 bis 4A"}},"product_brand":[551],"product_cat":[516,515],"product_tag":[],"class_list":{"0":"post-6499","1":"product","2":"type-product","3":"status-publish","4":"has-post-thumbnail","6":"product_brand-kikusui","7":"product_cat-dc-source-en","8":"product_cat-power-en","9":"pa_current-a-579","10":"pa_output-number-146","11":"pa_power-w-398","12":"pa_remote-control-yes","13":"pa_voltage-v-151","15":"first","16":"instock","17":"taxable","18":"shipping-taxable","19":"purchasable","20":"product-type-simple"},"acf":[],"_links":{"self":[{"href":"https:\/\/yotavis.ch\/de\/wp-json\/wp\/v2\/product\/6499","targetHints":{"allow":["GET"]}}],"collection":[{"href":"https:\/\/yotavis.ch\/de\/wp-json\/wp\/v2\/product"}],"about":[{"href":"https:\/\/yotavis.ch\/de\/wp-json\/wp\/v2\/types\/product"}],"replies":[{"embeddable":true,"href":"https:\/\/yotavis.ch\/de\/wp-json\/wp\/v2\/comments?post=6499"}],"wp:featuredmedia":[{"embeddable":true,"href":"https:\/\/yotavis.ch\/de\/wp-json\/wp\/v2\/media\/7673"}],"wp:attachment":[{"href":"https:\/\/yotavis.ch\/de\/wp-json\/wp\/v2\/media?parent=6499"}],"wp:term":[{"taxonomy":"product_brand","embeddable":true,"href":"https:\/\/yotavis.ch\/de\/wp-json\/wp\/v2\/product_brand?post=6499"},{"taxonomy":"product_cat","embeddable":true,"href":"https:\/\/yotavis.ch\/de\/wp-json\/wp\/v2\/product_cat?post=6499"},{"taxonomy":"product_tag","embeddable":true,"href":"https:\/\/yotavis.ch\/de\/wp-json\/wp\/v2\/product_tag?post=6499"}],"curies":[{"name":"wp","href":"https:\/\/api.w.org\/{rel}","templated":true}]}}