{"id":6508,"date":"2025-10-09T00:00:00","date_gmt":"2025-10-08T22:00:00","guid":{"rendered":"https:\/\/yotavis.ch\/product\/pav160-2-6-with-lan\/"},"modified":"2026-04-24T13:33:27","modified_gmt":"2026-04-24T11:33:27","slug":"pav160-2-6-with-lan","status":"publish","type":"product","link":"https:\/\/yotavis.ch\/de\/produkt\/pav160-2-6-with-lan\/","title":{"rendered":"PAV160-2.6 WITH LAN"},"content":{"rendered":"<p>Das Kikusui PAV160-2.6 WITH LAN ist ein intelligentes, variabel schaltbares Gleichstromnetzteil, das eine Ausgangsspannung von 0 bis 160 Volt und einen Strom von 0 bis 2,6 Ampere liefern kann. Es verf\u00fcgt \u00fcber einen einzigen Ausgangskanal, der eine Leistung von bis zu 400 Watt liefern kann. Dieses Modell unterst\u00fctzt die Fernsteuerungsfunktionalit\u00e4t und erm\u00f6glicht so eine bequeme Bedienung und Integration in automatisierte Systeme. Das Netzteil ist so konzipiert, dass es pr\u00e4zise Spannungs- und Stromeinstellungen innerhalb des angegebenen Bereichs erm\u00f6glicht. Sein Design unterst\u00fctzt eine effiziente Stromversorgung, die sich f\u00fcr verschiedene Anwendungen eignet, die eine stabile Gleichstromversorgung erfordern. Die integrierte LAN-Konnektivit\u00e4t erleichtert die netzwerkbasierte Steuerung und \u00dcberwachung und verbessert die Nutzbarkeit in komplexen Anlagen. Insgesamt kombiniert das PAV160-2.6 WITH LAN einstellbare Ausgangsparameter mit Fernbedienungsm\u00f6glichkeiten.<\/p>","protected":false},"excerpt":{"rendered":"<p>Intelligentes, variabel schaltbares DC-Netzteil, 0 bis 160 V \/ 0 bis 2,6 A<\/p>","protected":false},"featured_media":7672,"comment_status":"closed","ping_status":"closed","template":"","meta":{"_acf_changed":false,"slim_seo":{"title":"PAV160-2.6 WITH LAN - YOTAVIS AG","description":"Intelligentes, variabel schaltbares DC-Netzteil, 0 bis 160 V \/ 0 bis 2,6 A"}},"product_brand":[551],"product_cat":[516,515],"product_tag":[],"class_list":{"0":"post-6508","1":"product","2":"type-product","3":"status-publish","4":"has-post-thumbnail","6":"product_brand-kikusui","7":"product_cat-dc-source-en","8":"product_cat-power-en","9":"pa_current-a-2-6","10":"pa_output-number-146","11":"pa_power-w-398","12":"pa_remote-control-yes","13":"pa_voltage-v-156","15":"first","16":"instock","17":"taxable","18":"shipping-taxable","19":"purchasable","20":"product-type-simple"},"acf":[],"_links":{"self":[{"href":"https:\/\/yotavis.ch\/de\/wp-json\/wp\/v2\/product\/6508","targetHints":{"allow":["GET"]}}],"collection":[{"href":"https:\/\/yotavis.ch\/de\/wp-json\/wp\/v2\/product"}],"about":[{"href":"https:\/\/yotavis.ch\/de\/wp-json\/wp\/v2\/types\/product"}],"replies":[{"embeddable":true,"href":"https:\/\/yotavis.ch\/de\/wp-json\/wp\/v2\/comments?post=6508"}],"wp:featuredmedia":[{"embeddable":true,"href":"https:\/\/yotavis.ch\/de\/wp-json\/wp\/v2\/media\/7672"}],"wp:attachment":[{"href":"https:\/\/yotavis.ch\/de\/wp-json\/wp\/v2\/media?parent=6508"}],"wp:term":[{"taxonomy":"product_brand","embeddable":true,"href":"https:\/\/yotavis.ch\/de\/wp-json\/wp\/v2\/product_brand?post=6508"},{"taxonomy":"product_cat","embeddable":true,"href":"https:\/\/yotavis.ch\/de\/wp-json\/wp\/v2\/product_cat?post=6508"},{"taxonomy":"product_tag","embeddable":true,"href":"https:\/\/yotavis.ch\/de\/wp-json\/wp\/v2\/product_tag?post=6508"}],"curies":[{"name":"wp","href":"https:\/\/api.w.org\/{rel}","templated":true}]}}