{"id":6511,"date":"2025-10-09T00:00:00","date_gmt":"2025-10-08T22:00:00","guid":{"rendered":"https:\/\/yotavis.ch\/product\/pav10-60\/"},"modified":"2026-04-24T13:33:28","modified_gmt":"2026-04-24T11:33:28","slug":"pav10-60","status":"publish","type":"product","link":"https:\/\/yotavis.ch\/de\/produkt\/pav10-60\/","title":{"rendered":"PAV10-60"},"content":{"rendered":"<p>Das Kikusui PAV10-60 ist ein intelligentes, variabel schaltbares Gleichstromnetzteil, das eine Ausgangsspannung von 0 bis 10 Volt und einen Strom von bis zu 60 Ampere liefern kann. Es verf\u00fcgt \u00fcber einen einzigen Ausgangskanal, der eine maximale Leistung von 600 Watt liefern kann. Dieses Netzteil unterst\u00fctzt eine Fernsteuerungsfunktion, die eine bequeme Bedienung und Integration in automatisierte Systeme erm\u00f6glicht. Das Ger\u00e4t ist so konstruiert, dass es eine pr\u00e4zise und stabile Leistungsabgabe innerhalb der spezifizierten Spannungs- und Stromgrenzen bietet. Sein Design konzentriert sich auf Vielseitigkeit und Kontrolle, wodurch es sich f\u00fcr verschiedene Anwendungen eignet, die eine einstellbare Gleichstromleistung erfordern. Die Kombination aus einer maximalen Spannung von 10 Volt und einer maximalen Stromst\u00e4rke von 60 Ampere gew\u00e4hrleistet, dass das Ger\u00e4t auch anspruchsvolle Leistungsanforderungen erf\u00fcllen kann. Die integrierte Fernsteuerung verbessert die Verwendbarkeit in komplexen Anlagen, in denen manuelle Einstellungen unpraktisch sein k\u00f6nnen.<\/p>","protected":false},"excerpt":{"rendered":"<p>Intelligentes, variabel schaltbares DC-Netzteil, 0 bis 10V \/ 0 bis 60A<\/p>","protected":false},"featured_media":7673,"comment_status":"closed","ping_status":"closed","template":"","meta":{"_acf_changed":false,"slim_seo":{"title":"PAV10-60 - YOTAVIS AG","description":"Intelligentes, variabel schaltbares DC-Netzteil, 0 bis 10V \/ 0 bis 60A"}},"product_brand":[551],"product_cat":[516,515],"product_tag":[],"class_list":{"0":"post-6511","1":"product","2":"type-product","3":"status-publish","4":"has-post-thumbnail","6":"product_brand-kikusui","7":"product_cat-dc-source-en","8":"product_cat-power-en","9":"pa_current-a-406","10":"pa_output-number-146","11":"pa_power-w-582","12":"pa_remote-control-yes","13":"pa_voltage-v-572","15":"first","16":"instock","17":"taxable","18":"shipping-taxable","19":"purchasable","20":"product-type-simple"},"acf":[],"_links":{"self":[{"href":"https:\/\/yotavis.ch\/de\/wp-json\/wp\/v2\/product\/6511","targetHints":{"allow":["GET"]}}],"collection":[{"href":"https:\/\/yotavis.ch\/de\/wp-json\/wp\/v2\/product"}],"about":[{"href":"https:\/\/yotavis.ch\/de\/wp-json\/wp\/v2\/types\/product"}],"replies":[{"embeddable":true,"href":"https:\/\/yotavis.ch\/de\/wp-json\/wp\/v2\/comments?post=6511"}],"wp:featuredmedia":[{"embeddable":true,"href":"https:\/\/yotavis.ch\/de\/wp-json\/wp\/v2\/media\/7673"}],"wp:attachment":[{"href":"https:\/\/yotavis.ch\/de\/wp-json\/wp\/v2\/media?parent=6511"}],"wp:term":[{"taxonomy":"product_brand","embeddable":true,"href":"https:\/\/yotavis.ch\/de\/wp-json\/wp\/v2\/product_brand?post=6511"},{"taxonomy":"product_cat","embeddable":true,"href":"https:\/\/yotavis.ch\/de\/wp-json\/wp\/v2\/product_cat?post=6511"},{"taxonomy":"product_tag","embeddable":true,"href":"https:\/\/yotavis.ch\/de\/wp-json\/wp\/v2\/product_tag?post=6511"}],"curies":[{"name":"wp","href":"https:\/\/api.w.org\/{rel}","templated":true}]}}