{"id":6517,"date":"2025-10-09T00:00:00","date_gmt":"2025-10-08T22:00:00","guid":{"rendered":"https:\/\/yotavis.ch\/product\/pav320-2\/"},"modified":"2026-04-24T13:33:30","modified_gmt":"2026-04-24T11:33:30","slug":"pav320-2","status":"publish","type":"product","link":"https:\/\/yotavis.ch\/de\/produkt\/pav320-2\/","title":{"rendered":"PAV320-2"},"content":{"rendered":"<p>Das Kikusui PAV320-2 ist ein intelligentes, variabel schaltbares DC-Netzteil mit einem Ausgangsspannungsbereich von 0 bis 320 Volt und einem Strombereich von 0 bis 2 Ampere. Es liefert eine maximale Ausgangsleistung von 600 Watt \u00fcber einen einzigen Ausgangskanal. Dieses Netzteil unterst\u00fctzt die Fernsteuerungsfunktionalit\u00e4t und erm\u00f6glicht so eine komfortable Bedienung und Integration in automatisierte Systeme. Das Ger\u00e4t bietet eine pr\u00e4zise und einstellbare Ausgangsleistung f\u00fcr verschiedene Anwendungen, die eine geregelte Spannung und Stromst\u00e4rke erfordern. Sein kompaktes Design umfasst nur eine Ausgangsnummer, so dass es problemlos in Anlagen eingesetzt werden kann, in denen eine einzige Stromquelle ben\u00f6tigt wird. Die Kombination von hoher Spannung und Stromst\u00e4rke mit Fernsteuerung macht das PAV320-2 zu einem vielseitigen Werkzeug f\u00fcr Labor-, Industrie- oder Testumgebungen.<\/p>","protected":false},"excerpt":{"rendered":"<p>Intelligentes, variabel schaltbares DC-Netzteil, 0 bis 320 V \/ 0 bis 2 A<\/p>","protected":false},"featured_media":7672,"comment_status":"closed","ping_status":"closed","template":"","meta":{"_acf_changed":false,"slim_seo":{"title":"PAV320-2 - YOTAVIS AG","description":"Intelligentes, variabel schaltbares DC-Netzteil, 0 bis 320 V \/ 0 bis 2 A"}},"product_brand":[551],"product_cat":[516,515],"product_tag":[],"class_list":{"0":"post-6517","1":"product","2":"type-product","3":"status-publish","4":"has-post-thumbnail","6":"product_brand-kikusui","7":"product_cat-dc-source-en","8":"product_cat-power-en","9":"pa_current-a-573","10":"pa_output-number-146","11":"pa_power-w-582","12":"pa_remote-control-yes","13":"pa_voltage-v-575","15":"first","16":"instock","17":"taxable","18":"shipping-taxable","19":"purchasable","20":"product-type-simple"},"acf":[],"_links":{"self":[{"href":"https:\/\/yotavis.ch\/de\/wp-json\/wp\/v2\/product\/6517","targetHints":{"allow":["GET"]}}],"collection":[{"href":"https:\/\/yotavis.ch\/de\/wp-json\/wp\/v2\/product"}],"about":[{"href":"https:\/\/yotavis.ch\/de\/wp-json\/wp\/v2\/types\/product"}],"replies":[{"embeddable":true,"href":"https:\/\/yotavis.ch\/de\/wp-json\/wp\/v2\/comments?post=6517"}],"wp:featuredmedia":[{"embeddable":true,"href":"https:\/\/yotavis.ch\/de\/wp-json\/wp\/v2\/media\/7672"}],"wp:attachment":[{"href":"https:\/\/yotavis.ch\/de\/wp-json\/wp\/v2\/media?parent=6517"}],"wp:term":[{"taxonomy":"product_brand","embeddable":true,"href":"https:\/\/yotavis.ch\/de\/wp-json\/wp\/v2\/product_brand?post=6517"},{"taxonomy":"product_cat","embeddable":true,"href":"https:\/\/yotavis.ch\/de\/wp-json\/wp\/v2\/product_cat?post=6517"},{"taxonomy":"product_tag","embeddable":true,"href":"https:\/\/yotavis.ch\/de\/wp-json\/wp\/v2\/product_tag?post=6517"}],"curies":[{"name":"wp","href":"https:\/\/api.w.org\/{rel}","templated":true}]}}