{"id":6518,"date":"2025-10-09T00:00:00","date_gmt":"2025-10-08T22:00:00","guid":{"rendered":"https:\/\/yotavis.ch\/product\/pav650-1\/"},"modified":"2026-04-24T13:33:31","modified_gmt":"2026-04-24T11:33:31","slug":"pav650-1","status":"publish","type":"product","link":"https:\/\/yotavis.ch\/de\/produkt\/pav650-1\/","title":{"rendered":"PAV650-1"},"content":{"rendered":"<p>Das Kikusui PAV650-1 ist ein intelligentes, variabel schaltbares Gleichstromnetzteil, das einen Spannungsbereich von 0 bis 650 Volt und einen Strombereich von 0 bis 1 Ampere liefern kann. Es verf\u00fcgt \u00fcber einen einzigen Ausgangskanal und eignet sich daher f\u00fcr Anwendungen, die eine pr\u00e4zise Steuerung der Ausgangsleistung erfordern. Mit einer Nennleistung von 600 Watt ist dieses Netzteil in der Lage, gro\u00dfe elektrische Lasten zu bew\u00e4ltigen. Das Ger\u00e4t unterst\u00fctzt die Fernbedienungsfunktion, so dass der Benutzer es bequem und flexibel in verschiedenen Testumgebungen aus der Ferne bedienen kann. Die Kombination aus hohen Spannungs- und Stromf\u00e4higkeiten stellt sicher, dass das PAV650-1 die Anforderungen verschiedener elektronischer Test- und Entwicklungsaufgaben erf\u00fcllen kann. Sein Design konzentriert sich auf die Bereitstellung einer stabilen und einstellbaren Ausgangsleistung, die f\u00fcr eine genaue und zuverl\u00e4ssige Leistung in Labor- und Industrieumgebungen unerl\u00e4sslich ist.<\/p>","protected":false},"excerpt":{"rendered":"<p>Intelligentes, variabel schaltbares DC-Netzteil, 0 bis 650V \/ 0 bis 1A<\/p>","protected":false},"featured_media":7672,"comment_status":"closed","ping_status":"closed","template":"","meta":{"_acf_changed":false,"slim_seo":{"title":"PAV650-1 - YOTAVIS AG","description":"Intelligentes, variabel schaltbares DC-Netzteil, 0 bis 650V \/ 0 bis 1A"}},"product_brand":[551],"product_cat":[516,515],"product_tag":[],"class_list":{"0":"post-6518","1":"product","2":"type-product","3":"status-publish","4":"has-post-thumbnail","6":"product_brand-kikusui","7":"product_cat-dc-source-en","8":"product_cat-power-en","9":"pa_current-a-482","10":"pa_output-number-146","11":"pa_power-w-582","12":"pa_remote-control-yes","13":"pa_voltage-v-554","15":"first","16":"instock","17":"taxable","18":"shipping-taxable","19":"purchasable","20":"product-type-simple"},"acf":[],"_links":{"self":[{"href":"https:\/\/yotavis.ch\/de\/wp-json\/wp\/v2\/product\/6518","targetHints":{"allow":["GET"]}}],"collection":[{"href":"https:\/\/yotavis.ch\/de\/wp-json\/wp\/v2\/product"}],"about":[{"href":"https:\/\/yotavis.ch\/de\/wp-json\/wp\/v2\/types\/product"}],"replies":[{"embeddable":true,"href":"https:\/\/yotavis.ch\/de\/wp-json\/wp\/v2\/comments?post=6518"}],"wp:featuredmedia":[{"embeddable":true,"href":"https:\/\/yotavis.ch\/de\/wp-json\/wp\/v2\/media\/7672"}],"wp:attachment":[{"href":"https:\/\/yotavis.ch\/de\/wp-json\/wp\/v2\/media?parent=6518"}],"wp:term":[{"taxonomy":"product_brand","embeddable":true,"href":"https:\/\/yotavis.ch\/de\/wp-json\/wp\/v2\/product_brand?post=6518"},{"taxonomy":"product_cat","embeddable":true,"href":"https:\/\/yotavis.ch\/de\/wp-json\/wp\/v2\/product_cat?post=6518"},{"taxonomy":"product_tag","embeddable":true,"href":"https:\/\/yotavis.ch\/de\/wp-json\/wp\/v2\/product_tag?post=6518"}],"curies":[{"name":"wp","href":"https:\/\/api.w.org\/{rel}","templated":true}]}}