{"id":6519,"date":"2025-10-09T00:00:00","date_gmt":"2025-10-08T22:00:00","guid":{"rendered":"https:\/\/yotavis.ch\/product\/pav10-60-with-lan\/"},"modified":"2026-04-24T13:33:31","modified_gmt":"2026-04-24T11:33:31","slug":"pav10-60-with-lan","status":"publish","type":"product","link":"https:\/\/yotavis.ch\/de\/produkt\/pav10-60-with-lan\/","title":{"rendered":"PAV10-60 MIT LAN"},"content":{"rendered":"<p>Das Kikusui PAV10-60 WITH LAN ist ein intelligentes, variabel schaltbares Gleichstromnetzteil, das eine Ausgangsspannung von 0 bis 10 Volt und einen Strom von bis zu 60 Ampere liefern kann. Es bietet einen einzigen Ausgangskanal mit einer maximalen Leistung von 600 Watt. Dieses Netzteil unterst\u00fctzt die Fernsteuerungsfunktionalit\u00e4t, was einen bequemen Betrieb und die Integration in automatisierte Systeme erm\u00f6glicht. Das Ger\u00e4t ist f\u00fcr die Bew\u00e4ltigung hoher Stromlasten bei gleichzeitiger pr\u00e4ziser Spannungsregelung ausgelegt und eignet sich daher f\u00fcr verschiedene Test- und Entwicklungsanwendungen. Sein Design betont Flexibilit\u00e4t und Kontrolle, so dass der Benutzer die Ausgangsparameter effizient einstellen kann. Die integrierte LAN-Konnektivit\u00e4t erleichtert die netzwerkbasierte Verwaltung und \u00dcberwachung und verbessert die Nutzbarkeit in komplexen Konfigurationen. Insgesamt kombiniert das PAV10-60 WITH LAN robuste elektrische Spezifikationen mit fortschrittlichen Steuerungsfunktionen.<\/p>","protected":false},"excerpt":{"rendered":"<p>Intelligentes, variabel schaltbares DC-Netzteil, 0 bis 10V \/ 0 bis 60A<\/p>","protected":false},"featured_media":7673,"comment_status":"closed","ping_status":"closed","template":"","meta":{"_acf_changed":false,"slim_seo":{"title":"PAV10-60 WITH LAN - YOTAVIS AG","description":"Intelligentes, variabel schaltbares DC-Netzteil, 0 bis 10V \/ 0 bis 60A"}},"product_brand":[551],"product_cat":[516,515],"product_tag":[],"class_list":{"0":"post-6519","1":"product","2":"type-product","3":"status-publish","4":"has-post-thumbnail","6":"product_brand-kikusui","7":"product_cat-dc-source-en","8":"product_cat-power-en","9":"pa_current-a-406","10":"pa_output-number-146","11":"pa_power-w-582","12":"pa_remote-control-yes","13":"pa_voltage-v-572","15":"first","16":"instock","17":"taxable","18":"shipping-taxable","19":"purchasable","20":"product-type-simple"},"acf":[],"_links":{"self":[{"href":"https:\/\/yotavis.ch\/de\/wp-json\/wp\/v2\/product\/6519","targetHints":{"allow":["GET"]}}],"collection":[{"href":"https:\/\/yotavis.ch\/de\/wp-json\/wp\/v2\/product"}],"about":[{"href":"https:\/\/yotavis.ch\/de\/wp-json\/wp\/v2\/types\/product"}],"replies":[{"embeddable":true,"href":"https:\/\/yotavis.ch\/de\/wp-json\/wp\/v2\/comments?post=6519"}],"wp:featuredmedia":[{"embeddable":true,"href":"https:\/\/yotavis.ch\/de\/wp-json\/wp\/v2\/media\/7673"}],"wp:attachment":[{"href":"https:\/\/yotavis.ch\/de\/wp-json\/wp\/v2\/media?parent=6519"}],"wp:term":[{"taxonomy":"product_brand","embeddable":true,"href":"https:\/\/yotavis.ch\/de\/wp-json\/wp\/v2\/product_brand?post=6519"},{"taxonomy":"product_cat","embeddable":true,"href":"https:\/\/yotavis.ch\/de\/wp-json\/wp\/v2\/product_cat?post=6519"},{"taxonomy":"product_tag","embeddable":true,"href":"https:\/\/yotavis.ch\/de\/wp-json\/wp\/v2\/product_tag?post=6519"}],"curies":[{"name":"wp","href":"https:\/\/api.w.org\/{rel}","templated":true}]}}