{"id":6520,"date":"2025-10-09T00:00:00","date_gmt":"2025-10-08T22:00:00","guid":{"rendered":"https:\/\/yotavis.ch\/product\/pav20-30-with-lan\/"},"modified":"2026-04-24T13:33:34","modified_gmt":"2026-04-24T11:33:34","slug":"pav20-30-with-lan","status":"publish","type":"product","link":"https:\/\/yotavis.ch\/de\/produkt\/pav20-30-with-lan\/","title":{"rendered":"PAV20-30 WITH LAN"},"content":{"rendered":"<p>Das PAV20-30 WITH LAN ist ein intelligentes, variabel schaltbares DC-Netzteil von Kikusui. Es bietet einen einstellbaren Spannungsbereich von 0 bis 20 Volt und einen Strombereich von 0 bis 30 Ampere und liefert eine maximale Ausgangsleistung von 600 Watt. Dieses Modell verf\u00fcgt \u00fcber einen einzigen Ausgangskanal, der eine gezielte Leistungsabgabe erm\u00f6glicht. Es unterst\u00fctzt die Fernbedienungsfunktion, so dass der Benutzer das Ger\u00e4t bequem und flexibel aus der Ferne bedienen kann. Das Netzteil ist so konzipiert, dass es mit seinen pr\u00e4zisen Spannungs- und Stromeinstellungen verschiedene Anwendungsanforderungen erf\u00fcllt. Sein kompaktes Design integriert fortschrittliche Technologie, um eine zuverl\u00e4ssige Leistung zu gew\u00e4hrleisten. Die integrierte LAN-Konnektivit\u00e4t erleichtert die Integration in vernetzte Umgebungen zur \u00dcberwachung und Steuerung.<\/p>","protected":false},"excerpt":{"rendered":"<p>Intelligentes, variabel schaltbares DC-Netzteil, 0 bis 20V \/ 0 bis 30A<\/p>","protected":false},"featured_media":7673,"comment_status":"closed","ping_status":"closed","template":"","meta":{"_acf_changed":false,"slim_seo":{"title":"PAV20-30 WITH LAN - YOTAVIS AG","description":"Intelligentes, variabel schaltbares DC-Netzteil, 0 bis 20V \/ 0 bis 30A"}},"product_brand":[551],"product_cat":[516,515],"product_tag":[],"class_list":{"0":"post-6520","1":"product","2":"type-product","3":"status-publish","4":"has-post-thumbnail","6":"product_brand-kikusui","7":"product_cat-dc-source-en","8":"product_cat-power-en","9":"pa_current-a-404","10":"pa_output-number-146","11":"pa_power-w-582","12":"pa_remote-control-yes","13":"pa_voltage-v-315","15":"first","16":"instock","17":"taxable","18":"shipping-taxable","19":"purchasable","20":"product-type-simple"},"acf":[],"_links":{"self":[{"href":"https:\/\/yotavis.ch\/de\/wp-json\/wp\/v2\/product\/6520","targetHints":{"allow":["GET"]}}],"collection":[{"href":"https:\/\/yotavis.ch\/de\/wp-json\/wp\/v2\/product"}],"about":[{"href":"https:\/\/yotavis.ch\/de\/wp-json\/wp\/v2\/types\/product"}],"replies":[{"embeddable":true,"href":"https:\/\/yotavis.ch\/de\/wp-json\/wp\/v2\/comments?post=6520"}],"wp:featuredmedia":[{"embeddable":true,"href":"https:\/\/yotavis.ch\/de\/wp-json\/wp\/v2\/media\/7673"}],"wp:attachment":[{"href":"https:\/\/yotavis.ch\/de\/wp-json\/wp\/v2\/media?parent=6520"}],"wp:term":[{"taxonomy":"product_brand","embeddable":true,"href":"https:\/\/yotavis.ch\/de\/wp-json\/wp\/v2\/product_brand?post=6520"},{"taxonomy":"product_cat","embeddable":true,"href":"https:\/\/yotavis.ch\/de\/wp-json\/wp\/v2\/product_cat?post=6520"},{"taxonomy":"product_tag","embeddable":true,"href":"https:\/\/yotavis.ch\/de\/wp-json\/wp\/v2\/product_tag?post=6520"}],"curies":[{"name":"wp","href":"https:\/\/api.w.org\/{rel}","templated":true}]}}