{"id":6523,"date":"2025-10-09T00:00:00","date_gmt":"2025-10-08T22:00:00","guid":{"rendered":"https:\/\/yotavis.ch\/product\/pav100-6-with-lan\/"},"modified":"2026-04-24T13:33:36","modified_gmt":"2026-04-24T11:33:36","slug":"pav100-6-with-lan","status":"publish","type":"product","link":"https:\/\/yotavis.ch\/de\/produkt\/pav100-6-with-lan\/","title":{"rendered":"PAV100-6 MIT LAN"},"content":{"rendered":"<p>Das Kikusui PAV100-6 WITH LAN ist ein intelligentes, variabel schaltbares DC-Netzteil mit einem Ausgangsspannungsbereich von 0 bis 100 Volt und einem Strombereich von 0 bis 6 Ampere. Es liefert eine Ausgangsleistung von 600 Watt und verf\u00fcgt \u00fcber einen einzigen Ausgangskanal. Dieses Netzteil unterst\u00fctzt die Fernsteuerungsfunktionalit\u00e4t und erm\u00f6glicht so eine komfortable Bedienung und Integration in automatisierte Systeme. Das Ger\u00e4t bietet eine pr\u00e4zise und einstellbare Ausgangsleistung, die sich f\u00fcr verschiedene Anwendungen eignet, die eine kontrollierte Gleichstromversorgung erfordern. Zu den Spezifikationen geh\u00f6ren eine maximale Spannung von 100 Volt und ein maximaler Strom von 6 Ampere, wodurch sichergestellt wird, dass das Ger\u00e4t eine Reihe von Leistungsanforderungen erf\u00fcllen kann. Dank der LAN-Konnektivit\u00e4t kann das Ger\u00e4t zur Fern\u00fcberwachung und -steuerung vernetzt werden. Dieses Modell geh\u00f6rt zu den Netzteilen von Kikusui, die f\u00fcr ihre Zuverl\u00e4ssigkeit und Leistung in professionellen Umgebungen bekannt sind.<\/p>","protected":false},"excerpt":{"rendered":"<p>Intelligentes, variabel schaltbares DC-Netzteil, 0 bis 100V \/ 0 bis 6A<\/p>","protected":false},"featured_media":7673,"comment_status":"closed","ping_status":"closed","template":"","meta":{"_acf_changed":false,"slim_seo":{"title":"PAV100-6 WITH LAN - YOTAVIS AG","description":"Intelligentes, variabel schaltbares DC-Netzteil, 0 bis 100V \/ 0 bis 6A"}},"product_brand":[551],"product_cat":[516,515],"product_tag":[],"class_list":{"0":"post-6523","1":"product","2":"type-product","3":"status-publish","4":"has-post-thumbnail","6":"product_brand-kikusui","7":"product_cat-dc-source-en","8":"product_cat-power-en","9":"pa_current-a-399","10":"pa_output-number-146","11":"pa_power-w-582","12":"pa_remote-control-yes","13":"pa_voltage-v-151","15":"first","16":"instock","17":"taxable","18":"shipping-taxable","19":"purchasable","20":"product-type-simple"},"acf":[],"_links":{"self":[{"href":"https:\/\/yotavis.ch\/de\/wp-json\/wp\/v2\/product\/6523","targetHints":{"allow":["GET"]}}],"collection":[{"href":"https:\/\/yotavis.ch\/de\/wp-json\/wp\/v2\/product"}],"about":[{"href":"https:\/\/yotavis.ch\/de\/wp-json\/wp\/v2\/types\/product"}],"replies":[{"embeddable":true,"href":"https:\/\/yotavis.ch\/de\/wp-json\/wp\/v2\/comments?post=6523"}],"wp:featuredmedia":[{"embeddable":true,"href":"https:\/\/yotavis.ch\/de\/wp-json\/wp\/v2\/media\/7673"}],"wp:attachment":[{"href":"https:\/\/yotavis.ch\/de\/wp-json\/wp\/v2\/media?parent=6523"}],"wp:term":[{"taxonomy":"product_brand","embeddable":true,"href":"https:\/\/yotavis.ch\/de\/wp-json\/wp\/v2\/product_brand?post=6523"},{"taxonomy":"product_cat","embeddable":true,"href":"https:\/\/yotavis.ch\/de\/wp-json\/wp\/v2\/product_cat?post=6523"},{"taxonomy":"product_tag","embeddable":true,"href":"https:\/\/yotavis.ch\/de\/wp-json\/wp\/v2\/product_tag?post=6523"}],"curies":[{"name":"wp","href":"https:\/\/api.w.org\/{rel}","templated":true}]}}