{"id":6527,"date":"2025-10-09T00:00:00","date_gmt":"2025-10-08T22:00:00","guid":{"rendered":"https:\/\/yotavis.ch\/product\/pav10-72\/"},"modified":"2026-04-24T13:33:37","modified_gmt":"2026-04-24T11:33:37","slug":"pav10-72","status":"publish","type":"product","link":"https:\/\/yotavis.ch\/de\/produkt\/pav10-72\/","title":{"rendered":"PAV10-72"},"content":{"rendered":"<p>Das Kikusui PAV10-72 ist ein intelligentes, variabel schaltbares Gleichstromnetzteil, das eine Ausgangsspannung von 0 bis 10 Volt und einen Strom von bis zu 72 Ampere liefern kann. Es verf\u00fcgt \u00fcber einen einzigen Ausgangskanal und eignet sich daher f\u00fcr Anwendungen, die eine pr\u00e4zise Steuerung von Spannung und Strom innerhalb dieser Bereiche erfordern. Mit einer Nennleistung von 800 Watt ist dieses Netzteil in der Lage, gro\u00dfe elektrische Lasten zu bew\u00e4ltigen. Das Ger\u00e4t unterst\u00fctzt eine Fernsteuerungsfunktion, die es dem Benutzer erm\u00f6glicht, es aus der Ferne zu bedienen und in automatisierte Systeme zu integrieren. Der Schwerpunkt der Konstruktion liegt auf der Bereitstellung einer stabilen und einstellbaren Gleichstromleistung, die f\u00fcr die Pr\u00fcfung und Versorgung verschiedener elektronischer Ger\u00e4te und Schaltungen unerl\u00e4sslich ist. Die Kombination aus hoher Stromkapazit\u00e4t und variabler Ausgangsspannung macht das Ger\u00e4t vielseitig f\u00fcr unterschiedliche Pr\u00fcfszenarien einsetzbar. Das PAV10-72 wurde entwickelt, um die Anforderungen von Umgebungen zu erf\u00fcllen, in denen eine zuverl\u00e4ssige und einstellbare Gleichstromversorgung erforderlich ist.<\/p>","protected":false},"excerpt":{"rendered":"<p>Intelligentes, variabel schaltbares DC-Netzteil, 0 bis 10V \/ 0 bis 72A<\/p>","protected":false},"featured_media":7673,"comment_status":"closed","ping_status":"closed","template":"","meta":{"_acf_changed":false,"slim_seo":{"title":"PAV10-72 - YOTAVIS AG","description":"Intelligentes, variabel schaltbares DC-Netzteil, 0 bis 10V \/ 0 bis 72A"}},"product_brand":[551],"product_cat":[516,515],"product_tag":[],"class_list":{"0":"post-6527","1":"product","2":"type-product","3":"status-publish","4":"has-post-thumbnail","6":"product_brand-kikusui","7":"product_cat-dc-source-en","8":"product_cat-power-en","9":"pa_current-a-491","10":"pa_output-number-146","11":"pa_power-w-556","12":"pa_remote-control-yes","13":"pa_voltage-v-572","15":"first","16":"instock","17":"taxable","18":"shipping-taxable","19":"purchasable","20":"product-type-simple"},"acf":[],"_links":{"self":[{"href":"https:\/\/yotavis.ch\/de\/wp-json\/wp\/v2\/product\/6527","targetHints":{"allow":["GET"]}}],"collection":[{"href":"https:\/\/yotavis.ch\/de\/wp-json\/wp\/v2\/product"}],"about":[{"href":"https:\/\/yotavis.ch\/de\/wp-json\/wp\/v2\/types\/product"}],"replies":[{"embeddable":true,"href":"https:\/\/yotavis.ch\/de\/wp-json\/wp\/v2\/comments?post=6527"}],"wp:featuredmedia":[{"embeddable":true,"href":"https:\/\/yotavis.ch\/de\/wp-json\/wp\/v2\/media\/7673"}],"wp:attachment":[{"href":"https:\/\/yotavis.ch\/de\/wp-json\/wp\/v2\/media?parent=6527"}],"wp:term":[{"taxonomy":"product_brand","embeddable":true,"href":"https:\/\/yotavis.ch\/de\/wp-json\/wp\/v2\/product_brand?post=6527"},{"taxonomy":"product_cat","embeddable":true,"href":"https:\/\/yotavis.ch\/de\/wp-json\/wp\/v2\/product_cat?post=6527"},{"taxonomy":"product_tag","embeddable":true,"href":"https:\/\/yotavis.ch\/de\/wp-json\/wp\/v2\/product_tag?post=6527"}],"curies":[{"name":"wp","href":"https:\/\/api.w.org\/{rel}","templated":true}]}}