{"id":6529,"date":"2025-10-09T00:00:00","date_gmt":"2025-10-08T22:00:00","guid":{"rendered":"https:\/\/yotavis.ch\/product\/pav36-24\/"},"modified":"2026-04-24T13:33:39","modified_gmt":"2026-04-24T11:33:39","slug":"pav36-24","status":"publish","type":"product","link":"https:\/\/yotavis.ch\/de\/produkt\/pav36-24\/","title":{"rendered":"PAV36-24"},"content":{"rendered":"<p>Das Kikusui PAV36-24 ist ein intelligentes, variabel schaltbares DC-Netzteil mit einem Ausgangsspannungsbereich von 0 bis 36 Volt und einem Strombereich von 0 bis 24 Ampere. Es liefert eine maximale Ausgangsleistung von 800 Watt \u00fcber einen einzigen Ausgangskanal. Dieses Netzteil unterst\u00fctzt die Fernsteuerungsfunktionalit\u00e4t, die eine bequeme Bedienung aus der Ferne erm\u00f6glicht. Das Ger\u00e4t wurde entwickelt, um eine pr\u00e4zise und einstellbare Leistung zu liefern, die f\u00fcr verschiedene Anwendungen geeignet ist, die eine stabile Gleichspannung und Stromst\u00e4rke erfordern. Die maximale Spannung betr\u00e4gt 36 Volt, w\u00e4hrend die maximale Stromst\u00e4rke 24 Ampere betr\u00e4gt. Der einzelne Ausgangskanal vereinfacht die Konnektivit\u00e4t und die Integration in bestehende Systeme. Die Kombination dieser Merkmale macht das PAV36-24 zu einem vielseitigen Werkzeug f\u00fcr die kontrollierte Stromabgabe.<\/p>","protected":false},"excerpt":{"rendered":"<p>Intelligentes, variabel schaltbares DC-Netzteil, 0 bis 36V \/ 0 bis 24A<\/p>","protected":false},"featured_media":7673,"comment_status":"closed","ping_status":"closed","template":"","meta":{"_acf_changed":false,"slim_seo":{"title":"PAV36-24 - YOTAVIS AG","description":"Intelligentes, variabel schaltbares DC-Netzteil, 0 bis 36V \/ 0 bis 24A"}},"product_brand":[551],"product_cat":[516,515],"product_tag":[],"class_list":{"0":"post-6529","1":"product","2":"type-product","3":"status-publish","4":"has-post-thumbnail","6":"product_brand-kikusui","7":"product_cat-dc-source-en","8":"product_cat-power-en","9":"pa_current-a-584","10":"pa_output-number-146","11":"pa_power-w-556","12":"pa_remote-control-yes","13":"pa_voltage-v-318","15":"first","16":"instock","17":"taxable","18":"shipping-taxable","19":"purchasable","20":"product-type-simple"},"acf":[],"_links":{"self":[{"href":"https:\/\/yotavis.ch\/de\/wp-json\/wp\/v2\/product\/6529","targetHints":{"allow":["GET"]}}],"collection":[{"href":"https:\/\/yotavis.ch\/de\/wp-json\/wp\/v2\/product"}],"about":[{"href":"https:\/\/yotavis.ch\/de\/wp-json\/wp\/v2\/types\/product"}],"replies":[{"embeddable":true,"href":"https:\/\/yotavis.ch\/de\/wp-json\/wp\/v2\/comments?post=6529"}],"wp:featuredmedia":[{"embeddable":true,"href":"https:\/\/yotavis.ch\/de\/wp-json\/wp\/v2\/media\/7673"}],"wp:attachment":[{"href":"https:\/\/yotavis.ch\/de\/wp-json\/wp\/v2\/media?parent=6529"}],"wp:term":[{"taxonomy":"product_brand","embeddable":true,"href":"https:\/\/yotavis.ch\/de\/wp-json\/wp\/v2\/product_brand?post=6529"},{"taxonomy":"product_cat","embeddable":true,"href":"https:\/\/yotavis.ch\/de\/wp-json\/wp\/v2\/product_cat?post=6529"},{"taxonomy":"product_tag","embeddable":true,"href":"https:\/\/yotavis.ch\/de\/wp-json\/wp\/v2\/product_tag?post=6529"}],"curies":[{"name":"wp","href":"https:\/\/api.w.org\/{rel}","templated":true}]}}