{"id":6531,"date":"2025-10-09T00:00:00","date_gmt":"2025-10-08T22:00:00","guid":{"rendered":"https:\/\/yotavis.ch\/product\/pav100-8\/"},"modified":"2026-04-24T13:33:39","modified_gmt":"2026-04-24T11:33:39","slug":"pav100-8","status":"publish","type":"product","link":"https:\/\/yotavis.ch\/de\/produkt\/pav100-8\/","title":{"rendered":"PAV100-8"},"content":{"rendered":"<p>Das Kikusui PAV100-8 ist ein intelligentes, variabel schaltbares DC-Netzteil mit einem Ausgangsspannungsbereich von 0 bis 100 Volt und einem Strombereich von 0 bis 8 Ampere. Es liefert eine maximale Ausgangsleistung von 800 Watt \u00fcber einen einzigen Ausgangskanal. Dieses Netzteil unterst\u00fctzt die Fernsteuerungsfunktionalit\u00e4t und erm\u00f6glicht so eine bequeme Bedienung und Integration in automatisierte Systeme. Das Ger\u00e4t ist so konzipiert, dass es eine pr\u00e4zise und einstellbare Ausgangsleistung liefert, die sich f\u00fcr verschiedene Anwendungen eignet, die eine kontrollierte Spannung und Stromst\u00e4rke erfordern. Sein kompaktes Design umfasst nur eine Ausgangsnummer, so dass es problemlos in Anlagen eingesetzt werden kann, in denen eine einzige Stromquelle ben\u00f6tigt wird. Die Kombination von Spannungs-, Strom- und Leistungsspezifikationen macht das PAV100-8 zu einem vielseitigen Werkzeug f\u00fcr das Testen und Versorgen elektronischer Ger\u00e4te innerhalb seiner spezifizierten Bereiche.<\/p>","protected":false},"excerpt":{"rendered":"<p>Intelligentes, variabel schaltbares DC-Netzteil, 0 bis 100V \/ 0 bis 8A<\/p>","protected":false},"featured_media":7673,"comment_status":"closed","ping_status":"closed","template":"","meta":{"_acf_changed":false,"slim_seo":{"title":"PAV100-8 - YOTAVIS AG","description":"Intelligentes, variabel schaltbares DC-Netzteil, 0 bis 100V \/ 0 bis 8A"}},"product_brand":[551],"product_cat":[516,515],"product_tag":[],"class_list":{"0":"post-6531","1":"product","2":"type-product","3":"status-publish","4":"has-post-thumbnail","6":"product_brand-kikusui","7":"product_cat-dc-source-en","8":"product_cat-power-en","9":"pa_current-a-394","10":"pa_output-number-146","11":"pa_power-w-556","12":"pa_remote-control-yes","13":"pa_voltage-v-151","15":"first","16":"instock","17":"taxable","18":"shipping-taxable","19":"purchasable","20":"product-type-simple"},"acf":[],"_links":{"self":[{"href":"https:\/\/yotavis.ch\/de\/wp-json\/wp\/v2\/product\/6531","targetHints":{"allow":["GET"]}}],"collection":[{"href":"https:\/\/yotavis.ch\/de\/wp-json\/wp\/v2\/product"}],"about":[{"href":"https:\/\/yotavis.ch\/de\/wp-json\/wp\/v2\/types\/product"}],"replies":[{"embeddable":true,"href":"https:\/\/yotavis.ch\/de\/wp-json\/wp\/v2\/comments?post=6531"}],"wp:featuredmedia":[{"embeddable":true,"href":"https:\/\/yotavis.ch\/de\/wp-json\/wp\/v2\/media\/7673"}],"wp:attachment":[{"href":"https:\/\/yotavis.ch\/de\/wp-json\/wp\/v2\/media?parent=6531"}],"wp:term":[{"taxonomy":"product_brand","embeddable":true,"href":"https:\/\/yotavis.ch\/de\/wp-json\/wp\/v2\/product_brand?post=6531"},{"taxonomy":"product_cat","embeddable":true,"href":"https:\/\/yotavis.ch\/de\/wp-json\/wp\/v2\/product_cat?post=6531"},{"taxonomy":"product_tag","embeddable":true,"href":"https:\/\/yotavis.ch\/de\/wp-json\/wp\/v2\/product_tag?post=6531"}],"curies":[{"name":"wp","href":"https:\/\/api.w.org\/{rel}","templated":true}]}}