{"id":6532,"date":"2025-10-09T00:00:00","date_gmt":"2025-10-08T22:00:00","guid":{"rendered":"https:\/\/yotavis.ch\/product\/pav160-5\/"},"modified":"2026-04-24T13:33:40","modified_gmt":"2026-04-24T11:33:40","slug":"pav160-5","status":"publish","type":"product","link":"https:\/\/yotavis.ch\/de\/produkt\/pav160-5\/","title":{"rendered":"PAV160-5"},"content":{"rendered":"<p>Das Kikusui PAV160-5 ist ein intelligentes, variabel schaltbares DC-Netzteil mit einem Ausgangsspannungsbereich von 0 bis 160 Volt und einem Strombereich von 0 bis 5 Ampere. Es liefert eine maximale Ausgangsleistung von 800 Watt \u00fcber einen einzigen Ausgangskanal. Dieses Netzteil unterst\u00fctzt die Fernsteuerungsfunktionalit\u00e4t und erm\u00f6glicht so eine komfortable Bedienung und Integration in automatisierte Systeme. Das Ger\u00e4t bietet eine pr\u00e4zise und einstellbare Ausgangsleistung, die sich f\u00fcr verschiedene Anwendungen eignet, die eine stabile Gleichstromversorgung erfordern. Die Anzahl der Ausg\u00e4nge vereinfacht den Anschluss und die Verwendung, wodurch es sich f\u00fcr kontrollierte Stromversorgungsszenarien eignet. Die Kombination von Spannungs- und Stromf\u00e4higkeiten gew\u00e4hrleistet Flexibilit\u00e4t bei der Versorgung verschiedener Arten von elektronischen Ger\u00e4ten. Die M\u00f6glichkeit der Fernsteuerung erh\u00f6ht die Nutzbarkeit in Umgebungen, in denen manuelle Einstellungen unpraktisch sind oder in denen eine Fern\u00fcberwachung erforderlich ist.<\/p>","protected":false},"excerpt":{"rendered":"<p>Intelligentes, variabel schaltbares DC-Netzteil, 0 bis 160 V \/ 0 bis 5 A<\/p>","protected":false},"featured_media":7672,"comment_status":"closed","ping_status":"closed","template":"","meta":{"_acf_changed":false,"slim_seo":{"title":"PAV160-5 - YOTAVIS AG","description":"Intelligentes, variabel schaltbares DC-Netzteil, 0 bis 160 V \/ 0 bis 5 A"}},"product_brand":[551],"product_cat":[516,515],"product_tag":[],"class_list":{"0":"post-6532","1":"product","2":"type-product","3":"status-publish","4":"has-post-thumbnail","6":"product_brand-kikusui","7":"product_cat-dc-source-en","8":"product_cat-power-en","9":"pa_current-a-392","10":"pa_output-number-146","11":"pa_power-w-556","12":"pa_remote-control-yes","13":"pa_voltage-v-156","15":"first","16":"instock","17":"taxable","18":"shipping-taxable","19":"purchasable","20":"product-type-simple"},"acf":[],"_links":{"self":[{"href":"https:\/\/yotavis.ch\/de\/wp-json\/wp\/v2\/product\/6532","targetHints":{"allow":["GET"]}}],"collection":[{"href":"https:\/\/yotavis.ch\/de\/wp-json\/wp\/v2\/product"}],"about":[{"href":"https:\/\/yotavis.ch\/de\/wp-json\/wp\/v2\/types\/product"}],"replies":[{"embeddable":true,"href":"https:\/\/yotavis.ch\/de\/wp-json\/wp\/v2\/comments?post=6532"}],"wp:featuredmedia":[{"embeddable":true,"href":"https:\/\/yotavis.ch\/de\/wp-json\/wp\/v2\/media\/7672"}],"wp:attachment":[{"href":"https:\/\/yotavis.ch\/de\/wp-json\/wp\/v2\/media?parent=6532"}],"wp:term":[{"taxonomy":"product_brand","embeddable":true,"href":"https:\/\/yotavis.ch\/de\/wp-json\/wp\/v2\/product_brand?post=6532"},{"taxonomy":"product_cat","embeddable":true,"href":"https:\/\/yotavis.ch\/de\/wp-json\/wp\/v2\/product_cat?post=6532"},{"taxonomy":"product_tag","embeddable":true,"href":"https:\/\/yotavis.ch\/de\/wp-json\/wp\/v2\/product_tag?post=6532"}],"curies":[{"name":"wp","href":"https:\/\/api.w.org\/{rel}","templated":true}]}}