{"id":6534,"date":"2025-10-09T00:00:00","date_gmt":"2025-10-08T22:00:00","guid":{"rendered":"https:\/\/yotavis.ch\/product\/pav650-1-25\/"},"modified":"2026-04-24T13:33:40","modified_gmt":"2026-04-24T11:33:40","slug":"pav650-1-25","status":"publish","type":"product","link":"https:\/\/yotavis.ch\/de\/produkt\/pav650-1-25\/","title":{"rendered":"PAV650-1.25"},"content":{"rendered":"<p>Das Kikusui PAV650-1.25 ist ein intelligentes, variabel schaltbares DC-Netzteil mit einem Ausgangsspannungsbereich von 0 bis 650 Volt und einem Strombereich von 0 bis 1,25 Ampere. Es liefert eine maximale Ausgangsleistung von 800 Watt und eignet sich damit f\u00fcr verschiedene Anwendungen, die eine pr\u00e4zise Spannungs- und Stromregelung erfordern. Dieses Modell verf\u00fcgt \u00fcber einen einzigen Ausgangskanal, was eine einfache Integration in Test- und Entwicklungsumgebungen erm\u00f6glicht. Es verf\u00fcgt \u00fcber eine Fernsteuerungsfunktion, die es dem Benutzer erm\u00f6glicht, das Netzger\u00e4t aus der Ferne zu bedienen, was den Komfort und die Sicherheit erh\u00f6ht. Das Design konzentriert sich auf die Bereitstellung einer zuverl\u00e4ssigen und einstellbaren Ausgangsleistung innerhalb der angegebenen Spannungs- und Stromgrenzen. Das Ger\u00e4t wurde entwickelt, um eine effiziente Energieverwaltung und -steuerung in elektronischen Testumgebungen zu unterst\u00fctzen.<\/p>","protected":false},"excerpt":{"rendered":"<p>Intelligentes, variabel schaltbares DC-Netzteil, 0 bis 650V \/ 0 bis 1,25A<\/p>","protected":false},"featured_media":7672,"comment_status":"closed","ping_status":"closed","template":"","meta":{"_acf_changed":false,"slim_seo":{"title":"PAV650-1.25 - YOTAVIS AG","description":"Intelligentes, variabel schaltbares DC-Netzteil, 0 bis 650V \/ 0 bis 1,25A"}},"product_brand":[551],"product_cat":[516,515],"product_tag":[],"class_list":{"0":"post-6534","1":"product","2":"type-product","3":"status-publish","4":"has-post-thumbnail","6":"product_brand-kikusui","7":"product_cat-dc-source-en","8":"product_cat-power-en","9":"pa_current-a-1-25","10":"pa_output-number-146","11":"pa_power-w-556","12":"pa_remote-control-yes","13":"pa_voltage-v-554","15":"first","16":"instock","17":"taxable","18":"shipping-taxable","19":"purchasable","20":"product-type-simple"},"acf":[],"_links":{"self":[{"href":"https:\/\/yotavis.ch\/de\/wp-json\/wp\/v2\/product\/6534","targetHints":{"allow":["GET"]}}],"collection":[{"href":"https:\/\/yotavis.ch\/de\/wp-json\/wp\/v2\/product"}],"about":[{"href":"https:\/\/yotavis.ch\/de\/wp-json\/wp\/v2\/types\/product"}],"replies":[{"embeddable":true,"href":"https:\/\/yotavis.ch\/de\/wp-json\/wp\/v2\/comments?post=6534"}],"wp:featuredmedia":[{"embeddable":true,"href":"https:\/\/yotavis.ch\/de\/wp-json\/wp\/v2\/media\/7672"}],"wp:attachment":[{"href":"https:\/\/yotavis.ch\/de\/wp-json\/wp\/v2\/media?parent=6534"}],"wp:term":[{"taxonomy":"product_brand","embeddable":true,"href":"https:\/\/yotavis.ch\/de\/wp-json\/wp\/v2\/product_brand?post=6534"},{"taxonomy":"product_cat","embeddable":true,"href":"https:\/\/yotavis.ch\/de\/wp-json\/wp\/v2\/product_cat?post=6534"},{"taxonomy":"product_tag","embeddable":true,"href":"https:\/\/yotavis.ch\/de\/wp-json\/wp\/v2\/product_tag?post=6534"}],"curies":[{"name":"wp","href":"https:\/\/api.w.org\/{rel}","templated":true}]}}