{"id":6535,"date":"2025-10-09T00:00:00","date_gmt":"2025-10-08T22:00:00","guid":{"rendered":"https:\/\/yotavis.ch\/product\/pav10-72-with-lan\/"},"modified":"2026-04-24T13:33:41","modified_gmt":"2026-04-24T11:33:41","slug":"pav10-72-with-lan","status":"publish","type":"product","link":"https:\/\/yotavis.ch\/de\/produkt\/pav10-72-with-lan\/","title":{"rendered":"PAV10-72 WITH LAN"},"content":{"rendered":"<p>Das Kikusui PAV10-72 WITH LAN ist ein intelligentes, variabel schaltbares Gleichstromnetzteil, das eine Ausgangsspannung von 0 bis 10 Volt und einen Strom von bis zu 72 Ampere liefern kann. Es verf\u00fcgt \u00fcber einen einzigen Ausgangskanal, der eine maximale Leistung von 800 Watt liefern kann. Dieses Netzteil unterst\u00fctzt eine Fernsteuerungsfunktion, die eine bequeme Bedienung und Integration in automatisierte Systeme erm\u00f6glicht. Das Ger\u00e4t ist f\u00fcr pr\u00e4zise Spannungs- und Stromanforderungen ausgelegt und eignet sich daher f\u00fcr verschiedene Anwendungen, die eine stabile und einstellbare Gleichstromversorgung erfordern. Sein Design betont Flexibilit\u00e4t und Kontrolle mit der M\u00f6glichkeit, Ausgangsparameter effizient zu schalten. Die integrierte LAN-Konnektivit\u00e4t bietet verbesserte Kommunikationsm\u00f6glichkeiten f\u00fcr die Fern\u00fcberwachung und -steuerung. Insgesamt kombiniert das PAV10-72 WITH LAN hohe Stromkapazit\u00e4t mit intelligenten Steuerungsfunktionen in einem kompakten Formfaktor.<\/p>","protected":false},"excerpt":{"rendered":"<p>Intelligentes, variabel schaltbares DC-Netzteil, 0 bis 10V \/ 0 bis 72A<\/p>","protected":false},"featured_media":7673,"comment_status":"closed","ping_status":"closed","template":"","meta":{"_acf_changed":false,"slim_seo":{"title":"PAV10-72 WITH LAN - YOTAVIS AG","description":"Intelligentes, variabel schaltbares DC-Netzteil, 0 bis 10V \/ 0 bis 72A"}},"product_brand":[551],"product_cat":[516,515],"product_tag":[],"class_list":{"0":"post-6535","1":"product","2":"type-product","3":"status-publish","4":"has-post-thumbnail","6":"product_brand-kikusui","7":"product_cat-dc-source-en","8":"product_cat-power-en","9":"pa_current-a-491","10":"pa_output-number-146","11":"pa_power-w-556","12":"pa_remote-control-yes","13":"pa_voltage-v-572","15":"first","16":"instock","17":"taxable","18":"shipping-taxable","19":"purchasable","20":"product-type-simple"},"acf":[],"_links":{"self":[{"href":"https:\/\/yotavis.ch\/de\/wp-json\/wp\/v2\/product\/6535","targetHints":{"allow":["GET"]}}],"collection":[{"href":"https:\/\/yotavis.ch\/de\/wp-json\/wp\/v2\/product"}],"about":[{"href":"https:\/\/yotavis.ch\/de\/wp-json\/wp\/v2\/types\/product"}],"replies":[{"embeddable":true,"href":"https:\/\/yotavis.ch\/de\/wp-json\/wp\/v2\/comments?post=6535"}],"wp:featuredmedia":[{"embeddable":true,"href":"https:\/\/yotavis.ch\/de\/wp-json\/wp\/v2\/media\/7673"}],"wp:attachment":[{"href":"https:\/\/yotavis.ch\/de\/wp-json\/wp\/v2\/media?parent=6535"}],"wp:term":[{"taxonomy":"product_brand","embeddable":true,"href":"https:\/\/yotavis.ch\/de\/wp-json\/wp\/v2\/product_brand?post=6535"},{"taxonomy":"product_cat","embeddable":true,"href":"https:\/\/yotavis.ch\/de\/wp-json\/wp\/v2\/product_cat?post=6535"},{"taxonomy":"product_tag","embeddable":true,"href":"https:\/\/yotavis.ch\/de\/wp-json\/wp\/v2\/product_tag?post=6535"}],"curies":[{"name":"wp","href":"https:\/\/api.w.org\/{rel}","templated":true}]}}