{"id":6544,"date":"2025-10-09T00:00:00","date_gmt":"2025-10-08T22:00:00","guid":{"rendered":"https:\/\/yotavis.ch\/product\/pmx18-5a\/"},"modified":"2026-04-24T13:33:46","modified_gmt":"2026-04-24T11:33:46","slug":"pmx18-5a","status":"publish","type":"product","link":"https:\/\/yotavis.ch\/de\/produkt\/pmx18-5a\/","title":{"rendered":"PMX18-5A"},"content":{"rendered":"<p>Das PMX18-5A von Kikusui ist ein kompaktes DC-Netzteil mit einem Spannungsbereich von 0 bis 18 Volt und einem Strombereich von 0 bis 5 Ampere. Es bietet einen einzigen Ausgangskanal mit einer Leistung von 90 Watt. Dieses Modell unterst\u00fctzt die Betriebsarten Konstantspannung (CV) und Konstantstrom (CC) und erm\u00f6glicht so eine vielseitige Leistungsabgabe. Es verf\u00fcgt \u00fcber eine Fernsteuerungsfunktion, die den Betrieb \u00fcber LAN (LXI), USB- oder RS232C-Schnittstellen erm\u00f6glicht. Das Ger\u00e4t ist so konzipiert, dass es ein pr\u00e4zises und zuverl\u00e4ssiges Stromversorgungsmanagement in verschiedenen Anwendungen erm\u00f6glicht. Seine Anschlussm\u00f6glichkeiten gew\u00e4hrleisten die Kompatibilit\u00e4t mit verschiedenen Steuerungssystemen und -konfigurationen. Der PMX18-5A vereint wesentliche Funktionen in einem kompakten Formfaktor, der f\u00fcr den Bedarf an geregelten Stromversorgungen geeignet ist.<\/p>","protected":false},"excerpt":{"rendered":"<p>Kompaktes DC-Netzteil (CV\/CC), 0 bis 18V\/0 bis 5A, LAN(LXI)\/USB\/RS232C<\/p>","protected":false},"featured_media":7682,"comment_status":"closed","ping_status":"closed","template":"","meta":{"_acf_changed":false,"slim_seo":{"title":"PMX18-5A - YOTAVIS AG","description":"Kompaktes DC-Netzteil (CV\/CC), 0 bis 18V\/0 bis 5A, LAN(LXI)\/USB\/RS232C"}},"product_brand":[551],"product_cat":[516,515],"product_tag":[],"class_list":{"0":"post-6544","1":"product","2":"type-product","3":"status-publish","4":"has-post-thumbnail","6":"product_brand-kikusui","7":"product_cat-dc-source-en","8":"product_cat-power-en","9":"pa_current-a-392","10":"pa_output-number-146","11":"pa_power-w-590","12":"pa_remote-control-yes","13":"pa_voltage-v-589","15":"first","16":"instock","17":"taxable","18":"shipping-taxable","19":"purchasable","20":"product-type-simple"},"acf":[],"_links":{"self":[{"href":"https:\/\/yotavis.ch\/de\/wp-json\/wp\/v2\/product\/6544","targetHints":{"allow":["GET"]}}],"collection":[{"href":"https:\/\/yotavis.ch\/de\/wp-json\/wp\/v2\/product"}],"about":[{"href":"https:\/\/yotavis.ch\/de\/wp-json\/wp\/v2\/types\/product"}],"replies":[{"embeddable":true,"href":"https:\/\/yotavis.ch\/de\/wp-json\/wp\/v2\/comments?post=6544"}],"wp:featuredmedia":[{"embeddable":true,"href":"https:\/\/yotavis.ch\/de\/wp-json\/wp\/v2\/media\/7682"}],"wp:attachment":[{"href":"https:\/\/yotavis.ch\/de\/wp-json\/wp\/v2\/media?parent=6544"}],"wp:term":[{"taxonomy":"product_brand","embeddable":true,"href":"https:\/\/yotavis.ch\/de\/wp-json\/wp\/v2\/product_brand?post=6544"},{"taxonomy":"product_cat","embeddable":true,"href":"https:\/\/yotavis.ch\/de\/wp-json\/wp\/v2\/product_cat?post=6544"},{"taxonomy":"product_tag","embeddable":true,"href":"https:\/\/yotavis.ch\/de\/wp-json\/wp\/v2\/product_tag?post=6544"}],"curies":[{"name":"wp","href":"https:\/\/api.w.org\/{rel}","templated":true}]}}