{"id":6545,"date":"2025-10-09T00:00:00","date_gmt":"2025-10-08T22:00:00","guid":{"rendered":"https:\/\/yotavis.ch\/product\/pmx35-1a\/"},"modified":"2026-04-24T13:33:46","modified_gmt":"2026-04-24T11:33:46","slug":"pmx35-1a","status":"publish","type":"product","link":"https:\/\/yotavis.ch\/de\/produkt\/pmx35-1a\/","title":{"rendered":"PMX35-1A"},"content":{"rendered":"<p>Das PMX35-1A von Kikusui ist ein kompaktes Gleichstrom-Netzteil mit einem Spannungsbereich von 0 bis 35 Volt und einem Strombereich von 0 bis 1 Ampere, das eine maximale Ausgangsleistung von 35 Watt liefert. Es verf\u00fcgt \u00fcber einen einzigen Ausgangskanal und unterst\u00fctzt die Fernsteuerungsfunktionalit\u00e4t, was einen bequemen Betrieb in verschiedenen Konstellationen erm\u00f6glicht. Zu den Anschlussm\u00f6glichkeiten geh\u00f6ren LAN- (LXI), USB- und RS232C-Schnittstellen, die eine flexible Integration in verschiedene Systeme erm\u00f6glichen. Dieses Netzteil ist f\u00fcr die Betriebsarten Konstantspannung (CV) und Konstantstrom (CC) ausgelegt und eignet sich damit f\u00fcr Anwendungen, die eine pr\u00e4zise Leistungsregelung erfordern. Das kompakte Design des Ger\u00e4ts erm\u00f6glicht eine einfache Platzierung auf begrenztem Raum bei gleichzeitiger zuverl\u00e4ssiger Leistung. Durch die Kombination von Spannungs-, Strom- und Leistungsspezifikationen ist es f\u00fcr eine Reihe von Test- und Entwicklungsaufgaben geeignet, bei denen eine kontrollierte Gleichstromversorgung erforderlich ist.<\/p>","protected":false},"excerpt":{"rendered":"<p>Kompaktes DC-Netzteil (CV\/CC), 0 bis 35V\/0 bis 1A, LAN(LXI)\/USB\/RS232C<\/p>","protected":false},"featured_media":7682,"comment_status":"closed","ping_status":"closed","template":"","meta":{"_acf_changed":false,"slim_seo":{"title":"PMX35-1A - YOTAVIS AG","description":"Kompaktes DC-Netzteil (CV\/CC), 0 bis 35V\/0 bis 1A, LAN(LXI)\/USB\/RS232C"}},"product_brand":[551],"product_cat":[516,515],"product_tag":[],"class_list":{"0":"post-6545","1":"product","2":"type-product","3":"status-publish","4":"has-post-thumbnail","6":"product_brand-kikusui","7":"product_cat-dc-source-en","8":"product_cat-power-en","9":"pa_current-a-482","10":"pa_output-number-146","11":"pa_power-w-591","12":"pa_remote-control-yes","13":"pa_voltage-v-592","15":"first","16":"instock","17":"taxable","18":"shipping-taxable","19":"purchasable","20":"product-type-simple"},"acf":[],"_links":{"self":[{"href":"https:\/\/yotavis.ch\/de\/wp-json\/wp\/v2\/product\/6545","targetHints":{"allow":["GET"]}}],"collection":[{"href":"https:\/\/yotavis.ch\/de\/wp-json\/wp\/v2\/product"}],"about":[{"href":"https:\/\/yotavis.ch\/de\/wp-json\/wp\/v2\/types\/product"}],"replies":[{"embeddable":true,"href":"https:\/\/yotavis.ch\/de\/wp-json\/wp\/v2\/comments?post=6545"}],"wp:featuredmedia":[{"embeddable":true,"href":"https:\/\/yotavis.ch\/de\/wp-json\/wp\/v2\/media\/7682"}],"wp:attachment":[{"href":"https:\/\/yotavis.ch\/de\/wp-json\/wp\/v2\/media?parent=6545"}],"wp:term":[{"taxonomy":"product_brand","embeddable":true,"href":"https:\/\/yotavis.ch\/de\/wp-json\/wp\/v2\/product_brand?post=6545"},{"taxonomy":"product_cat","embeddable":true,"href":"https:\/\/yotavis.ch\/de\/wp-json\/wp\/v2\/product_cat?post=6545"},{"taxonomy":"product_tag","embeddable":true,"href":"https:\/\/yotavis.ch\/de\/wp-json\/wp\/v2\/product_tag?post=6545"}],"curies":[{"name":"wp","href":"https:\/\/api.w.org\/{rel}","templated":true}]}}