{"id":6546,"date":"2025-10-09T00:00:00","date_gmt":"2025-10-08T22:00:00","guid":{"rendered":"https:\/\/yotavis.ch\/product\/pmx35-3a\/"},"modified":"2026-04-24T13:33:46","modified_gmt":"2026-04-24T11:33:46","slug":"pmx35-3a","status":"publish","type":"product","link":"https:\/\/yotavis.ch\/de\/produkt\/pmx35-3a\/","title":{"rendered":"PMX35-3A"},"content":{"rendered":"<p>Das PMX35-3A von Kikusui ist ein kompaktes DC-Netzteil, das einen Spannungsbereich von 0 bis 35 Volt und einen Strombereich von 0 bis 3 Ampere liefert. Es verf\u00fcgt \u00fcber einen einzigen Ausgangskanal und eignet sich daher f\u00fcr Anwendungen, die eine pr\u00e4zise Spannungs- und Stromregelung erfordern. Das Netzteil unterst\u00fctzt die Betriebsarten Konstantspannung (CV) und Konstantstrom (CC) und erm\u00f6glicht so einen vielseitigen Betrieb je nach Lastanforderungen. Mit einer Nennleistung von 105 Watt bietet es ausreichend Kapazit\u00e4t f\u00fcr verschiedene Test- und Entwicklungsaufgaben. Das Ger\u00e4t ist fernsteuerbar und kann \u00fcber LAN (LXI), USB- oder RS232C-Schnittstellen bedient werden. Diese Konnektivit\u00e4t erleichtert die Integration in automatisierte Testsysteme und Fern\u00fcberwachungs-Setups. Der PMX35-3A bietet zuverl\u00e4ssige Leistung in einem kompakten Formfaktor, was ihn zu einer praktischen Wahl f\u00fcr Labor- und Industrieumgebungen macht.<\/p>","protected":false},"excerpt":{"rendered":"<p>Kompaktes DC-Netzteil (CV\/CC), 0 bis 35V\/0 bis 3A, LAN(LXI)\/USB\/RS232C<\/p>","protected":false},"featured_media":7682,"comment_status":"closed","ping_status":"closed","template":"","meta":{"_acf_changed":false,"slim_seo":{"title":"PMX35-3A - YOTAVIS AG","description":"Kompaktes DC-Netzteil (CV\/CC), 0 bis 35V\/0 bis 3A, LAN(LXI)\/USB\/RS232C"}},"product_brand":[551],"product_cat":[516,515],"product_tag":[],"class_list":{"0":"post-6546","1":"product","2":"type-product","3":"status-publish","4":"has-post-thumbnail","6":"product_brand-kikusui","7":"product_cat-dc-source-en","8":"product_cat-power-en","9":"pa_current-a-485","10":"pa_output-number-146","11":"pa_power-w-593","12":"pa_remote-control-yes","13":"pa_voltage-v-592","15":"first","16":"instock","17":"taxable","18":"shipping-taxable","19":"purchasable","20":"product-type-simple"},"acf":[],"_links":{"self":[{"href":"https:\/\/yotavis.ch\/de\/wp-json\/wp\/v2\/product\/6546","targetHints":{"allow":["GET"]}}],"collection":[{"href":"https:\/\/yotavis.ch\/de\/wp-json\/wp\/v2\/product"}],"about":[{"href":"https:\/\/yotavis.ch\/de\/wp-json\/wp\/v2\/types\/product"}],"replies":[{"embeddable":true,"href":"https:\/\/yotavis.ch\/de\/wp-json\/wp\/v2\/comments?post=6546"}],"wp:featuredmedia":[{"embeddable":true,"href":"https:\/\/yotavis.ch\/de\/wp-json\/wp\/v2\/media\/7682"}],"wp:attachment":[{"href":"https:\/\/yotavis.ch\/de\/wp-json\/wp\/v2\/media?parent=6546"}],"wp:term":[{"taxonomy":"product_brand","embeddable":true,"href":"https:\/\/yotavis.ch\/de\/wp-json\/wp\/v2\/product_brand?post=6546"},{"taxonomy":"product_cat","embeddable":true,"href":"https:\/\/yotavis.ch\/de\/wp-json\/wp\/v2\/product_cat?post=6546"},{"taxonomy":"product_tag","embeddable":true,"href":"https:\/\/yotavis.ch\/de\/wp-json\/wp\/v2\/product_tag?post=6546"}],"curies":[{"name":"wp","href":"https:\/\/api.w.org\/{rel}","templated":true}]}}