{"id":6547,"date":"2025-10-09T00:00:00","date_gmt":"2025-10-08T22:00:00","guid":{"rendered":"https:\/\/yotavis.ch\/product\/pmx70-1a\/"},"modified":"2026-04-24T13:33:47","modified_gmt":"2026-04-24T11:33:47","slug":"pmx70-1a","status":"publish","type":"product","link":"https:\/\/yotavis.ch\/de\/produkt\/pmx70-1a\/","title":{"rendered":"PMX70-1A"},"content":{"rendered":"<p>Das PMX70-1A von Kikusui ist ein kompaktes Gleichstromnetzteil, das einen Spannungsbereich von 0 bis 70 Volt und einen Strombereich von 0 bis 1 Ampere mit einer Gesamtausgangsleistung von 70 Watt liefert. Es verf\u00fcgt \u00fcber einen einzigen Ausgangskanal und eignet sich daher f\u00fcr Anwendungen, die eine pr\u00e4zise Steuerung von Spannung und Strom erfordern. Das Ger\u00e4t unterst\u00fctzt die Betriebsarten Konstantspannung (CV) und Konstantstrom (CC) und erm\u00f6glicht so vielseitige Stromversorgungskonfigurationen. Das Ger\u00e4t verf\u00fcgt \u00fcber Fernsteuerungsfunktionen, die den Betrieb \u00fcber LAN (LXI), USB- oder RS232C-Schnittstellen erm\u00f6glichen. Diese Konnektivit\u00e4t erleichtert die Integration in automatisierte Testsysteme und Fern\u00fcberwachungseinrichtungen. Das kompakte Design des Netzteils sorgt daf\u00fcr, dass es in verschiedene Arbeitsumgebungen passt, ohne \u00fcberm\u00e4\u00dfig viel Platz zu beanspruchen. Durch die Kombination von Spannungs-, Strom- und Leistungsspezifikationen eignet es sich f\u00fcr eine Reihe von elektronischen Test- und Entwicklungsaufgaben.<\/p>","protected":false},"excerpt":{"rendered":"<p>Kompaktes DC-Netzteil (CV\/CC), 0 bis 70V\/0 bis 1A, LAN(LXI)\/USB\/RS232C<\/p>","protected":false},"featured_media":7683,"comment_status":"closed","ping_status":"closed","template":"","meta":{"_acf_changed":false,"slim_seo":{"title":"PMX70-1A - YOTAVIS AG","description":"Kompaktes DC-Netzteil (CV\/CC), 0 bis 70V\/0 bis 1A, LAN(LXI)\/USB\/RS232C"}},"product_brand":[551],"product_cat":[516,515],"product_tag":[],"class_list":{"0":"post-6547","1":"product","2":"type-product","3":"status-publish","4":"has-post-thumbnail","6":"product_brand-kikusui","7":"product_cat-dc-source-en","8":"product_cat-power-en","9":"pa_current-a-482","10":"pa_output-number-146","11":"pa_power-w-594","12":"pa_remote-control-yes","13":"pa_voltage-v-595","15":"first","16":"instock","17":"taxable","18":"shipping-taxable","19":"purchasable","20":"product-type-simple"},"acf":[],"_links":{"self":[{"href":"https:\/\/yotavis.ch\/de\/wp-json\/wp\/v2\/product\/6547","targetHints":{"allow":["GET"]}}],"collection":[{"href":"https:\/\/yotavis.ch\/de\/wp-json\/wp\/v2\/product"}],"about":[{"href":"https:\/\/yotavis.ch\/de\/wp-json\/wp\/v2\/types\/product"}],"replies":[{"embeddable":true,"href":"https:\/\/yotavis.ch\/de\/wp-json\/wp\/v2\/comments?post=6547"}],"wp:featuredmedia":[{"embeddable":true,"href":"https:\/\/yotavis.ch\/de\/wp-json\/wp\/v2\/media\/7683"}],"wp:attachment":[{"href":"https:\/\/yotavis.ch\/de\/wp-json\/wp\/v2\/media?parent=6547"}],"wp:term":[{"taxonomy":"product_brand","embeddable":true,"href":"https:\/\/yotavis.ch\/de\/wp-json\/wp\/v2\/product_brand?post=6547"},{"taxonomy":"product_cat","embeddable":true,"href":"https:\/\/yotavis.ch\/de\/wp-json\/wp\/v2\/product_cat?post=6547"},{"taxonomy":"product_tag","embeddable":true,"href":"https:\/\/yotavis.ch\/de\/wp-json\/wp\/v2\/product_tag?post=6547"}],"curies":[{"name":"wp","href":"https:\/\/api.w.org\/{rel}","templated":true}]}}