{"id":6551,"date":"2025-10-09T00:00:00","date_gmt":"2025-10-08T22:00:00","guid":{"rendered":"https:\/\/yotavis.ch\/product\/pmx500-0-1a\/"},"modified":"2026-04-24T13:33:48","modified_gmt":"2026-04-24T11:33:48","slug":"pmx500-0-1a","status":"publish","type":"product","link":"https:\/\/yotavis.ch\/de\/produkt\/pmx500-0-1a\/","title":{"rendered":"PMX500-0.1A"},"content":{"rendered":"<p>Das Kikusui PMX500-0.1A ist ein kompaktes DC-Netzteil mit einem Spannungsbereich von 0 bis 500V und einem Strombereich von 0 bis 0,1A. Es verf\u00fcgt \u00fcber einen einzigen Ausgangskanal und unterst\u00fctzt die Fernsteuerungsfunktionalit\u00e4t, was einen bequemen Betrieb in verschiedenen Setups erm\u00f6glicht. Das Netzteil liefert eine Leistung von bis zu 50 Watt und eignet sich damit f\u00fcr Anwendungen, die eine pr\u00e4zise Spannungs- und Stromregelung erfordern. Zu den Anschlussm\u00f6glichkeiten geh\u00f6ren LAN- (LXI), USB- und RS232C-Schnittstellen, die eine flexible Integration in verschiedene Systeme und Ger\u00e4te erm\u00f6glichen. Das Ger\u00e4t ist f\u00fcr die Betriebsarten Konstantspannung (CV) und Konstantstrom (CC) ausgelegt und gew\u00e4hrleistet einen stabilen Ausgang bei unterschiedlichen Lastbedingungen. Sein kompaktes Design erm\u00f6glicht eine einfache Platzierung bei begrenztem Platzangebot und gew\u00e4hrleistet gleichzeitig eine zuverl\u00e4ssige Leistung. Dieses Modell ist auf Anwender zugeschnitten, die genaue und steuerbare DC-Stromquellen mit mehreren Kommunikationsoptionen ben\u00f6tigen.<\/p>","protected":false},"excerpt":{"rendered":"<p>Kompaktes DC-Netzteil (CV\/CC), 0 bis 500V\/0 bis 0,1A, LAN(LXI)\/USB\/RS232C<\/p>","protected":false},"featured_media":7683,"comment_status":"closed","ping_status":"closed","template":"","meta":{"_acf_changed":false,"slim_seo":{"title":"PMX500-0.1A - YOTAVIS AG","description":"Kompaktes DC-Netzteil (CV\/CC), 0 bis 500V\/0 bis 0,1A, LAN(LXI)\/USB\/RS232C"}},"product_brand":[551],"product_cat":[516,515],"product_tag":[],"class_list":{"0":"post-6551","1":"product","2":"type-product","3":"status-publish","4":"has-post-thumbnail","6":"product_brand-kikusui","7":"product_cat-dc-source-en","8":"product_cat-power-en","9":"pa_current-a-0-1","10":"pa_output-number-146","11":"pa_power-w-603","12":"pa_remote-control-yes","13":"pa_voltage-v-604","15":"first","16":"instock","17":"taxable","18":"shipping-taxable","19":"purchasable","20":"product-type-simple"},"acf":[],"_links":{"self":[{"href":"https:\/\/yotavis.ch\/de\/wp-json\/wp\/v2\/product\/6551","targetHints":{"allow":["GET"]}}],"collection":[{"href":"https:\/\/yotavis.ch\/de\/wp-json\/wp\/v2\/product"}],"about":[{"href":"https:\/\/yotavis.ch\/de\/wp-json\/wp\/v2\/types\/product"}],"replies":[{"embeddable":true,"href":"https:\/\/yotavis.ch\/de\/wp-json\/wp\/v2\/comments?post=6551"}],"wp:featuredmedia":[{"embeddable":true,"href":"https:\/\/yotavis.ch\/de\/wp-json\/wp\/v2\/media\/7683"}],"wp:attachment":[{"href":"https:\/\/yotavis.ch\/de\/wp-json\/wp\/v2\/media?parent=6551"}],"wp:term":[{"taxonomy":"product_brand","embeddable":true,"href":"https:\/\/yotavis.ch\/de\/wp-json\/wp\/v2\/product_brand?post=6551"},{"taxonomy":"product_cat","embeddable":true,"href":"https:\/\/yotavis.ch\/de\/wp-json\/wp\/v2\/product_cat?post=6551"},{"taxonomy":"product_tag","embeddable":true,"href":"https:\/\/yotavis.ch\/de\/wp-json\/wp\/v2\/product_tag?post=6551"}],"curies":[{"name":"wp","href":"https:\/\/api.w.org\/{rel}","templated":true}]}}