{"id":6553,"date":"2025-10-09T00:00:00","date_gmt":"2025-10-08T22:00:00","guid":{"rendered":"https:\/\/yotavis.ch\/product\/pmx32-3tr-234v\/"},"modified":"2026-04-24T13:33:49","modified_gmt":"2026-04-24T11:33:49","slug":"pmx32-3tr-234v","status":"publish","type":"product","link":"https:\/\/yotavis.ch\/de\/produkt\/pmx32-3tr-234v\/","title":{"rendered":"PMX32-3TR 234V"},"content":{"rendered":"<p>Das PMX32-3TR 234V von Kikusui ist ein kompaktes DC-Netzteil mit mehreren Ausg\u00e4ngen und drei Kan\u00e4len mit den Ausgangsspezifikationen 32V\/3A, 32V\/3A und 6V\/5A. Es liefert eine Gesamtausgangsleistung von 200 Watt und eignet sich damit f\u00fcr verschiedene Anwendungen, die mehrere Spannungs- und Strompegel gleichzeitig ben\u00f6tigen. Das Ger\u00e4t unterst\u00fctzt eine Fernsteuerungsfunktion, die eine bequeme Bedienung und Integration in automatisierte Testsysteme erm\u00f6glicht. Jeder Kanal kann eine maximale Spannung von 32 Volt und einen maximalen Strom von 3 Ampere liefern, mit Ausnahme des dritten Kanals, der 6 Volt bei 5 Ampere bietet. Diese Konfiguration erm\u00f6glicht eine pr\u00e4zise, auf verschiedene Komponenten oder Schaltungen zugeschnittene Stromversorgung. Das Netzteil ist so konzipiert, dass es mehrere Ausg\u00e4nge in einem kompakten Formfaktor effizient verwalten kann. Die F\u00e4higkeit, drei separate Ausg\u00e4nge mit unterschiedlichen Spannungs- und Stromwerten zu verwalten, macht es vielseitig f\u00fcr Labor- oder Produktionsumgebungen, in denen Platz und Funktionalit\u00e4t kritische Faktoren sind.<\/p>","protected":false},"excerpt":{"rendered":"<p>Kompakte DC-Stromversorgung mit mehreren Ausg\u00e4ngen 3CH, 32V\/3A, 32V\/3A, 6V\/5A<\/p>","protected":false},"featured_media":7687,"comment_status":"closed","ping_status":"closed","template":"","meta":{"_acf_changed":false,"slim_seo":{"title":"PMX32-3TR 234V - YOTAVIS AG","description":"Kompakte DC-Stromversorgung mit mehreren Ausg\u00e4ngen 3CH, 32V\/3A, 32V\/3A, 6V\/5A"}},"product_brand":[551],"product_cat":[516,515],"product_tag":[],"class_list":{"0":"post-6553","1":"product","2":"type-product","3":"status-publish","4":"has-post-thumbnail","6":"product_brand-kikusui","7":"product_cat-dc-source-en","8":"product_cat-power-en","9":"pa_current-a-485","10":"pa_output-number-141","11":"pa_power-w-414","12":"pa_remote-control-yes","13":"pa_voltage-v-140","15":"first","16":"instock","17":"taxable","18":"shipping-taxable","19":"purchasable","20":"product-type-simple"},"acf":[],"_links":{"self":[{"href":"https:\/\/yotavis.ch\/de\/wp-json\/wp\/v2\/product\/6553","targetHints":{"allow":["GET"]}}],"collection":[{"href":"https:\/\/yotavis.ch\/de\/wp-json\/wp\/v2\/product"}],"about":[{"href":"https:\/\/yotavis.ch\/de\/wp-json\/wp\/v2\/types\/product"}],"replies":[{"embeddable":true,"href":"https:\/\/yotavis.ch\/de\/wp-json\/wp\/v2\/comments?post=6553"}],"wp:featuredmedia":[{"embeddable":true,"href":"https:\/\/yotavis.ch\/de\/wp-json\/wp\/v2\/media\/7687"}],"wp:attachment":[{"href":"https:\/\/yotavis.ch\/de\/wp-json\/wp\/v2\/media?parent=6553"}],"wp:term":[{"taxonomy":"product_brand","embeddable":true,"href":"https:\/\/yotavis.ch\/de\/wp-json\/wp\/v2\/product_brand?post=6553"},{"taxonomy":"product_cat","embeddable":true,"href":"https:\/\/yotavis.ch\/de\/wp-json\/wp\/v2\/product_cat?post=6553"},{"taxonomy":"product_tag","embeddable":true,"href":"https:\/\/yotavis.ch\/de\/wp-json\/wp\/v2\/product_tag?post=6553"}],"curies":[{"name":"wp","href":"https:\/\/api.w.org\/{rel}","templated":true}]}}