{"id":6554,"date":"2025-10-09T00:00:00","date_gmt":"2025-10-08T22:00:00","guid":{"rendered":"https:\/\/yotavis.ch\/product\/pmx32-2qu-234v\/"},"modified":"2026-04-24T13:33:49","modified_gmt":"2026-04-24T11:33:49","slug":"pmx32-2qu-234v","status":"publish","type":"product","link":"https:\/\/yotavis.ch\/de\/produkt\/pmx32-2qu-234v\/","title":{"rendered":"PMX32-2QU 234V"},"content":{"rendered":"<p>Das PMX32-2QU 234V von Kikusui ist ein kompaktes DC-Netzteil mit mehreren Ausg\u00e4ngen und vier Kan\u00e4len mit den Ausgangsspezifikationen 32V\/2A, 32V\/2A, 18V\/2,5A und 18V\/2,5A. Es liefert eine Gesamtausgangsleistung von 200 Watt und unterst\u00fctzt eine maximale Spannung von 32 Volt und einen Strom von 2 Ampere auf seinen Prim\u00e4rkan\u00e4len. Dieses Netzteil ist so konzipiert, dass es mehrere Spannungs- und Stromst\u00e4rken gleichzeitig liefern kann, wodurch es sich f\u00fcr Anwendungen eignet, die unterschiedliche Leistungsanforderungen stellen. Das Ger\u00e4t verf\u00fcgt \u00fcber eine Fernsteuerungsfunktion, die eine bequeme Bedienung und Integration in automatisierte Systeme erm\u00f6glicht. Sein Design betont die Vielseitigkeit mit vier verschiedenen Ausg\u00e4ngen, die es dem Benutzer erm\u00f6glichen, mehrere Ger\u00e4te oder Schaltkreise gleichzeitig zu versorgen. Das PMX32-2QU 234V wurde entwickelt, um verschiedene Pr\u00fcf- und Entwicklungsanforderungen zu erf\u00fcllen, bei denen eine pr\u00e4zise und zuverl\u00e4ssige Gleichstromversorgung erforderlich ist.<\/p>","protected":false},"excerpt":{"rendered":"<p>Kompakte DC-Stromversorgung mit mehreren Ausg\u00e4ngen 4CH, 32V\/2A, 32V\/2A, 18V\/2,5A, 18V\/2,5A<\/p>","protected":false},"featured_media":7688,"comment_status":"closed","ping_status":"closed","template":"","meta":{"_acf_changed":false,"slim_seo":{"title":"PMX32-2QU 234V - YOTAVIS AG","description":"Kompakte DC-Stromversorgung mit mehreren Ausg\u00e4ngen 4CH, 32V\/2A, 32V\/2A, 18V\/2,5A, 18V\/2,5A"}},"product_brand":[551],"product_cat":[516,515],"product_tag":[],"class_list":{"0":"post-6554","1":"product","2":"type-product","3":"status-publish","4":"has-post-thumbnail","6":"product_brand-kikusui","7":"product_cat-dc-source-en","8":"product_cat-power-en","9":"pa_current-a-573","10":"pa_output-number-148","11":"pa_power-w-414","12":"pa_remote-control-yes","13":"pa_voltage-v-140","15":"first","16":"instock","17":"taxable","18":"shipping-taxable","19":"purchasable","20":"product-type-simple"},"acf":[],"_links":{"self":[{"href":"https:\/\/yotavis.ch\/de\/wp-json\/wp\/v2\/product\/6554","targetHints":{"allow":["GET"]}}],"collection":[{"href":"https:\/\/yotavis.ch\/de\/wp-json\/wp\/v2\/product"}],"about":[{"href":"https:\/\/yotavis.ch\/de\/wp-json\/wp\/v2\/types\/product"}],"replies":[{"embeddable":true,"href":"https:\/\/yotavis.ch\/de\/wp-json\/wp\/v2\/comments?post=6554"}],"wp:featuredmedia":[{"embeddable":true,"href":"https:\/\/yotavis.ch\/de\/wp-json\/wp\/v2\/media\/7688"}],"wp:attachment":[{"href":"https:\/\/yotavis.ch\/de\/wp-json\/wp\/v2\/media?parent=6554"}],"wp:term":[{"taxonomy":"product_brand","embeddable":true,"href":"https:\/\/yotavis.ch\/de\/wp-json\/wp\/v2\/product_brand?post=6554"},{"taxonomy":"product_cat","embeddable":true,"href":"https:\/\/yotavis.ch\/de\/wp-json\/wp\/v2\/product_cat?post=6554"},{"taxonomy":"product_tag","embeddable":true,"href":"https:\/\/yotavis.ch\/de\/wp-json\/wp\/v2\/product_tag?post=6554"}],"curies":[{"name":"wp","href":"https:\/\/api.w.org\/{rel}","templated":true}]}}